{"id":2494,"date":"2026-04-11T09:01:49","date_gmt":"2026-04-11T07:01:49","guid":{"rendered":"https:\/\/oldtimerworks.com\/?post_type=product&#038;p=2494"},"modified":"2026-04-14T10:09:54","modified_gmt":"2026-04-14T08:09:54","slug":"fuel-tank-neck-column-kdf","status":"publish","type":"product","link":"https:\/\/oldtimerworks.com\/en\/products\/fuel-tank-neck-column-kdf\/","title":{"rendered":"Fuel Tank Neck Column KdF"},"content":{"rendered":"<p>Fuel tank neck column for KdF type 82 K\u00fcbelwagen, type 166 Schwimmwagen.<\/p>\n<p>One piece are needed for type 82 K\u00fcbelwagen. Two pieces are needed for type 166 Schwimmwagen.<\/p>\n<p>Dichtring (f\u00fcr Kraftstoff beh\u00e4lter)<\/p>\n<p>Ersatz Nr. 20201557<\/p>\n","protected":false},"excerpt":{"rendered":"<p>Fuel tank neck column for KdF type 82 K\u00fcbelwagen, type 166 Schwimmwagen. One piece are needed for type 82 K\u00fcbelwagen. Two pieces are needed for type 166 Schwimmwagen. Dichtring (f\u00fcr Kraftstoff beh\u00e4lter) Ersatz Nr. 20201557<\/p>\n","protected":false},"featured_media":2495,"template":"","meta":[],"product_brand":[],"product_cat":[40,48,47,65,66],"product_tag":[],"class_list":{"0":"post-2494","1":"product","2":"type-product","3":"status-publish","4":"has-post-thumbnail","6":"product_cat-kdf","7":"product_cat-kdf-166","8":"product_cat-kdf-82","9":"product_cat-rubber-parts-kdf-166","10":"product_cat-rubber-parts-kdf-82","12":"first","13":"instock","14":"shipping-taxable","15":"purchasable","16":"product-type-simple"},"yoast_head":"<!-- This site is optimized with the Yoast SEO plugin v27.4 - https:\/\/yoast.com\/product\/yoast-seo-wordpress\/ -->\n<title>Fuel Tank Neck Column KdF - OldtimerWorks<\/title>\n<meta name=\"description\" content=\"Fuel tank neck column for KdF type 82 K\u00fcbelwagen, type 166 Schwimmwagen. Dichtring (f\u00fcr Kraftstoff beh\u00e4lter)\" \/>\n<meta name=\"robots\" content=\"index, follow, max-snippet:-1, max-image-preview:large, max-video-preview:-1\" \/>\n<link rel=\"canonical\" href=\"https:\/\/oldtimerworks.com\/en\/products\/fuel-tank-neck-column-kdf\/\" \/>\n<meta property=\"og:locale\" content=\"en_GB\" \/>\n<meta property=\"og:type\" content=\"article\" \/>\n<meta property=\"og:title\" content=\"Fuel Tank Neck Column KdF - OldtimerWorks\" \/>\n<meta property=\"og:description\" content=\"Fuel tank neck column for KdF type 82 K\u00fcbelwagen, type 166 Schwimmwagen. Dichtring (f\u00fcr Kraftstoff beh\u00e4lter)\" \/>\n<meta property=\"og:url\" content=\"https:\/\/oldtimerworks.com\/en\/products\/fuel-tank-neck-column-kdf\/\" \/>\n<meta property=\"og:site_name\" content=\"OldtimerWorks\" \/>\n<meta property=\"article:publisher\" content=\"https:\/\/www.facebook.com\/oldtimerworks\" \/>\n<meta property=\"article:modified_time\" content=\"2026-04-14T08:09:54+00:00\" \/>\n<meta property=\"og:image\" content=\"https:\/\/oldtimerworks.com\/wp-content\/uploads\/2026\/04\/20260410_174848-scaled.jpg\" \/>\n\t<meta property=\"og:image:width\" content=\"2560\" \/>\n\t<meta property=\"og:image:height\" content=\"1837\" \/>\n\t<meta property=\"og:image:type\" content=\"image\/jpeg\" \/>\n<meta name=\"twitter:card\" content=\"summary_large_image\" \/>\n<meta name=\"twitter:label1\" content=\"Estimated reading time\" \/>\n\t<meta name=\"twitter:data1\" content=\"1 minute\" \/>\n<script type=\"application\/ld+json\" class=\"yoast-schema-graph\">{\"@context\":\"https:\\\/\\\/schema.org\",\"@graph\":[{\"@type\":\"WebPage\",\"@id\":\"https:\\\/\\\/oldtimerworks.com\\\/products\\\/fuel-tank-neck-column-kdf\\\/\",\"url\":\"https:\\\/\\\/oldtimerworks.com\\\/products\\\/fuel-tank-neck-column-kdf\\\/\",\"name\":\"Fuel Tank Neck Column KdF - OldtimerWorks\",\"isPartOf\":{\"@id\":\"https:\\\/\\\/oldtimerworks.com\\\/cs\\\/#website\"},\"primaryImageOfPage\":{\"@id\":\"https:\\\/\\\/oldtimerworks.com\\\/products\\\/fuel-tank-neck-column-kdf\\\/#primaryimage\"},\"image\":{\"@id\":\"https:\\\/\\\/oldtimerworks.com\\\/products\\\/fuel-tank-neck-column-kdf\\\/#primaryimage\"},\"thumbnailUrl\":\"https:\\\/\\\/oldtimerworks.com\\\/wp-content\\\/uploads\\\/2026\\\/04\\\/20260410_174848-scaled.jpg\",\"datePublished\":\"2026-04-11T07:01:49+00:00\",\"dateModified\":\"2026-04-14T08:09:54+00:00\",\"description\":\"Fuel tank neck column for KdF type 82 K\u00fcbelwagen, type 166 Schwimmwagen. Dichtring (f\u00fcr Kraftstoff beh\u00e4lter)\",\"breadcrumb\":{\"@id\":\"https:\\\/\\\/oldtimerworks.com\\\/products\\\/fuel-tank-neck-column-kdf\\\/#breadcrumb\"},\"inLanguage\":\"en-GB\",\"potentialAction\":[{\"@type\":\"ReadAction\",\"target\":[\"https:\\\/\\\/oldtimerworks.com\\\/products\\\/fuel-tank-neck-column-kdf\\\/\"]}]},{\"@type\":\"ImageObject\",\"inLanguage\":\"en-GB\",\"@id\":\"https:\\\/\\\/oldtimerworks.com\\\/products\\\/fuel-tank-neck-column-kdf\\\/#primaryimage\",\"url\":\"https:\\\/\\\/oldtimerworks.com\\\/wp-content\\\/uploads\\\/2026\\\/04\\\/20260410_174848-scaled.jpg\",\"contentUrl\":\"https:\\\/\\\/oldtimerworks.com\\\/wp-content\\\/uploads\\\/2026\\\/04\\\/20260410_174848-scaled.jpg\",\"width\":2560,\"height\":1837},{\"@type\":\"BreadcrumbList\",\"@id\":\"https:\\\/\\\/oldtimerworks.com\\\/products\\\/fuel-tank-neck-column-kdf\\\/#breadcrumb\",\"itemListElement\":[{\"@type\":\"ListItem\",\"position\":1,\"name\":\"Home\",\"item\":\"https:\\\/\\\/oldtimerworks.com\\\/\"},{\"@type\":\"ListItem\",\"position\":2,\"name\":\"Products\",\"item\":\"https:\\\/\\\/oldtimerworks.com\\\/products\\\/\"},{\"@type\":\"ListItem\",\"position\":3,\"name\":\"Fuel Tank Neck Column KdF\"}]},{\"@type\":\"WebSite\",\"@id\":\"https:\\\/\\\/oldtimerworks.com\\\/cs\\\/#website\",\"url\":\"https:\\\/\\\/oldtimerworks.com\\\/cs\\\/\",\"name\":\"OldtimerWorks\",\"description\":\"E-Shop and Services\",\"publisher\":{\"@id\":\"https:\\\/\\\/oldtimerworks.com\\\/cs\\\/#organization\"},\"potentialAction\":[{\"@type\":\"SearchAction\",\"target\":{\"@type\":\"EntryPoint\",\"urlTemplate\":\"https:\\\/\\\/oldtimerworks.com\\\/cs\\\/?s={search_term_string}\"},\"query-input\":{\"@type\":\"PropertyValueSpecification\",\"valueRequired\":true,\"valueName\":\"search_term_string\"}}],\"inLanguage\":\"en-GB\"},{\"@type\":\"Organization\",\"@id\":\"https:\\\/\\\/oldtimerworks.com\\\/cs\\\/#organization\",\"name\":\"OldtimerWorks\",\"url\":\"https:\\\/\\\/oldtimerworks.com\\\/cs\\\/\",\"logo\":{\"@type\":\"ImageObject\",\"inLanguage\":\"en-GB\",\"@id\":\"https:\\\/\\\/oldtimerworks.com\\\/cs\\\/#\\\/schema\\\/logo\\\/image\\\/\",\"url\":\"https:\\\/\\\/oldtimerworks.com\\\/wp-content\\\/uploads\\\/2021\\\/03\\\/cropped-oldtimerworks.png\",\"contentUrl\":\"https:\\\/\\\/oldtimerworks.com\\\/wp-content\\\/uploads\\\/2021\\\/03\\\/cropped-oldtimerworks.png\",\"width\":512,\"height\":512,\"caption\":\"OldtimerWorks\"},\"image\":{\"@id\":\"https:\\\/\\\/oldtimerworks.com\\\/cs\\\/#\\\/schema\\\/logo\\\/image\\\/\"},\"sameAs\":[\"https:\\\/\\\/www.facebook.com\\\/oldtimerworks\"]}]}<\/script>\n<!-- \/ Yoast SEO plugin. -->","yoast_head_json":{"title":"Fuel Tank Neck Column KdF - OldtimerWorks","description":"Fuel tank neck column for KdF type 82 K\u00fcbelwagen, type 166 Schwimmwagen. Dichtring (f\u00fcr Kraftstoff beh\u00e4lter)","robots":{"index":"index","follow":"follow","max-snippet":"max-snippet:-1","max-image-preview":"max-image-preview:large","max-video-preview":"max-video-preview:-1"},"canonical":"https:\/\/oldtimerworks.com\/en\/products\/fuel-tank-neck-column-kdf\/","og_locale":"en_GB","og_type":"article","og_title":"Fuel Tank Neck Column KdF - OldtimerWorks","og_description":"Fuel tank neck column for KdF type 82 K\u00fcbelwagen, type 166 Schwimmwagen. Dichtring (f\u00fcr Kraftstoff beh\u00e4lter)","og_url":"https:\/\/oldtimerworks.com\/en\/products\/fuel-tank-neck-column-kdf\/","og_site_name":"OldtimerWorks","article_publisher":"https:\/\/www.facebook.com\/oldtimerworks","article_modified_time":"2026-04-14T08:09:54+00:00","og_image":[{"width":2560,"height":1837,"url":"https:\/\/oldtimerworks.com\/wp-content\/uploads\/2026\/04\/20260410_174848-scaled.jpg","type":"image\/jpeg"}],"twitter_card":"summary_large_image","twitter_misc":{"Estimated reading time":"1 minute"},"schema":{"@context":"https:\/\/schema.org","@graph":[{"@type":"WebPage","@id":"https:\/\/oldtimerworks.com\/products\/fuel-tank-neck-column-kdf\/","url":"https:\/\/oldtimerworks.com\/products\/fuel-tank-neck-column-kdf\/","name":"Fuel Tank Neck Column KdF - OldtimerWorks","isPartOf":{"@id":"https:\/\/oldtimerworks.com\/cs\/#website"},"primaryImageOfPage":{"@id":"https:\/\/oldtimerworks.com\/products\/fuel-tank-neck-column-kdf\/#primaryimage"},"image":{"@id":"https:\/\/oldtimerworks.com\/products\/fuel-tank-neck-column-kdf\/#primaryimage"},"thumbnailUrl":"https:\/\/oldtimerworks.com\/wp-content\/uploads\/2026\/04\/20260410_174848-scaled.jpg","datePublished":"2026-04-11T07:01:49+00:00","dateModified":"2026-04-14T08:09:54+00:00","description":"Fuel tank neck column for KdF type 82 K\u00fcbelwagen, type 166 Schwimmwagen. Dichtring (f\u00fcr Kraftstoff beh\u00e4lter)","breadcrumb":{"@id":"https:\/\/oldtimerworks.com\/products\/fuel-tank-neck-column-kdf\/#breadcrumb"},"inLanguage":"en-GB","potentialAction":[{"@type":"ReadAction","target":["https:\/\/oldtimerworks.com\/products\/fuel-tank-neck-column-kdf\/"]}]},{"@type":"ImageObject","inLanguage":"en-GB","@id":"https:\/\/oldtimerworks.com\/products\/fuel-tank-neck-column-kdf\/#primaryimage","url":"https:\/\/oldtimerworks.com\/wp-content\/uploads\/2026\/04\/20260410_174848-scaled.jpg","contentUrl":"https:\/\/oldtimerworks.com\/wp-content\/uploads\/2026\/04\/20260410_174848-scaled.jpg","width":2560,"height":1837},{"@type":"BreadcrumbList","@id":"https:\/\/oldtimerworks.com\/products\/fuel-tank-neck-column-kdf\/#breadcrumb","itemListElement":[{"@type":"ListItem","position":1,"name":"Home","item":"https:\/\/oldtimerworks.com\/"},{"@type":"ListItem","position":2,"name":"Products","item":"https:\/\/oldtimerworks.com\/products\/"},{"@type":"ListItem","position":3,"name":"Fuel Tank Neck Column KdF"}]},{"@type":"WebSite","@id":"https:\/\/oldtimerworks.com\/cs\/#website","url":"https:\/\/oldtimerworks.com\/cs\/","name":"OldtimerWorks","description":"E-Shop and Services","publisher":{"@id":"https:\/\/oldtimerworks.com\/cs\/#organization"},"potentialAction":[{"@type":"SearchAction","target":{"@type":"EntryPoint","urlTemplate":"https:\/\/oldtimerworks.com\/cs\/?s={search_term_string}"},"query-input":{"@type":"PropertyValueSpecification","valueRequired":true,"valueName":"search_term_string"}}],"inLanguage":"en-GB"},{"@type":"Organization","@id":"https:\/\/oldtimerworks.com\/cs\/#organization","name":"OldtimerWorks","url":"https:\/\/oldtimerworks.com\/cs\/","logo":{"@type":"ImageObject","inLanguage":"en-GB","@id":"https:\/\/oldtimerworks.com\/cs\/#\/schema\/logo\/image\/","url":"https:\/\/oldtimerworks.com\/wp-content\/uploads\/2021\/03\/cropped-oldtimerworks.png","contentUrl":"https:\/\/oldtimerworks.com\/wp-content\/uploads\/2021\/03\/cropped-oldtimerworks.png","width":512,"height":512,"caption":"OldtimerWorks"},"image":{"@id":"https:\/\/oldtimerworks.com\/cs\/#\/schema\/logo\/image\/"},"sameAs":["https:\/\/www.facebook.com\/oldtimerworks"]}]}},"_links":{"self":[{"href":"https:\/\/oldtimerworks.com\/en\/wp-json\/wp\/v2\/product\/2494","targetHints":{"allow":["GET"]}}],"collection":[{"href":"https:\/\/oldtimerworks.com\/en\/wp-json\/wp\/v2\/product"}],"about":[{"href":"https:\/\/oldtimerworks.com\/en\/wp-json\/wp\/v2\/types\/product"}],"wp:featuredmedia":[{"embeddable":true,"href":"https:\/\/oldtimerworks.com\/en\/wp-json\/wp\/v2\/media\/2495"}],"wp:attachment":[{"href":"https:\/\/oldtimerworks.com\/en\/wp-json\/wp\/v2\/media?parent=2494"}],"wp:term":[{"taxonomy":"product_brand","embeddable":true,"href":"https:\/\/oldtimerworks.com\/en\/wp-json\/wp\/v2\/product_brand?post=2494"},{"taxonomy":"product_cat","embeddable":true,"href":"https:\/\/oldtimerworks.com\/en\/wp-json\/wp\/v2\/product_cat?post=2494"},{"taxonomy":"product_tag","embeddable":true,"href":"https:\/\/oldtimerworks.com\/en\/wp-json\/wp\/v2\/product_tag?post=2494"}],"curies":[{"name":"wp","href":"https:\/\/api.w.org\/{rel}","templated":true}]}}