{"id":756,"date":"2021-09-26T13:16:13","date_gmt":"2021-09-26T11:16:13","guid":{"rendered":"https:\/\/oldtimerworks.com\/?post_type=product&#038;p=756"},"modified":"2026-03-05T07:07:24","modified_gmt":"2026-03-05T06:07:24","slug":"oilcan-holder-spritzkanne","status":"publish","type":"product","link":"https:\/\/oldtimerworks.com\/cs\/products\/oilcan-holder-spritzkanne\/","title":{"rendered":"Oilcan, Gasoline can holder (Spritzkanne) DKW nz 350, nz 350-1"},"content":{"rendered":"<p>Holder of &#8220;Spritzkanne&#8221; for DKW nz 350-1.<\/p>\n<p>Nabarveno do z\u00e1kladov\u00e9 \u010derven\u00e9.<\/p>\n<p>Produkt obsahuje pouze dr\u017e\u00e1k!<\/p>","protected":false},"excerpt":{"rendered":"<p>Dr\u017e\u00e1k olejni\u010dky \u201cSpritzkanne\u201d pro DKW nz 350-1. \u00a0Nabarveno do z\u00e1kladov\u00e9 \u010derven\u00e9. Produkt obsahuje pouze dr\u017e\u00e1k!<\/p>","protected":false},"featured_media":833,"template":"","meta":[],"product_brand":[],"product_cat":[45,38],"product_tag":[],"class_list":{"0":"post-756","1":"product","2":"type-product","3":"status-publish","4":"has-post-thumbnail","6":"product_cat-dkw","7":"product_cat-dkw-nz","9":"first","10":"instock","11":"shipping-taxable","12":"purchasable","13":"product-type-simple"},"yoast_head":"<!-- This site is optimized with the Yoast SEO plugin v27.4 - https:\/\/yoast.com\/product\/yoast-seo-wordpress\/ -->\n<title>Oilcan, Gasoline can holder (Spritzkanne) DKW nz 350, nz 350-1 - OldtimerWorks<\/title>\n<meta name=\"description\" content=\"Holder of &quot;Spritzkanne&quot; for DKW nz 350-1. This product contain only holder!\" \/>\n<meta name=\"robots\" content=\"index, follow, max-snippet:-1, max-image-preview:large, max-video-preview:-1\" \/>\n<link rel=\"canonical\" href=\"https:\/\/oldtimerworks.com\/cs\/products\/oilcan-holder-spritzkanne\/\" \/>\n<meta property=\"og:locale\" content=\"cs_CZ\" \/>\n<meta property=\"og:type\" content=\"article\" \/>\n<meta property=\"og:title\" content=\"Oilcan, Gasoline can holder (Spritzkanne) DKW nz 350, nz 350-1 - OldtimerWorks\" \/>\n<meta property=\"og:description\" content=\"Holder of &quot;Spritzkanne&quot; for DKW nz 350-1. This product contain only holder!\" \/>\n<meta property=\"og:url\" content=\"https:\/\/oldtimerworks.com\/cs\/products\/oilcan-holder-spritzkanne\/\" \/>\n<meta property=\"og:site_name\" content=\"OldtimerWorks\" \/>\n<meta property=\"article:publisher\" content=\"https:\/\/www.facebook.com\/oldtimerworks\" \/>\n<meta property=\"article:modified_time\" content=\"2026-03-05T06:07:24+00:00\" \/>\n<meta property=\"og:image\" content=\"https:\/\/oldtimerworks.com\/wp-content\/uploads\/2022\/01\/IMG_20210917_102008-wt-768x1024.png\" \/>\n\t<meta property=\"og:image:width\" content=\"768\" \/>\n\t<meta property=\"og:image:height\" content=\"1024\" \/>\n\t<meta property=\"og:image:type\" content=\"image\/png\" \/>\n<meta name=\"twitter:card\" content=\"summary_large_image\" \/>\n<meta name=\"twitter:label1\" content=\"Odhadovan\u00e1 doba \u010dten\u00ed\" \/>\n\t<meta name=\"twitter:data1\" content=\"1 minuta\" \/>\n<script type=\"application\/ld+json\" class=\"yoast-schema-graph\">{\"@context\":\"https:\\\/\\\/schema.org\",\"@graph\":[{\"@type\":\"WebPage\",\"@id\":\"https:\\\/\\\/oldtimerworks.com\\\/products\\\/oilcan-holder-spritzkanne\\\/\",\"url\":\"https:\\\/\\\/oldtimerworks.com\\\/products\\\/oilcan-holder-spritzkanne\\\/\",\"name\":\"Oilcan, Gasoline can holder (Spritzkanne) DKW nz 350, nz 350-1 - OldtimerWorks\",\"isPartOf\":{\"@id\":\"https:\\\/\\\/oldtimerworks.com\\\/cs\\\/#website\"},\"primaryImageOfPage\":{\"@id\":\"https:\\\/\\\/oldtimerworks.com\\\/products\\\/oilcan-holder-spritzkanne\\\/#primaryimage\"},\"image\":{\"@id\":\"https:\\\/\\\/oldtimerworks.com\\\/products\\\/oilcan-holder-spritzkanne\\\/#primaryimage\"},\"thumbnailUrl\":\"https:\\\/\\\/oldtimerworks.com\\\/wp-content\\\/uploads\\\/2022\\\/01\\\/IMG_20210917_102008-wt.png\",\"datePublished\":\"2021-09-26T11:16:13+00:00\",\"dateModified\":\"2026-03-05T06:07:24+00:00\",\"description\":\"Holder of \\\"Spritzkanne\\\" for DKW nz 350-1. This product contain only holder!\",\"breadcrumb\":{\"@id\":\"https:\\\/\\\/oldtimerworks.com\\\/products\\\/oilcan-holder-spritzkanne\\\/#breadcrumb\"},\"inLanguage\":\"cs\",\"potentialAction\":[{\"@type\":\"ReadAction\",\"target\":[\"https:\\\/\\\/oldtimerworks.com\\\/products\\\/oilcan-holder-spritzkanne\\\/\"]}]},{\"@type\":\"ImageObject\",\"inLanguage\":\"cs\",\"@id\":\"https:\\\/\\\/oldtimerworks.com\\\/products\\\/oilcan-holder-spritzkanne\\\/#primaryimage\",\"url\":\"https:\\\/\\\/oldtimerworks.com\\\/wp-content\\\/uploads\\\/2022\\\/01\\\/IMG_20210917_102008-wt.png\",\"contentUrl\":\"https:\\\/\\\/oldtimerworks.com\\\/wp-content\\\/uploads\\\/2022\\\/01\\\/IMG_20210917_102008-wt.png\",\"width\":3120,\"height\":4160},{\"@type\":\"BreadcrumbList\",\"@id\":\"https:\\\/\\\/oldtimerworks.com\\\/products\\\/oilcan-holder-spritzkanne\\\/#breadcrumb\",\"itemListElement\":[{\"@type\":\"ListItem\",\"position\":1,\"name\":\"Home\",\"item\":\"https:\\\/\\\/oldtimerworks.com\\\/\"},{\"@type\":\"ListItem\",\"position\":2,\"name\":\"Products\",\"item\":\"https:\\\/\\\/oldtimerworks.com\\\/products\\\/\"},{\"@type\":\"ListItem\",\"position\":3,\"name\":\"Oilcan, Gasoline can holder (Spritzkanne) DKW nz 350, nz 350-1\"}]},{\"@type\":\"WebSite\",\"@id\":\"https:\\\/\\\/oldtimerworks.com\\\/cs\\\/#website\",\"url\":\"https:\\\/\\\/oldtimerworks.com\\\/cs\\\/\",\"name\":\"OldtimerWorks\",\"description\":\"E-Shop and Services\",\"publisher\":{\"@id\":\"https:\\\/\\\/oldtimerworks.com\\\/cs\\\/#organization\"},\"potentialAction\":[{\"@type\":\"SearchAction\",\"target\":{\"@type\":\"EntryPoint\",\"urlTemplate\":\"https:\\\/\\\/oldtimerworks.com\\\/cs\\\/?s={search_term_string}\"},\"query-input\":{\"@type\":\"PropertyValueSpecification\",\"valueRequired\":true,\"valueName\":\"search_term_string\"}}],\"inLanguage\":\"cs\"},{\"@type\":\"Organization\",\"@id\":\"https:\\\/\\\/oldtimerworks.com\\\/cs\\\/#organization\",\"name\":\"OldtimerWorks\",\"url\":\"https:\\\/\\\/oldtimerworks.com\\\/cs\\\/\",\"logo\":{\"@type\":\"ImageObject\",\"inLanguage\":\"cs\",\"@id\":\"https:\\\/\\\/oldtimerworks.com\\\/cs\\\/#\\\/schema\\\/logo\\\/image\\\/\",\"url\":\"https:\\\/\\\/oldtimerworks.com\\\/wp-content\\\/uploads\\\/2021\\\/03\\\/cropped-oldtimerworks.png\",\"contentUrl\":\"https:\\\/\\\/oldtimerworks.com\\\/wp-content\\\/uploads\\\/2021\\\/03\\\/cropped-oldtimerworks.png\",\"width\":512,\"height\":512,\"caption\":\"OldtimerWorks\"},\"image\":{\"@id\":\"https:\\\/\\\/oldtimerworks.com\\\/cs\\\/#\\\/schema\\\/logo\\\/image\\\/\"},\"sameAs\":[\"https:\\\/\\\/www.facebook.com\\\/oldtimerworks\"]}]}<\/script>\n<!-- \/ Yoast SEO plugin. -->","yoast_head_json":{"title":"Oilcan, Gasoline can holder (Spritzkanne) DKW nz 350, nz 350-1 - OldtimerWorks","description":"Holder of \"Spritzkanne\" for DKW nz 350-1. This product contain only holder!","robots":{"index":"index","follow":"follow","max-snippet":"max-snippet:-1","max-image-preview":"max-image-preview:large","max-video-preview":"max-video-preview:-1"},"canonical":"https:\/\/oldtimerworks.com\/cs\/products\/oilcan-holder-spritzkanne\/","og_locale":"cs_CZ","og_type":"article","og_title":"Oilcan, Gasoline can holder (Spritzkanne) DKW nz 350, nz 350-1 - OldtimerWorks","og_description":"Holder of \"Spritzkanne\" for DKW nz 350-1. This product contain only holder!","og_url":"https:\/\/oldtimerworks.com\/cs\/products\/oilcan-holder-spritzkanne\/","og_site_name":"OldtimerWorks","article_publisher":"https:\/\/www.facebook.com\/oldtimerworks","article_modified_time":"2026-03-05T06:07:24+00:00","og_image":[{"width":768,"height":1024,"url":"https:\/\/oldtimerworks.com\/wp-content\/uploads\/2022\/01\/IMG_20210917_102008-wt-768x1024.png","type":"image\/png"}],"twitter_card":"summary_large_image","twitter_misc":{"Odhadovan\u00e1 doba \u010dten\u00ed":"1 minuta"},"schema":{"@context":"https:\/\/schema.org","@graph":[{"@type":"WebPage","@id":"https:\/\/oldtimerworks.com\/products\/oilcan-holder-spritzkanne\/","url":"https:\/\/oldtimerworks.com\/products\/oilcan-holder-spritzkanne\/","name":"Oilcan, Gasoline can holder (Spritzkanne) DKW nz 350, nz 350-1 - OldtimerWorks","isPartOf":{"@id":"https:\/\/oldtimerworks.com\/cs\/#website"},"primaryImageOfPage":{"@id":"https:\/\/oldtimerworks.com\/products\/oilcan-holder-spritzkanne\/#primaryimage"},"image":{"@id":"https:\/\/oldtimerworks.com\/products\/oilcan-holder-spritzkanne\/#primaryimage"},"thumbnailUrl":"https:\/\/oldtimerworks.com\/wp-content\/uploads\/2022\/01\/IMG_20210917_102008-wt.png","datePublished":"2021-09-26T11:16:13+00:00","dateModified":"2026-03-05T06:07:24+00:00","description":"Holder of \"Spritzkanne\" for DKW nz 350-1. This product contain only holder!","breadcrumb":{"@id":"https:\/\/oldtimerworks.com\/products\/oilcan-holder-spritzkanne\/#breadcrumb"},"inLanguage":"cs","potentialAction":[{"@type":"ReadAction","target":["https:\/\/oldtimerworks.com\/products\/oilcan-holder-spritzkanne\/"]}]},{"@type":"ImageObject","inLanguage":"cs","@id":"https:\/\/oldtimerworks.com\/products\/oilcan-holder-spritzkanne\/#primaryimage","url":"https:\/\/oldtimerworks.com\/wp-content\/uploads\/2022\/01\/IMG_20210917_102008-wt.png","contentUrl":"https:\/\/oldtimerworks.com\/wp-content\/uploads\/2022\/01\/IMG_20210917_102008-wt.png","width":3120,"height":4160},{"@type":"BreadcrumbList","@id":"https:\/\/oldtimerworks.com\/products\/oilcan-holder-spritzkanne\/#breadcrumb","itemListElement":[{"@type":"ListItem","position":1,"name":"Home","item":"https:\/\/oldtimerworks.com\/"},{"@type":"ListItem","position":2,"name":"Products","item":"https:\/\/oldtimerworks.com\/products\/"},{"@type":"ListItem","position":3,"name":"Oilcan, Gasoline can holder (Spritzkanne) DKW nz 350, nz 350-1"}]},{"@type":"WebSite","@id":"https:\/\/oldtimerworks.com\/cs\/#website","url":"https:\/\/oldtimerworks.com\/cs\/","name":"OldtimerWorks","description":"E-Shop a slu\u017eby","publisher":{"@id":"https:\/\/oldtimerworks.com\/cs\/#organization"},"potentialAction":[{"@type":"SearchAction","target":{"@type":"EntryPoint","urlTemplate":"https:\/\/oldtimerworks.com\/cs\/?s={search_term_string}"},"query-input":{"@type":"PropertyValueSpecification","valueRequired":true,"valueName":"search_term_string"}}],"inLanguage":"cs"},{"@type":"Organization","@id":"https:\/\/oldtimerworks.com\/cs\/#organization","name":"OldtimerWorks","url":"https:\/\/oldtimerworks.com\/cs\/","logo":{"@type":"ImageObject","inLanguage":"cs","@id":"https:\/\/oldtimerworks.com\/cs\/#\/schema\/logo\/image\/","url":"https:\/\/oldtimerworks.com\/wp-content\/uploads\/2021\/03\/cropped-oldtimerworks.png","contentUrl":"https:\/\/oldtimerworks.com\/wp-content\/uploads\/2021\/03\/cropped-oldtimerworks.png","width":512,"height":512,"caption":"OldtimerWorks"},"image":{"@id":"https:\/\/oldtimerworks.com\/cs\/#\/schema\/logo\/image\/"},"sameAs":["https:\/\/www.facebook.com\/oldtimerworks"]}]}},"_links":{"self":[{"href":"https:\/\/oldtimerworks.com\/cs\/wp-json\/wp\/v2\/product\/756","targetHints":{"allow":["GET"]}}],"collection":[{"href":"https:\/\/oldtimerworks.com\/cs\/wp-json\/wp\/v2\/product"}],"about":[{"href":"https:\/\/oldtimerworks.com\/cs\/wp-json\/wp\/v2\/types\/product"}],"wp:featuredmedia":[{"embeddable":true,"href":"https:\/\/oldtimerworks.com\/cs\/wp-json\/wp\/v2\/media\/833"}],"wp:attachment":[{"href":"https:\/\/oldtimerworks.com\/cs\/wp-json\/wp\/v2\/media?parent=756"}],"wp:term":[{"taxonomy":"product_brand","embeddable":true,"href":"https:\/\/oldtimerworks.com\/cs\/wp-json\/wp\/v2\/product_brand?post=756"},{"taxonomy":"product_cat","embeddable":true,"href":"https:\/\/oldtimerworks.com\/cs\/wp-json\/wp\/v2\/product_cat?post=756"},{"taxonomy":"product_tag","embeddable":true,"href":"https:\/\/oldtimerworks.com\/cs\/wp-json\/wp\/v2\/product_tag?post=756"}],"curies":[{"name":"wp","href":"https:\/\/api.w.org\/{rel}","templated":true}]}}