{"id":721,"date":"2021-08-19T18:43:12","date_gmt":"2021-08-19T16:43:12","guid":{"rendered":"https:\/\/oldtimerworks.com\/?post_type=product&#038;p=721"},"modified":"2026-02-15T18:38:50","modified_gmt":"2026-02-15T17:38:50","slug":"bottom-screw-fork-blade-dkw-nz-350","status":"publish","type":"product","link":"https:\/\/oldtimerworks.com\/cs\/products\/bottom-screw-fork-blade-dkw-nz-350\/","title":{"rendered":"Doln\u00ed \u0161roub vidlice DKW nz 350, 350-1"},"content":{"rendered":"<p>Bottom screw for fork blade DKW nz 350 and 350-1.<\/p>\n<p id=\"tw-target-text\" class=\"tw-data-text tw-text-large XcVN5d tw-ta\" dir=\"ltr\" data-placeholder=\"P\u0159eklad\"><span class=\"Y2IQFc\" lang=\"en\">Rozm\u011bry jsou <\/span>M10x1x235.<\/p>\n<p dir=\"ltr\" data-placeholder=\"P\u0159eklad\">Ke \u0161roub\u016fm dod\u00e1v\u00e1me matku a podlo\u017eku.<\/p>\n<p>\u201eSechskantschraube f\u00fcr Gabelscheide\u201c<\/p>\n<p>Ersatzt. Nr. 122549-0, 30562 and 4640<\/p>","protected":false},"excerpt":{"rendered":"<p>Spodn\u00ed \u0161roub pro vidlici DKW nz 350, nz 350-1. Rozm\u011bry jsou M10x1x235. \u0160roub se prod\u00e1v\u00e1 v\u010detn\u011b mati\u010dky a podlo\u017eky. \u201eSechskantschraube f\u00fcr Gabelscheide\u201c Ersatzt. Nr. 122549-0, 30562 and 4640<\/p>","protected":false},"featured_media":918,"template":"","meta":[],"product_brand":[],"product_cat":[38],"product_tag":[],"class_list":{"0":"post-721","1":"product","2":"type-product","3":"status-publish","4":"has-post-thumbnail","6":"product_cat-dkw-nz","8":"first","9":"instock","10":"shipping-taxable","11":"purchasable","12":"product-type-simple"},"yoast_head":"<!-- This site is optimized with the Yoast SEO plugin v27.5 - https:\/\/yoast.com\/product\/yoast-seo-wordpress\/ -->\n<title>Bottom screw fork blade DKW nz 350, 350-1 - OldtimerWorks<\/title>\n<meta name=\"description\" content=\"Bottom screw for fork blade DKW nz 250\/350, nz 350-1. Dimensions is M10x1x218. \u201eSechskantschraube f\u00fcr Gabelscheide\u201c Ersatzt. Nr. 122549-0\" \/>\n<meta name=\"robots\" content=\"index, follow, max-snippet:-1, max-image-preview:large, max-video-preview:-1\" \/>\n<link rel=\"canonical\" href=\"https:\/\/oldtimerworks.com\/cs\/products\/bottom-screw-fork-blade-dkw-nz-350\/\" \/>\n<meta property=\"og:locale\" content=\"cs_CZ\" \/>\n<meta property=\"og:type\" content=\"article\" \/>\n<meta property=\"og:title\" content=\"Bottom screw fork blade DKW nz 350, 350-1 - OldtimerWorks\" \/>\n<meta property=\"og:description\" content=\"Bottom screw for fork blade DKW nz 250\/350, nz 350-1. Dimensions is M10x1x218. \u201eSechskantschraube f\u00fcr Gabelscheide\u201c Ersatzt. Nr. 122549-0\" \/>\n<meta property=\"og:url\" content=\"https:\/\/oldtimerworks.com\/cs\/products\/bottom-screw-fork-blade-dkw-nz-350\/\" \/>\n<meta property=\"og:site_name\" content=\"OldtimerWorks\" \/>\n<meta property=\"article:publisher\" content=\"https:\/\/www.facebook.com\/oldtimerworks\" \/>\n<meta property=\"article:modified_time\" content=\"2026-02-15T17:38:50+00:00\" \/>\n<meta property=\"og:image\" content=\"https:\/\/oldtimerworks.com\/wp-content\/uploads\/2022\/01\/IMG-20210413-WA0120-wt.png\" \/>\n\t<meta property=\"og:image:width\" content=\"1600\" \/>\n\t<meta property=\"og:image:height\" content=\"1200\" \/>\n\t<meta property=\"og:image:type\" content=\"image\/png\" \/>\n<meta name=\"twitter:card\" content=\"summary_large_image\" \/>\n<meta name=\"twitter:label1\" content=\"Odhadovan\u00e1 doba \u010dten\u00ed\" \/>\n\t<meta name=\"twitter:data1\" content=\"1 minuta\" \/>\n<script type=\"application\/ld+json\" class=\"yoast-schema-graph\">{\"@context\":\"https:\\\/\\\/schema.org\",\"@graph\":[{\"@type\":\"WebPage\",\"@id\":\"https:\\\/\\\/oldtimerworks.com\\\/products\\\/bottom-screw-fork-blade-dkw-nz-350\\\/\",\"url\":\"https:\\\/\\\/oldtimerworks.com\\\/products\\\/bottom-screw-fork-blade-dkw-nz-350\\\/\",\"name\":\"Bottom screw fork blade DKW nz 350, 350-1 - OldtimerWorks\",\"isPartOf\":{\"@id\":\"https:\\\/\\\/oldtimerworks.com\\\/cs\\\/#website\"},\"primaryImageOfPage\":{\"@id\":\"https:\\\/\\\/oldtimerworks.com\\\/products\\\/bottom-screw-fork-blade-dkw-nz-350\\\/#primaryimage\"},\"image\":{\"@id\":\"https:\\\/\\\/oldtimerworks.com\\\/products\\\/bottom-screw-fork-blade-dkw-nz-350\\\/#primaryimage\"},\"thumbnailUrl\":\"https:\\\/\\\/oldtimerworks.com\\\/wp-content\\\/uploads\\\/2022\\\/01\\\/IMG-20210413-WA0120-wt.png\",\"datePublished\":\"2021-08-19T16:43:12+00:00\",\"dateModified\":\"2026-02-15T17:38:50+00:00\",\"description\":\"Bottom screw for fork blade DKW nz 250\\\/350, nz 350-1. Dimensions is M10x1x218. \u201eSechskantschraube f\u00fcr Gabelscheide\u201c Ersatzt. Nr. 122549-0\",\"breadcrumb\":{\"@id\":\"https:\\\/\\\/oldtimerworks.com\\\/products\\\/bottom-screw-fork-blade-dkw-nz-350\\\/#breadcrumb\"},\"inLanguage\":\"cs\",\"potentialAction\":[{\"@type\":\"ReadAction\",\"target\":[\"https:\\\/\\\/oldtimerworks.com\\\/products\\\/bottom-screw-fork-blade-dkw-nz-350\\\/\"]}]},{\"@type\":\"ImageObject\",\"inLanguage\":\"cs\",\"@id\":\"https:\\\/\\\/oldtimerworks.com\\\/products\\\/bottom-screw-fork-blade-dkw-nz-350\\\/#primaryimage\",\"url\":\"https:\\\/\\\/oldtimerworks.com\\\/wp-content\\\/uploads\\\/2022\\\/01\\\/IMG-20210413-WA0120-wt.png\",\"contentUrl\":\"https:\\\/\\\/oldtimerworks.com\\\/wp-content\\\/uploads\\\/2022\\\/01\\\/IMG-20210413-WA0120-wt.png\",\"width\":1600,\"height\":1200},{\"@type\":\"BreadcrumbList\",\"@id\":\"https:\\\/\\\/oldtimerworks.com\\\/products\\\/bottom-screw-fork-blade-dkw-nz-350\\\/#breadcrumb\",\"itemListElement\":[{\"@type\":\"ListItem\",\"position\":1,\"name\":\"Home\",\"item\":\"https:\\\/\\\/oldtimerworks.com\\\/\"},{\"@type\":\"ListItem\",\"position\":2,\"name\":\"Products\",\"item\":\"https:\\\/\\\/oldtimerworks.com\\\/products\\\/\"},{\"@type\":\"ListItem\",\"position\":3,\"name\":\"Bottom screw fork blade DKW nz 350, 350-1\"}]},{\"@type\":\"WebSite\",\"@id\":\"https:\\\/\\\/oldtimerworks.com\\\/cs\\\/#website\",\"url\":\"https:\\\/\\\/oldtimerworks.com\\\/cs\\\/\",\"name\":\"OldtimerWorks\",\"description\":\"E-Shop and Services\",\"publisher\":{\"@id\":\"https:\\\/\\\/oldtimerworks.com\\\/cs\\\/#organization\"},\"potentialAction\":[{\"@type\":\"SearchAction\",\"target\":{\"@type\":\"EntryPoint\",\"urlTemplate\":\"https:\\\/\\\/oldtimerworks.com\\\/cs\\\/?s={search_term_string}\"},\"query-input\":{\"@type\":\"PropertyValueSpecification\",\"valueRequired\":true,\"valueName\":\"search_term_string\"}}],\"inLanguage\":\"cs\"},{\"@type\":\"Organization\",\"@id\":\"https:\\\/\\\/oldtimerworks.com\\\/cs\\\/#organization\",\"name\":\"OldtimerWorks\",\"url\":\"https:\\\/\\\/oldtimerworks.com\\\/cs\\\/\",\"logo\":{\"@type\":\"ImageObject\",\"inLanguage\":\"cs\",\"@id\":\"https:\\\/\\\/oldtimerworks.com\\\/cs\\\/#\\\/schema\\\/logo\\\/image\\\/\",\"url\":\"https:\\\/\\\/oldtimerworks.com\\\/wp-content\\\/uploads\\\/2021\\\/03\\\/cropped-oldtimerworks.png\",\"contentUrl\":\"https:\\\/\\\/oldtimerworks.com\\\/wp-content\\\/uploads\\\/2021\\\/03\\\/cropped-oldtimerworks.png\",\"width\":512,\"height\":512,\"caption\":\"OldtimerWorks\"},\"image\":{\"@id\":\"https:\\\/\\\/oldtimerworks.com\\\/cs\\\/#\\\/schema\\\/logo\\\/image\\\/\"},\"sameAs\":[\"https:\\\/\\\/www.facebook.com\\\/oldtimerworks\"]}]}<\/script>\n<!-- \/ Yoast SEO plugin. -->","yoast_head_json":{"title":"Bottom screw fork blade DKW nz 350, 350-1 - OldtimerWorks","description":"Bottom screw for fork blade DKW nz 250\/350, nz 350-1. Dimensions is M10x1x218. \u201eSechskantschraube f\u00fcr Gabelscheide\u201c Ersatzt. Nr. 122549-0","robots":{"index":"index","follow":"follow","max-snippet":"max-snippet:-1","max-image-preview":"max-image-preview:large","max-video-preview":"max-video-preview:-1"},"canonical":"https:\/\/oldtimerworks.com\/cs\/products\/bottom-screw-fork-blade-dkw-nz-350\/","og_locale":"cs_CZ","og_type":"article","og_title":"Bottom screw fork blade DKW nz 350, 350-1 - OldtimerWorks","og_description":"Bottom screw for fork blade DKW nz 250\/350, nz 350-1. Dimensions is M10x1x218. \u201eSechskantschraube f\u00fcr Gabelscheide\u201c Ersatzt. Nr. 122549-0","og_url":"https:\/\/oldtimerworks.com\/cs\/products\/bottom-screw-fork-blade-dkw-nz-350\/","og_site_name":"OldtimerWorks","article_publisher":"https:\/\/www.facebook.com\/oldtimerworks","article_modified_time":"2026-02-15T17:38:50+00:00","og_image":[{"width":1600,"height":1200,"url":"https:\/\/oldtimerworks.com\/wp-content\/uploads\/2022\/01\/IMG-20210413-WA0120-wt.png","type":"image\/png"}],"twitter_card":"summary_large_image","twitter_misc":{"Odhadovan\u00e1 doba \u010dten\u00ed":"1 minuta"},"schema":{"@context":"https:\/\/schema.org","@graph":[{"@type":"WebPage","@id":"https:\/\/oldtimerworks.com\/products\/bottom-screw-fork-blade-dkw-nz-350\/","url":"https:\/\/oldtimerworks.com\/products\/bottom-screw-fork-blade-dkw-nz-350\/","name":"Bottom screw fork blade DKW nz 350, 350-1 - OldtimerWorks","isPartOf":{"@id":"https:\/\/oldtimerworks.com\/cs\/#website"},"primaryImageOfPage":{"@id":"https:\/\/oldtimerworks.com\/products\/bottom-screw-fork-blade-dkw-nz-350\/#primaryimage"},"image":{"@id":"https:\/\/oldtimerworks.com\/products\/bottom-screw-fork-blade-dkw-nz-350\/#primaryimage"},"thumbnailUrl":"https:\/\/oldtimerworks.com\/wp-content\/uploads\/2022\/01\/IMG-20210413-WA0120-wt.png","datePublished":"2021-08-19T16:43:12+00:00","dateModified":"2026-02-15T17:38:50+00:00","description":"Bottom screw for fork blade DKW nz 250\/350, nz 350-1. Dimensions is M10x1x218. \u201eSechskantschraube f\u00fcr Gabelscheide\u201c Ersatzt. Nr. 122549-0","breadcrumb":{"@id":"https:\/\/oldtimerworks.com\/products\/bottom-screw-fork-blade-dkw-nz-350\/#breadcrumb"},"inLanguage":"cs","potentialAction":[{"@type":"ReadAction","target":["https:\/\/oldtimerworks.com\/products\/bottom-screw-fork-blade-dkw-nz-350\/"]}]},{"@type":"ImageObject","inLanguage":"cs","@id":"https:\/\/oldtimerworks.com\/products\/bottom-screw-fork-blade-dkw-nz-350\/#primaryimage","url":"https:\/\/oldtimerworks.com\/wp-content\/uploads\/2022\/01\/IMG-20210413-WA0120-wt.png","contentUrl":"https:\/\/oldtimerworks.com\/wp-content\/uploads\/2022\/01\/IMG-20210413-WA0120-wt.png","width":1600,"height":1200},{"@type":"BreadcrumbList","@id":"https:\/\/oldtimerworks.com\/products\/bottom-screw-fork-blade-dkw-nz-350\/#breadcrumb","itemListElement":[{"@type":"ListItem","position":1,"name":"Home","item":"https:\/\/oldtimerworks.com\/"},{"@type":"ListItem","position":2,"name":"Products","item":"https:\/\/oldtimerworks.com\/products\/"},{"@type":"ListItem","position":3,"name":"Bottom screw fork blade DKW nz 350, 350-1"}]},{"@type":"WebSite","@id":"https:\/\/oldtimerworks.com\/cs\/#website","url":"https:\/\/oldtimerworks.com\/cs\/","name":"OldtimerWorks","description":"E-Shop a slu\u017eby","publisher":{"@id":"https:\/\/oldtimerworks.com\/cs\/#organization"},"potentialAction":[{"@type":"SearchAction","target":{"@type":"EntryPoint","urlTemplate":"https:\/\/oldtimerworks.com\/cs\/?s={search_term_string}"},"query-input":{"@type":"PropertyValueSpecification","valueRequired":true,"valueName":"search_term_string"}}],"inLanguage":"cs"},{"@type":"Organization","@id":"https:\/\/oldtimerworks.com\/cs\/#organization","name":"OldtimerWorks","url":"https:\/\/oldtimerworks.com\/cs\/","logo":{"@type":"ImageObject","inLanguage":"cs","@id":"https:\/\/oldtimerworks.com\/cs\/#\/schema\/logo\/image\/","url":"https:\/\/oldtimerworks.com\/wp-content\/uploads\/2021\/03\/cropped-oldtimerworks.png","contentUrl":"https:\/\/oldtimerworks.com\/wp-content\/uploads\/2021\/03\/cropped-oldtimerworks.png","width":512,"height":512,"caption":"OldtimerWorks"},"image":{"@id":"https:\/\/oldtimerworks.com\/cs\/#\/schema\/logo\/image\/"},"sameAs":["https:\/\/www.facebook.com\/oldtimerworks"]}]}},"_links":{"self":[{"href":"https:\/\/oldtimerworks.com\/cs\/wp-json\/wp\/v2\/product\/721","targetHints":{"allow":["GET"]}}],"collection":[{"href":"https:\/\/oldtimerworks.com\/cs\/wp-json\/wp\/v2\/product"}],"about":[{"href":"https:\/\/oldtimerworks.com\/cs\/wp-json\/wp\/v2\/types\/product"}],"wp:featuredmedia":[{"embeddable":true,"href":"https:\/\/oldtimerworks.com\/cs\/wp-json\/wp\/v2\/media\/918"}],"wp:attachment":[{"href":"https:\/\/oldtimerworks.com\/cs\/wp-json\/wp\/v2\/media?parent=721"}],"wp:term":[{"taxonomy":"product_brand","embeddable":true,"href":"https:\/\/oldtimerworks.com\/cs\/wp-json\/wp\/v2\/product_brand?post=721"},{"taxonomy":"product_cat","embeddable":true,"href":"https:\/\/oldtimerworks.com\/cs\/wp-json\/wp\/v2\/product_cat?post=721"},{"taxonomy":"product_tag","embeddable":true,"href":"https:\/\/oldtimerworks.com\/cs\/wp-json\/wp\/v2\/product_tag?post=721"}],"curies":[{"name":"wp","href":"https:\/\/api.w.org\/{rel}","templated":true}]}}