{"id":645,"date":"2021-05-21T12:34:32","date_gmt":"2021-05-21T10:34:32","guid":{"rendered":"https:\/\/oldtimerworks.com\/?post_type=product&#038;p=645"},"modified":"2026-04-14T11:02:19","modified_gmt":"2026-04-14T09:02:19","slug":"front-light-dkw-nz-kdf","status":"publish","type":"product","link":"https:\/\/oldtimerworks.com\/cs\/products\/front-light-dkw-nz-kdf\/","title":{"rendered":"Front headlight DKW, KdF"},"content":{"rendered":"<p id=\"tw-target-text\" class=\"tw-data-text tw-text-large XcVN5d tw-ta\" dir=\"ltr\" data-placeholder=\"P\u0159eklad\"><span class=\"Y2IQFc\" lang=\"en\">A nice replica of Hella&#8217;s headlight for DKW nz 350-1, RT 125, KdF 82 and KdF 166.<\/span><\/p>\n<p id=\"tw-target-text\" class=\"tw-data-text tw-text-large XcVN5d tw-ta\" dir=\"ltr\" data-placeholder=\"P\u0159eklad\"><span class=\"Y2IQFc\" lang=\"en\">Cena obsahuje, sklo, r\u00e1m, dr\u017e\u00e1k \u017e\u00e1rovky a pru\u017einy k dr\u017een\u00ed skla.<\/span><\/p>","protected":false},"excerpt":{"rendered":"<p>A nice replica of Hella&#8217;s headlight for DKW nz 350-1, RT 125, KdF 82 and KdF 166. The price includes glass, frame, dish, bulb holder and springs for holding the glass.<\/p>","protected":false},"featured_media":866,"template":"","meta":[],"product_brand":[],"product_cat":[45,38,46,40,48,47],"product_tag":[],"class_list":{"0":"post-645","1":"product","2":"type-product","3":"status-publish","4":"has-post-thumbnail","6":"product_cat-dkw","7":"product_cat-dkw-nz","8":"product_cat-dkw-rt","9":"product_cat-kdf","10":"product_cat-kdf-166","11":"product_cat-kdf-82","13":"first","14":"instock","15":"shipping-taxable","16":"purchasable","17":"product-type-simple"},"yoast_head":"<!-- This site is optimized with the Yoast SEO plugin v27.4 - https:\/\/yoast.com\/product\/yoast-seo-wordpress\/ -->\n<title>Front headlight DKW, KdF - OldtimerWorks<\/title>\n<meta name=\"description\" content=\"A nice replica of Hella&#039;s headlight for DKW nz 350-1, rt 125, KdF 82 and KdF 166. The price includes glass, frame, dish, bulb holder...\" \/>\n<meta name=\"robots\" content=\"index, follow, max-snippet:-1, max-image-preview:large, max-video-preview:-1\" \/>\n<link rel=\"canonical\" href=\"https:\/\/oldtimerworks.com\/cs\/products\/front-light-dkw-nz-kdf\/\" \/>\n<meta property=\"og:locale\" content=\"cs_CZ\" \/>\n<meta property=\"og:type\" content=\"article\" \/>\n<meta property=\"og:title\" content=\"Front headlight DKW, KdF - OldtimerWorks\" \/>\n<meta property=\"og:description\" content=\"A nice replica of Hella&#039;s headlight for DKW nz 350-1, rt 125, KdF 82 and KdF 166. The price includes glass, frame, dish, bulb holder...\" \/>\n<meta property=\"og:url\" content=\"https:\/\/oldtimerworks.com\/cs\/products\/front-light-dkw-nz-kdf\/\" \/>\n<meta property=\"og:site_name\" content=\"OldtimerWorks\" \/>\n<meta property=\"article:publisher\" content=\"https:\/\/www.facebook.com\/oldtimerworks\" \/>\n<meta property=\"article:modified_time\" content=\"2026-04-14T09:02:19+00:00\" \/>\n<meta property=\"og:image\" content=\"https:\/\/oldtimerworks.com\/wp-content\/uploads\/2022\/01\/IMG_20210520_201545-scaled-e1621592923120-wt-1024x822.png\" \/>\n\t<meta property=\"og:image:width\" content=\"1024\" \/>\n\t<meta property=\"og:image:height\" content=\"822\" \/>\n\t<meta property=\"og:image:type\" content=\"image\/png\" \/>\n<meta name=\"twitter:card\" content=\"summary_large_image\" \/>\n<meta name=\"twitter:label1\" content=\"Odhadovan\u00e1 doba \u010dten\u00ed\" \/>\n\t<meta name=\"twitter:data1\" content=\"1 minuta\" \/>\n<script type=\"application\/ld+json\" class=\"yoast-schema-graph\">{\"@context\":\"https:\\\/\\\/schema.org\",\"@graph\":[{\"@type\":\"WebPage\",\"@id\":\"https:\\\/\\\/oldtimerworks.com\\\/products\\\/front-light-dkw-nz-kdf\\\/\",\"url\":\"https:\\\/\\\/oldtimerworks.com\\\/products\\\/front-light-dkw-nz-kdf\\\/\",\"name\":\"Front headlight DKW, KdF - OldtimerWorks\",\"isPartOf\":{\"@id\":\"https:\\\/\\\/oldtimerworks.com\\\/cs\\\/#website\"},\"primaryImageOfPage\":{\"@id\":\"https:\\\/\\\/oldtimerworks.com\\\/products\\\/front-light-dkw-nz-kdf\\\/#primaryimage\"},\"image\":{\"@id\":\"https:\\\/\\\/oldtimerworks.com\\\/products\\\/front-light-dkw-nz-kdf\\\/#primaryimage\"},\"thumbnailUrl\":\"https:\\\/\\\/oldtimerworks.com\\\/wp-content\\\/uploads\\\/2022\\\/01\\\/IMG_20210520_201545-scaled-e1621592923120-wt.png\",\"datePublished\":\"2021-05-21T10:34:32+00:00\",\"dateModified\":\"2026-04-14T09:02:19+00:00\",\"description\":\"A nice replica of Hella's headlight for DKW nz 350-1, rt 125, KdF 82 and KdF 166. The price includes glass, frame, dish, bulb holder...\",\"breadcrumb\":{\"@id\":\"https:\\\/\\\/oldtimerworks.com\\\/products\\\/front-light-dkw-nz-kdf\\\/#breadcrumb\"},\"inLanguage\":\"cs\",\"potentialAction\":[{\"@type\":\"ReadAction\",\"target\":[\"https:\\\/\\\/oldtimerworks.com\\\/products\\\/front-light-dkw-nz-kdf\\\/\"]}]},{\"@type\":\"ImageObject\",\"inLanguage\":\"cs\",\"@id\":\"https:\\\/\\\/oldtimerworks.com\\\/products\\\/front-light-dkw-nz-kdf\\\/#primaryimage\",\"url\":\"https:\\\/\\\/oldtimerworks.com\\\/wp-content\\\/uploads\\\/2022\\\/01\\\/IMG_20210520_201545-scaled-e1621592923120-wt.png\",\"contentUrl\":\"https:\\\/\\\/oldtimerworks.com\\\/wp-content\\\/uploads\\\/2022\\\/01\\\/IMG_20210520_201545-scaled-e1621592923120-wt.png\",\"width\":2176,\"height\":1747},{\"@type\":\"BreadcrumbList\",\"@id\":\"https:\\\/\\\/oldtimerworks.com\\\/products\\\/front-light-dkw-nz-kdf\\\/#breadcrumb\",\"itemListElement\":[{\"@type\":\"ListItem\",\"position\":1,\"name\":\"Home\",\"item\":\"https:\\\/\\\/oldtimerworks.com\\\/\"},{\"@type\":\"ListItem\",\"position\":2,\"name\":\"Products\",\"item\":\"https:\\\/\\\/oldtimerworks.com\\\/products\\\/\"},{\"@type\":\"ListItem\",\"position\":3,\"name\":\"Front headlight DKW, KdF\"}]},{\"@type\":\"WebSite\",\"@id\":\"https:\\\/\\\/oldtimerworks.com\\\/cs\\\/#website\",\"url\":\"https:\\\/\\\/oldtimerworks.com\\\/cs\\\/\",\"name\":\"OldtimerWorks\",\"description\":\"E-Shop and Services\",\"publisher\":{\"@id\":\"https:\\\/\\\/oldtimerworks.com\\\/cs\\\/#organization\"},\"potentialAction\":[{\"@type\":\"SearchAction\",\"target\":{\"@type\":\"EntryPoint\",\"urlTemplate\":\"https:\\\/\\\/oldtimerworks.com\\\/cs\\\/?s={search_term_string}\"},\"query-input\":{\"@type\":\"PropertyValueSpecification\",\"valueRequired\":true,\"valueName\":\"search_term_string\"}}],\"inLanguage\":\"cs\"},{\"@type\":\"Organization\",\"@id\":\"https:\\\/\\\/oldtimerworks.com\\\/cs\\\/#organization\",\"name\":\"OldtimerWorks\",\"url\":\"https:\\\/\\\/oldtimerworks.com\\\/cs\\\/\",\"logo\":{\"@type\":\"ImageObject\",\"inLanguage\":\"cs\",\"@id\":\"https:\\\/\\\/oldtimerworks.com\\\/cs\\\/#\\\/schema\\\/logo\\\/image\\\/\",\"url\":\"https:\\\/\\\/oldtimerworks.com\\\/wp-content\\\/uploads\\\/2021\\\/03\\\/cropped-oldtimerworks.png\",\"contentUrl\":\"https:\\\/\\\/oldtimerworks.com\\\/wp-content\\\/uploads\\\/2021\\\/03\\\/cropped-oldtimerworks.png\",\"width\":512,\"height\":512,\"caption\":\"OldtimerWorks\"},\"image\":{\"@id\":\"https:\\\/\\\/oldtimerworks.com\\\/cs\\\/#\\\/schema\\\/logo\\\/image\\\/\"},\"sameAs\":[\"https:\\\/\\\/www.facebook.com\\\/oldtimerworks\"]}]}<\/script>\n<!-- \/ Yoast SEO plugin. -->","yoast_head_json":{"title":"Front headlight DKW, KdF - OldtimerWorks","description":"A nice replica of Hella's headlight for DKW nz 350-1, rt 125, KdF 82 and KdF 166. The price includes glass, frame, dish, bulb holder...","robots":{"index":"index","follow":"follow","max-snippet":"max-snippet:-1","max-image-preview":"max-image-preview:large","max-video-preview":"max-video-preview:-1"},"canonical":"https:\/\/oldtimerworks.com\/cs\/products\/front-light-dkw-nz-kdf\/","og_locale":"cs_CZ","og_type":"article","og_title":"Front headlight DKW, KdF - OldtimerWorks","og_description":"A nice replica of Hella's headlight for DKW nz 350-1, rt 125, KdF 82 and KdF 166. The price includes glass, frame, dish, bulb holder...","og_url":"https:\/\/oldtimerworks.com\/cs\/products\/front-light-dkw-nz-kdf\/","og_site_name":"OldtimerWorks","article_publisher":"https:\/\/www.facebook.com\/oldtimerworks","article_modified_time":"2026-04-14T09:02:19+00:00","og_image":[{"width":1024,"height":822,"url":"https:\/\/oldtimerworks.com\/wp-content\/uploads\/2022\/01\/IMG_20210520_201545-scaled-e1621592923120-wt-1024x822.png","type":"image\/png"}],"twitter_card":"summary_large_image","twitter_misc":{"Odhadovan\u00e1 doba \u010dten\u00ed":"1 minuta"},"schema":{"@context":"https:\/\/schema.org","@graph":[{"@type":"WebPage","@id":"https:\/\/oldtimerworks.com\/products\/front-light-dkw-nz-kdf\/","url":"https:\/\/oldtimerworks.com\/products\/front-light-dkw-nz-kdf\/","name":"Front headlight DKW, KdF - OldtimerWorks","isPartOf":{"@id":"https:\/\/oldtimerworks.com\/cs\/#website"},"primaryImageOfPage":{"@id":"https:\/\/oldtimerworks.com\/products\/front-light-dkw-nz-kdf\/#primaryimage"},"image":{"@id":"https:\/\/oldtimerworks.com\/products\/front-light-dkw-nz-kdf\/#primaryimage"},"thumbnailUrl":"https:\/\/oldtimerworks.com\/wp-content\/uploads\/2022\/01\/IMG_20210520_201545-scaled-e1621592923120-wt.png","datePublished":"2021-05-21T10:34:32+00:00","dateModified":"2026-04-14T09:02:19+00:00","description":"A nice replica of Hella's headlight for DKW nz 350-1, rt 125, KdF 82 and KdF 166. The price includes glass, frame, dish, bulb holder...","breadcrumb":{"@id":"https:\/\/oldtimerworks.com\/products\/front-light-dkw-nz-kdf\/#breadcrumb"},"inLanguage":"cs","potentialAction":[{"@type":"ReadAction","target":["https:\/\/oldtimerworks.com\/products\/front-light-dkw-nz-kdf\/"]}]},{"@type":"ImageObject","inLanguage":"cs","@id":"https:\/\/oldtimerworks.com\/products\/front-light-dkw-nz-kdf\/#primaryimage","url":"https:\/\/oldtimerworks.com\/wp-content\/uploads\/2022\/01\/IMG_20210520_201545-scaled-e1621592923120-wt.png","contentUrl":"https:\/\/oldtimerworks.com\/wp-content\/uploads\/2022\/01\/IMG_20210520_201545-scaled-e1621592923120-wt.png","width":2176,"height":1747},{"@type":"BreadcrumbList","@id":"https:\/\/oldtimerworks.com\/products\/front-light-dkw-nz-kdf\/#breadcrumb","itemListElement":[{"@type":"ListItem","position":1,"name":"Home","item":"https:\/\/oldtimerworks.com\/"},{"@type":"ListItem","position":2,"name":"Products","item":"https:\/\/oldtimerworks.com\/products\/"},{"@type":"ListItem","position":3,"name":"Front headlight DKW, KdF"}]},{"@type":"WebSite","@id":"https:\/\/oldtimerworks.com\/cs\/#website","url":"https:\/\/oldtimerworks.com\/cs\/","name":"OldtimerWorks","description":"E-Shop a slu\u017eby","publisher":{"@id":"https:\/\/oldtimerworks.com\/cs\/#organization"},"potentialAction":[{"@type":"SearchAction","target":{"@type":"EntryPoint","urlTemplate":"https:\/\/oldtimerworks.com\/cs\/?s={search_term_string}"},"query-input":{"@type":"PropertyValueSpecification","valueRequired":true,"valueName":"search_term_string"}}],"inLanguage":"cs"},{"@type":"Organization","@id":"https:\/\/oldtimerworks.com\/cs\/#organization","name":"OldtimerWorks","url":"https:\/\/oldtimerworks.com\/cs\/","logo":{"@type":"ImageObject","inLanguage":"cs","@id":"https:\/\/oldtimerworks.com\/cs\/#\/schema\/logo\/image\/","url":"https:\/\/oldtimerworks.com\/wp-content\/uploads\/2021\/03\/cropped-oldtimerworks.png","contentUrl":"https:\/\/oldtimerworks.com\/wp-content\/uploads\/2021\/03\/cropped-oldtimerworks.png","width":512,"height":512,"caption":"OldtimerWorks"},"image":{"@id":"https:\/\/oldtimerworks.com\/cs\/#\/schema\/logo\/image\/"},"sameAs":["https:\/\/www.facebook.com\/oldtimerworks"]}]}},"_links":{"self":[{"href":"https:\/\/oldtimerworks.com\/cs\/wp-json\/wp\/v2\/product\/645","targetHints":{"allow":["GET"]}}],"collection":[{"href":"https:\/\/oldtimerworks.com\/cs\/wp-json\/wp\/v2\/product"}],"about":[{"href":"https:\/\/oldtimerworks.com\/cs\/wp-json\/wp\/v2\/types\/product"}],"wp:featuredmedia":[{"embeddable":true,"href":"https:\/\/oldtimerworks.com\/cs\/wp-json\/wp\/v2\/media\/866"}],"wp:attachment":[{"href":"https:\/\/oldtimerworks.com\/cs\/wp-json\/wp\/v2\/media?parent=645"}],"wp:term":[{"taxonomy":"product_brand","embeddable":true,"href":"https:\/\/oldtimerworks.com\/cs\/wp-json\/wp\/v2\/product_brand?post=645"},{"taxonomy":"product_cat","embeddable":true,"href":"https:\/\/oldtimerworks.com\/cs\/wp-json\/wp\/v2\/product_cat?post=645"},{"taxonomy":"product_tag","embeddable":true,"href":"https:\/\/oldtimerworks.com\/cs\/wp-json\/wp\/v2\/product_tag?post=645"}],"curies":[{"name":"wp","href":"https:\/\/api.w.org\/{rel}","templated":true}]}}