{"id":616,"date":"2021-05-16T21:32:33","date_gmt":"2021-05-16T19:32:33","guid":{"rendered":"https:\/\/oldtimerworks.com\/?post_type=product&#038;p=616"},"modified":"2026-04-16T07:18:42","modified_gmt":"2026-04-16T05:18:42","slug":"screw-front-notek","status":"publish","type":"product","link":"https:\/\/oldtimerworks.com\/cs\/products\/screw-front-notek\/","title":{"rendered":"\u0160rouby pro p\u0159edn\u00ed Notek"},"content":{"rendered":"<p>Set \u0161roubu a mati\u010dek pro p\u0159edn\u00ed Notek.<\/p>\n<p>&nbsp;<\/p>\n<p>Odkaz pro zadn\u00ed Notek, <a href=\"https:\/\/oldtimerworks.com\/cs\/products\/rear-contact-notek\/\">klikn\u011bte zde<\/a>.<\/p>","protected":false},"excerpt":{"rendered":"<p>Set \u0161roubu a matic pro p\u0159edn\u00ed Notek. Odkaz pro p\u0159edn\u00ed Notek, klikn\u011bte zde.<\/p>","protected":false},"featured_media":870,"template":"","meta":[],"product_brand":[],"product_cat":[48,47,64],"product_tag":[],"class_list":{"0":"post-616","1":"product","2":"type-product","3":"status-publish","4":"has-post-thumbnail","6":"product_cat-kdf-166","7":"product_cat-kdf-82","8":"product_cat-notek","10":"first","11":"instock","12":"shipping-taxable","13":"purchasable","14":"product-type-simple"},"yoast_head":"<!-- This site is optimized with the Yoast SEO plugin v27.5 - https:\/\/yoast.com\/product\/yoast-seo-wordpress\/ -->\n<title>Screw front Notek - OldtimerWorks<\/title>\n<meta name=\"description\" content=\"Set of screws for front Notek. Link for rear notek, click here.\" \/>\n<meta name=\"robots\" content=\"index, follow, max-snippet:-1, max-image-preview:large, max-video-preview:-1\" \/>\n<link rel=\"canonical\" href=\"https:\/\/oldtimerworks.com\/cs\/products\/screw-front-notek\/\" \/>\n<meta property=\"og:locale\" content=\"cs_CZ\" \/>\n<meta property=\"og:type\" content=\"article\" \/>\n<meta property=\"og:title\" content=\"Screw front Notek - OldtimerWorks\" \/>\n<meta property=\"og:description\" content=\"Set of screws for front Notek. Link for rear notek, click here.\" \/>\n<meta property=\"og:url\" content=\"https:\/\/oldtimerworks.com\/cs\/products\/screw-front-notek\/\" \/>\n<meta property=\"og:site_name\" content=\"OldtimerWorks\" \/>\n<meta property=\"article:publisher\" content=\"https:\/\/www.facebook.com\/oldtimerworks\" \/>\n<meta property=\"article:modified_time\" content=\"2026-04-16T05:18:42+00:00\" \/>\n<meta property=\"og:image\" content=\"https:\/\/oldtimerworks.com\/wp-content\/uploads\/2022\/01\/CNCL008-wt.png\" \/>\n\t<meta property=\"og:image:width\" content=\"2000\" \/>\n\t<meta property=\"og:image:height\" content=\"1333\" \/>\n\t<meta property=\"og:image:type\" content=\"image\/png\" \/>\n<meta name=\"twitter:card\" content=\"summary_large_image\" \/>\n<meta name=\"twitter:label1\" content=\"Odhadovan\u00e1 doba \u010dten\u00ed\" \/>\n\t<meta name=\"twitter:data1\" content=\"1 minuta\" \/>\n<script type=\"application\/ld+json\" class=\"yoast-schema-graph\">{\"@context\":\"https:\\\/\\\/schema.org\",\"@graph\":[{\"@type\":\"WebPage\",\"@id\":\"https:\\\/\\\/oldtimerworks.com\\\/products\\\/screw-front-notek\\\/\",\"url\":\"https:\\\/\\\/oldtimerworks.com\\\/products\\\/screw-front-notek\\\/\",\"name\":\"Screw front Notek - OldtimerWorks\",\"isPartOf\":{\"@id\":\"https:\\\/\\\/oldtimerworks.com\\\/cs\\\/#website\"},\"primaryImageOfPage\":{\"@id\":\"https:\\\/\\\/oldtimerworks.com\\\/products\\\/screw-front-notek\\\/#primaryimage\"},\"image\":{\"@id\":\"https:\\\/\\\/oldtimerworks.com\\\/products\\\/screw-front-notek\\\/#primaryimage\"},\"thumbnailUrl\":\"https:\\\/\\\/oldtimerworks.com\\\/wp-content\\\/uploads\\\/2022\\\/01\\\/CNCL008-wt.png\",\"datePublished\":\"2021-05-16T19:32:33+00:00\",\"dateModified\":\"2026-04-16T05:18:42+00:00\",\"description\":\"Set of screws for front Notek. Link for rear notek, click here.\",\"breadcrumb\":{\"@id\":\"https:\\\/\\\/oldtimerworks.com\\\/products\\\/screw-front-notek\\\/#breadcrumb\"},\"inLanguage\":\"cs\",\"potentialAction\":[{\"@type\":\"ReadAction\",\"target\":[\"https:\\\/\\\/oldtimerworks.com\\\/products\\\/screw-front-notek\\\/\"]}]},{\"@type\":\"ImageObject\",\"inLanguage\":\"cs\",\"@id\":\"https:\\\/\\\/oldtimerworks.com\\\/products\\\/screw-front-notek\\\/#primaryimage\",\"url\":\"https:\\\/\\\/oldtimerworks.com\\\/wp-content\\\/uploads\\\/2022\\\/01\\\/CNCL008-wt.png\",\"contentUrl\":\"https:\\\/\\\/oldtimerworks.com\\\/wp-content\\\/uploads\\\/2022\\\/01\\\/CNCL008-wt.png\",\"width\":2000,\"height\":1333},{\"@type\":\"BreadcrumbList\",\"@id\":\"https:\\\/\\\/oldtimerworks.com\\\/products\\\/screw-front-notek\\\/#breadcrumb\",\"itemListElement\":[{\"@type\":\"ListItem\",\"position\":1,\"name\":\"Home\",\"item\":\"https:\\\/\\\/oldtimerworks.com\\\/\"},{\"@type\":\"ListItem\",\"position\":2,\"name\":\"Products\",\"item\":\"https:\\\/\\\/oldtimerworks.com\\\/products\\\/\"},{\"@type\":\"ListItem\",\"position\":3,\"name\":\"Screw front Notek\"}]},{\"@type\":\"WebSite\",\"@id\":\"https:\\\/\\\/oldtimerworks.com\\\/cs\\\/#website\",\"url\":\"https:\\\/\\\/oldtimerworks.com\\\/cs\\\/\",\"name\":\"OldtimerWorks\",\"description\":\"E-Shop and Services\",\"publisher\":{\"@id\":\"https:\\\/\\\/oldtimerworks.com\\\/cs\\\/#organization\"},\"potentialAction\":[{\"@type\":\"SearchAction\",\"target\":{\"@type\":\"EntryPoint\",\"urlTemplate\":\"https:\\\/\\\/oldtimerworks.com\\\/cs\\\/?s={search_term_string}\"},\"query-input\":{\"@type\":\"PropertyValueSpecification\",\"valueRequired\":true,\"valueName\":\"search_term_string\"}}],\"inLanguage\":\"cs\"},{\"@type\":\"Organization\",\"@id\":\"https:\\\/\\\/oldtimerworks.com\\\/cs\\\/#organization\",\"name\":\"OldtimerWorks\",\"url\":\"https:\\\/\\\/oldtimerworks.com\\\/cs\\\/\",\"logo\":{\"@type\":\"ImageObject\",\"inLanguage\":\"cs\",\"@id\":\"https:\\\/\\\/oldtimerworks.com\\\/cs\\\/#\\\/schema\\\/logo\\\/image\\\/\",\"url\":\"https:\\\/\\\/oldtimerworks.com\\\/wp-content\\\/uploads\\\/2021\\\/03\\\/cropped-oldtimerworks.png\",\"contentUrl\":\"https:\\\/\\\/oldtimerworks.com\\\/wp-content\\\/uploads\\\/2021\\\/03\\\/cropped-oldtimerworks.png\",\"width\":512,\"height\":512,\"caption\":\"OldtimerWorks\"},\"image\":{\"@id\":\"https:\\\/\\\/oldtimerworks.com\\\/cs\\\/#\\\/schema\\\/logo\\\/image\\\/\"},\"sameAs\":[\"https:\\\/\\\/www.facebook.com\\\/oldtimerworks\"]}]}<\/script>\n<!-- \/ Yoast SEO plugin. -->","yoast_head_json":{"title":"Screw front Notek - OldtimerWorks","description":"Set of screws for front Notek. Link for rear notek, click here.","robots":{"index":"index","follow":"follow","max-snippet":"max-snippet:-1","max-image-preview":"max-image-preview:large","max-video-preview":"max-video-preview:-1"},"canonical":"https:\/\/oldtimerworks.com\/cs\/products\/screw-front-notek\/","og_locale":"cs_CZ","og_type":"article","og_title":"Screw front Notek - OldtimerWorks","og_description":"Set of screws for front Notek. Link for rear notek, click here.","og_url":"https:\/\/oldtimerworks.com\/cs\/products\/screw-front-notek\/","og_site_name":"OldtimerWorks","article_publisher":"https:\/\/www.facebook.com\/oldtimerworks","article_modified_time":"2026-04-16T05:18:42+00:00","og_image":[{"width":2000,"height":1333,"url":"https:\/\/oldtimerworks.com\/wp-content\/uploads\/2022\/01\/CNCL008-wt.png","type":"image\/png"}],"twitter_card":"summary_large_image","twitter_misc":{"Odhadovan\u00e1 doba \u010dten\u00ed":"1 minuta"},"schema":{"@context":"https:\/\/schema.org","@graph":[{"@type":"WebPage","@id":"https:\/\/oldtimerworks.com\/products\/screw-front-notek\/","url":"https:\/\/oldtimerworks.com\/products\/screw-front-notek\/","name":"Screw front Notek - OldtimerWorks","isPartOf":{"@id":"https:\/\/oldtimerworks.com\/cs\/#website"},"primaryImageOfPage":{"@id":"https:\/\/oldtimerworks.com\/products\/screw-front-notek\/#primaryimage"},"image":{"@id":"https:\/\/oldtimerworks.com\/products\/screw-front-notek\/#primaryimage"},"thumbnailUrl":"https:\/\/oldtimerworks.com\/wp-content\/uploads\/2022\/01\/CNCL008-wt.png","datePublished":"2021-05-16T19:32:33+00:00","dateModified":"2026-04-16T05:18:42+00:00","description":"Set of screws for front Notek. Link for rear notek, click here.","breadcrumb":{"@id":"https:\/\/oldtimerworks.com\/products\/screw-front-notek\/#breadcrumb"},"inLanguage":"cs","potentialAction":[{"@type":"ReadAction","target":["https:\/\/oldtimerworks.com\/products\/screw-front-notek\/"]}]},{"@type":"ImageObject","inLanguage":"cs","@id":"https:\/\/oldtimerworks.com\/products\/screw-front-notek\/#primaryimage","url":"https:\/\/oldtimerworks.com\/wp-content\/uploads\/2022\/01\/CNCL008-wt.png","contentUrl":"https:\/\/oldtimerworks.com\/wp-content\/uploads\/2022\/01\/CNCL008-wt.png","width":2000,"height":1333},{"@type":"BreadcrumbList","@id":"https:\/\/oldtimerworks.com\/products\/screw-front-notek\/#breadcrumb","itemListElement":[{"@type":"ListItem","position":1,"name":"Home","item":"https:\/\/oldtimerworks.com\/"},{"@type":"ListItem","position":2,"name":"Products","item":"https:\/\/oldtimerworks.com\/products\/"},{"@type":"ListItem","position":3,"name":"Screw front Notek"}]},{"@type":"WebSite","@id":"https:\/\/oldtimerworks.com\/cs\/#website","url":"https:\/\/oldtimerworks.com\/cs\/","name":"OldtimerWorks","description":"E-Shop a slu\u017eby","publisher":{"@id":"https:\/\/oldtimerworks.com\/cs\/#organization"},"potentialAction":[{"@type":"SearchAction","target":{"@type":"EntryPoint","urlTemplate":"https:\/\/oldtimerworks.com\/cs\/?s={search_term_string}"},"query-input":{"@type":"PropertyValueSpecification","valueRequired":true,"valueName":"search_term_string"}}],"inLanguage":"cs"},{"@type":"Organization","@id":"https:\/\/oldtimerworks.com\/cs\/#organization","name":"OldtimerWorks","url":"https:\/\/oldtimerworks.com\/cs\/","logo":{"@type":"ImageObject","inLanguage":"cs","@id":"https:\/\/oldtimerworks.com\/cs\/#\/schema\/logo\/image\/","url":"https:\/\/oldtimerworks.com\/wp-content\/uploads\/2021\/03\/cropped-oldtimerworks.png","contentUrl":"https:\/\/oldtimerworks.com\/wp-content\/uploads\/2021\/03\/cropped-oldtimerworks.png","width":512,"height":512,"caption":"OldtimerWorks"},"image":{"@id":"https:\/\/oldtimerworks.com\/cs\/#\/schema\/logo\/image\/"},"sameAs":["https:\/\/www.facebook.com\/oldtimerworks"]}]}},"_links":{"self":[{"href":"https:\/\/oldtimerworks.com\/cs\/wp-json\/wp\/v2\/product\/616","targetHints":{"allow":["GET"]}}],"collection":[{"href":"https:\/\/oldtimerworks.com\/cs\/wp-json\/wp\/v2\/product"}],"about":[{"href":"https:\/\/oldtimerworks.com\/cs\/wp-json\/wp\/v2\/types\/product"}],"wp:featuredmedia":[{"embeddable":true,"href":"https:\/\/oldtimerworks.com\/cs\/wp-json\/wp\/v2\/media\/870"}],"wp:attachment":[{"href":"https:\/\/oldtimerworks.com\/cs\/wp-json\/wp\/v2\/media?parent=616"}],"wp:term":[{"taxonomy":"product_brand","embeddable":true,"href":"https:\/\/oldtimerworks.com\/cs\/wp-json\/wp\/v2\/product_brand?post=616"},{"taxonomy":"product_cat","embeddable":true,"href":"https:\/\/oldtimerworks.com\/cs\/wp-json\/wp\/v2\/product_cat?post=616"},{"taxonomy":"product_tag","embeddable":true,"href":"https:\/\/oldtimerworks.com\/cs\/wp-json\/wp\/v2\/product_tag?post=616"}],"curies":[{"name":"wp","href":"https:\/\/api.w.org\/{rel}","templated":true}]}}