{"id":2545,"date":"2026-04-21T15:31:09","date_gmt":"2026-04-21T13:31:09","guid":{"rendered":"https:\/\/oldtimerworks.com\/?post_type=product&#038;p=2545"},"modified":"2026-04-21T15:31:09","modified_gmt":"2026-04-21T13:31:09","slug":"lever-mount-clamp-dkw-nz350-1","status":"publish","type":"product","link":"https:\/\/oldtimerworks.com\/cs\/products\/lever-mount-clamp-dkw-nz350-1\/","title":{"rendered":"Lever Mount Clamp DKW NZ350-1"},"content":{"rendered":"<p>Lever mount clamp for DKW NZ350-1 and NZ350\/43 motorcycles. The clamp is made of spring steel.<\/p>\n<p>Befestingungsschelle f. Kupplung. &#8211; Handhebel<\/p>\n<p>Befestingungsschelle f\u00fcr Handbremshebel<\/p>\n<p>Ersatz Nr. 109392-1, 109392-2<\/p>\n<p>&nbsp;<\/p>","protected":false},"excerpt":{"rendered":"<p>Lever mount clamp for DKW NZ350-1 and NZ350\/43 motorcycles. The clamp is made of spring steel. Befestingungsschelle f. Kupplung. &#8211; Handhebel Befestingungsschelle f\u00fcr Handbremshebel Ersatz Nr. 109392-1, 109392-2 &nbsp;<\/p>","protected":false},"featured_media":2546,"template":"","meta":[],"product_brand":[],"product_cat":[45,38],"product_tag":[],"class_list":{"0":"post-2545","1":"product","2":"type-product","3":"status-publish","4":"has-post-thumbnail","6":"product_cat-dkw","7":"product_cat-dkw-nz","9":"first","10":"instock","11":"shipping-taxable","12":"purchasable","13":"product-type-simple"},"yoast_head":"<!-- This site is optimized with the Yoast SEO plugin v27.5 - https:\/\/yoast.com\/product\/yoast-seo-wordpress\/ -->\n<title>Lever Mount Clamp DKW NZ350-1 - OldtimerWorks<\/title>\n<meta name=\"description\" content=\"Lever mount clamp for DKW NZ350-1 and NZ350\/43 motorcycles. Befestingungsschelle f\u00fcr Handbremshebel Ersatz Nr. 109392-1, 109392-2\" \/>\n<meta name=\"robots\" content=\"index, follow, max-snippet:-1, max-image-preview:large, max-video-preview:-1\" \/>\n<link rel=\"canonical\" href=\"https:\/\/oldtimerworks.com\/cs\/products\/lever-mount-clamp-dkw-nz350-1\/\" \/>\n<meta property=\"og:locale\" content=\"cs_CZ\" \/>\n<meta property=\"og:type\" content=\"article\" \/>\n<meta property=\"og:title\" content=\"Lever Mount Clamp DKW NZ350-1 - OldtimerWorks\" \/>\n<meta property=\"og:description\" content=\"Lever mount clamp for DKW NZ350-1 and NZ350\/43 motorcycles. Befestingungsschelle f\u00fcr Handbremshebel Ersatz Nr. 109392-1, 109392-2\" \/>\n<meta property=\"og:url\" content=\"https:\/\/oldtimerworks.com\/cs\/products\/lever-mount-clamp-dkw-nz350-1\/\" \/>\n<meta property=\"og:site_name\" content=\"OldtimerWorks\" \/>\n<meta property=\"article:publisher\" content=\"https:\/\/www.facebook.com\/oldtimerworks\" \/>\n<meta property=\"og:image\" content=\"https:\/\/oldtimerworks.com\/wp-content\/uploads\/2026\/04\/20260417_182357-scaled.jpg\" \/>\n\t<meta property=\"og:image:width\" content=\"2560\" \/>\n\t<meta property=\"og:image:height\" content=\"2267\" \/>\n\t<meta property=\"og:image:type\" content=\"image\/jpeg\" \/>\n<meta name=\"twitter:card\" content=\"summary_large_image\" \/>\n<meta name=\"twitter:label1\" content=\"Odhadovan\u00e1 doba \u010dten\u00ed\" \/>\n\t<meta name=\"twitter:data1\" content=\"1 minuta\" \/>\n<script type=\"application\/ld+json\" class=\"yoast-schema-graph\">{\"@context\":\"https:\\\/\\\/schema.org\",\"@graph\":[{\"@type\":\"WebPage\",\"@id\":\"https:\\\/\\\/oldtimerworks.com\\\/products\\\/lever-mount-clamp-dkw-nz350-1\\\/\",\"url\":\"https:\\\/\\\/oldtimerworks.com\\\/products\\\/lever-mount-clamp-dkw-nz350-1\\\/\",\"name\":\"Lever Mount Clamp DKW NZ350-1 - OldtimerWorks\",\"isPartOf\":{\"@id\":\"https:\\\/\\\/oldtimerworks.com\\\/cs\\\/#website\"},\"primaryImageOfPage\":{\"@id\":\"https:\\\/\\\/oldtimerworks.com\\\/products\\\/lever-mount-clamp-dkw-nz350-1\\\/#primaryimage\"},\"image\":{\"@id\":\"https:\\\/\\\/oldtimerworks.com\\\/products\\\/lever-mount-clamp-dkw-nz350-1\\\/#primaryimage\"},\"thumbnailUrl\":\"https:\\\/\\\/oldtimerworks.com\\\/wp-content\\\/uploads\\\/2026\\\/04\\\/20260417_182357-scaled.jpg\",\"datePublished\":\"2026-04-21T13:31:09+00:00\",\"description\":\"Lever mount clamp for DKW NZ350-1 and NZ350\\\/43 motorcycles. Befestingungsschelle f\u00fcr Handbremshebel Ersatz Nr. 109392-1, 109392-2\",\"breadcrumb\":{\"@id\":\"https:\\\/\\\/oldtimerworks.com\\\/products\\\/lever-mount-clamp-dkw-nz350-1\\\/#breadcrumb\"},\"inLanguage\":\"cs\",\"potentialAction\":[{\"@type\":\"ReadAction\",\"target\":[\"https:\\\/\\\/oldtimerworks.com\\\/products\\\/lever-mount-clamp-dkw-nz350-1\\\/\"]}]},{\"@type\":\"ImageObject\",\"inLanguage\":\"cs\",\"@id\":\"https:\\\/\\\/oldtimerworks.com\\\/products\\\/lever-mount-clamp-dkw-nz350-1\\\/#primaryimage\",\"url\":\"https:\\\/\\\/oldtimerworks.com\\\/wp-content\\\/uploads\\\/2026\\\/04\\\/20260417_182357-scaled.jpg\",\"contentUrl\":\"https:\\\/\\\/oldtimerworks.com\\\/wp-content\\\/uploads\\\/2026\\\/04\\\/20260417_182357-scaled.jpg\",\"width\":2560,\"height\":2267},{\"@type\":\"BreadcrumbList\",\"@id\":\"https:\\\/\\\/oldtimerworks.com\\\/products\\\/lever-mount-clamp-dkw-nz350-1\\\/#breadcrumb\",\"itemListElement\":[{\"@type\":\"ListItem\",\"position\":1,\"name\":\"Home\",\"item\":\"https:\\\/\\\/oldtimerworks.com\\\/\"},{\"@type\":\"ListItem\",\"position\":2,\"name\":\"Products\",\"item\":\"https:\\\/\\\/oldtimerworks.com\\\/products\\\/\"},{\"@type\":\"ListItem\",\"position\":3,\"name\":\"Lever Mount Clamp DKW NZ350-1\"}]},{\"@type\":\"WebSite\",\"@id\":\"https:\\\/\\\/oldtimerworks.com\\\/cs\\\/#website\",\"url\":\"https:\\\/\\\/oldtimerworks.com\\\/cs\\\/\",\"name\":\"OldtimerWorks\",\"description\":\"E-Shop and Services\",\"publisher\":{\"@id\":\"https:\\\/\\\/oldtimerworks.com\\\/cs\\\/#organization\"},\"potentialAction\":[{\"@type\":\"SearchAction\",\"target\":{\"@type\":\"EntryPoint\",\"urlTemplate\":\"https:\\\/\\\/oldtimerworks.com\\\/cs\\\/?s={search_term_string}\"},\"query-input\":{\"@type\":\"PropertyValueSpecification\",\"valueRequired\":true,\"valueName\":\"search_term_string\"}}],\"inLanguage\":\"cs\"},{\"@type\":\"Organization\",\"@id\":\"https:\\\/\\\/oldtimerworks.com\\\/cs\\\/#organization\",\"name\":\"OldtimerWorks\",\"url\":\"https:\\\/\\\/oldtimerworks.com\\\/cs\\\/\",\"logo\":{\"@type\":\"ImageObject\",\"inLanguage\":\"cs\",\"@id\":\"https:\\\/\\\/oldtimerworks.com\\\/cs\\\/#\\\/schema\\\/logo\\\/image\\\/\",\"url\":\"https:\\\/\\\/oldtimerworks.com\\\/wp-content\\\/uploads\\\/2021\\\/03\\\/cropped-oldtimerworks.png\",\"contentUrl\":\"https:\\\/\\\/oldtimerworks.com\\\/wp-content\\\/uploads\\\/2021\\\/03\\\/cropped-oldtimerworks.png\",\"width\":512,\"height\":512,\"caption\":\"OldtimerWorks\"},\"image\":{\"@id\":\"https:\\\/\\\/oldtimerworks.com\\\/cs\\\/#\\\/schema\\\/logo\\\/image\\\/\"},\"sameAs\":[\"https:\\\/\\\/www.facebook.com\\\/oldtimerworks\"]}]}<\/script>\n<!-- \/ Yoast SEO plugin. -->","yoast_head_json":{"title":"Lever Mount Clamp DKW NZ350-1 - OldtimerWorks","description":"Lever mount clamp for DKW NZ350-1 and NZ350\/43 motorcycles. Befestingungsschelle f\u00fcr Handbremshebel Ersatz Nr. 109392-1, 109392-2","robots":{"index":"index","follow":"follow","max-snippet":"max-snippet:-1","max-image-preview":"max-image-preview:large","max-video-preview":"max-video-preview:-1"},"canonical":"https:\/\/oldtimerworks.com\/cs\/products\/lever-mount-clamp-dkw-nz350-1\/","og_locale":"cs_CZ","og_type":"article","og_title":"Lever Mount Clamp DKW NZ350-1 - OldtimerWorks","og_description":"Lever mount clamp for DKW NZ350-1 and NZ350\/43 motorcycles. Befestingungsschelle f\u00fcr Handbremshebel Ersatz Nr. 109392-1, 109392-2","og_url":"https:\/\/oldtimerworks.com\/cs\/products\/lever-mount-clamp-dkw-nz350-1\/","og_site_name":"OldtimerWorks","article_publisher":"https:\/\/www.facebook.com\/oldtimerworks","og_image":[{"width":2560,"height":2267,"url":"https:\/\/oldtimerworks.com\/wp-content\/uploads\/2026\/04\/20260417_182357-scaled.jpg","type":"image\/jpeg"}],"twitter_card":"summary_large_image","twitter_misc":{"Odhadovan\u00e1 doba \u010dten\u00ed":"1 minuta"},"schema":{"@context":"https:\/\/schema.org","@graph":[{"@type":"WebPage","@id":"https:\/\/oldtimerworks.com\/products\/lever-mount-clamp-dkw-nz350-1\/","url":"https:\/\/oldtimerworks.com\/products\/lever-mount-clamp-dkw-nz350-1\/","name":"Lever Mount Clamp DKW NZ350-1 - OldtimerWorks","isPartOf":{"@id":"https:\/\/oldtimerworks.com\/cs\/#website"},"primaryImageOfPage":{"@id":"https:\/\/oldtimerworks.com\/products\/lever-mount-clamp-dkw-nz350-1\/#primaryimage"},"image":{"@id":"https:\/\/oldtimerworks.com\/products\/lever-mount-clamp-dkw-nz350-1\/#primaryimage"},"thumbnailUrl":"https:\/\/oldtimerworks.com\/wp-content\/uploads\/2026\/04\/20260417_182357-scaled.jpg","datePublished":"2026-04-21T13:31:09+00:00","description":"Lever mount clamp for DKW NZ350-1 and NZ350\/43 motorcycles. Befestingungsschelle f\u00fcr Handbremshebel Ersatz Nr. 109392-1, 109392-2","breadcrumb":{"@id":"https:\/\/oldtimerworks.com\/products\/lever-mount-clamp-dkw-nz350-1\/#breadcrumb"},"inLanguage":"cs","potentialAction":[{"@type":"ReadAction","target":["https:\/\/oldtimerworks.com\/products\/lever-mount-clamp-dkw-nz350-1\/"]}]},{"@type":"ImageObject","inLanguage":"cs","@id":"https:\/\/oldtimerworks.com\/products\/lever-mount-clamp-dkw-nz350-1\/#primaryimage","url":"https:\/\/oldtimerworks.com\/wp-content\/uploads\/2026\/04\/20260417_182357-scaled.jpg","contentUrl":"https:\/\/oldtimerworks.com\/wp-content\/uploads\/2026\/04\/20260417_182357-scaled.jpg","width":2560,"height":2267},{"@type":"BreadcrumbList","@id":"https:\/\/oldtimerworks.com\/products\/lever-mount-clamp-dkw-nz350-1\/#breadcrumb","itemListElement":[{"@type":"ListItem","position":1,"name":"Home","item":"https:\/\/oldtimerworks.com\/"},{"@type":"ListItem","position":2,"name":"Products","item":"https:\/\/oldtimerworks.com\/products\/"},{"@type":"ListItem","position":3,"name":"Lever Mount Clamp DKW NZ350-1"}]},{"@type":"WebSite","@id":"https:\/\/oldtimerworks.com\/cs\/#website","url":"https:\/\/oldtimerworks.com\/cs\/","name":"OldtimerWorks","description":"E-Shop a slu\u017eby","publisher":{"@id":"https:\/\/oldtimerworks.com\/cs\/#organization"},"potentialAction":[{"@type":"SearchAction","target":{"@type":"EntryPoint","urlTemplate":"https:\/\/oldtimerworks.com\/cs\/?s={search_term_string}"},"query-input":{"@type":"PropertyValueSpecification","valueRequired":true,"valueName":"search_term_string"}}],"inLanguage":"cs"},{"@type":"Organization","@id":"https:\/\/oldtimerworks.com\/cs\/#organization","name":"OldtimerWorks","url":"https:\/\/oldtimerworks.com\/cs\/","logo":{"@type":"ImageObject","inLanguage":"cs","@id":"https:\/\/oldtimerworks.com\/cs\/#\/schema\/logo\/image\/","url":"https:\/\/oldtimerworks.com\/wp-content\/uploads\/2021\/03\/cropped-oldtimerworks.png","contentUrl":"https:\/\/oldtimerworks.com\/wp-content\/uploads\/2021\/03\/cropped-oldtimerworks.png","width":512,"height":512,"caption":"OldtimerWorks"},"image":{"@id":"https:\/\/oldtimerworks.com\/cs\/#\/schema\/logo\/image\/"},"sameAs":["https:\/\/www.facebook.com\/oldtimerworks"]}]}},"_links":{"self":[{"href":"https:\/\/oldtimerworks.com\/cs\/wp-json\/wp\/v2\/product\/2545","targetHints":{"allow":["GET"]}}],"collection":[{"href":"https:\/\/oldtimerworks.com\/cs\/wp-json\/wp\/v2\/product"}],"about":[{"href":"https:\/\/oldtimerworks.com\/cs\/wp-json\/wp\/v2\/types\/product"}],"wp:featuredmedia":[{"embeddable":true,"href":"https:\/\/oldtimerworks.com\/cs\/wp-json\/wp\/v2\/media\/2546"}],"wp:attachment":[{"href":"https:\/\/oldtimerworks.com\/cs\/wp-json\/wp\/v2\/media?parent=2545"}],"wp:term":[{"taxonomy":"product_brand","embeddable":true,"href":"https:\/\/oldtimerworks.com\/cs\/wp-json\/wp\/v2\/product_brand?post=2545"},{"taxonomy":"product_cat","embeddable":true,"href":"https:\/\/oldtimerworks.com\/cs\/wp-json\/wp\/v2\/product_cat?post=2545"},{"taxonomy":"product_tag","embeddable":true,"href":"https:\/\/oldtimerworks.com\/cs\/wp-json\/wp\/v2\/product_tag?post=2545"}],"curies":[{"name":"wp","href":"https:\/\/api.w.org\/{rel}","templated":true}]}}