{"id":2515,"date":"2026-04-11T09:45:01","date_gmt":"2026-04-11T07:45:01","guid":{"rendered":"https:\/\/oldtimerworks.com\/?post_type=product&#038;p=2515"},"modified":"2026-04-14T10:08:08","modified_gmt":"2026-04-14T08:08:08","slug":"door-seals-kdf-82","status":"publish","type":"product","link":"https:\/\/oldtimerworks.com\/cs\/products\/door-seals-kdf-82\/","title":{"rendered":"Door Seals KdF 82"},"content":{"rendered":"<p>Set of door Seals for KdF type 82 K\u00fcbelwagen.<\/p>\n<p>The sets include 2x seals. Length of the seal is 400mm.<\/p>\n<p>One set is needed for one vehicle.<\/p>\n<p>T\u00fcrdichtung an Gellenktrager<\/p>\n<p>Ersatz Nr. 26808147<\/p>","protected":false},"excerpt":{"rendered":"<p>Set of door Seals for KdF type 82 K\u00fcbelwagen. The sets include 2x seals. Length of the seal is 400mm. One set is needed for one vehicle. T\u00fcrdichtung an Gellenktrager Ersatz Nr. 26808147<\/p>","protected":false},"featured_media":2516,"template":"","meta":[],"product_brand":[],"product_cat":[40,47,66],"product_tag":[],"class_list":{"0":"post-2515","1":"product","2":"type-product","3":"status-publish","4":"has-post-thumbnail","6":"product_cat-kdf","7":"product_cat-kdf-82","8":"product_cat-rubber-parts-kdf-82","10":"first","11":"instock","12":"shipping-taxable","13":"purchasable","14":"product-type-simple"},"yoast_head":"<!-- This site is optimized with the Yoast SEO plugin v27.4 - https:\/\/yoast.com\/product\/yoast-seo-wordpress\/ -->\n<title>Door Seals KdF 82 - OldtimerWorks<\/title>\n<meta name=\"description\" content=\"Set of door Seals for KdF type 82 K\u00fcbelwagen. The sets include 2x seals. Length of the seal is 400mm. T\u00fcrdichtung an GellenktragerErsatz Nr. 26808147\" \/>\n<meta name=\"robots\" content=\"index, follow, max-snippet:-1, max-image-preview:large, max-video-preview:-1\" \/>\n<link rel=\"canonical\" href=\"https:\/\/oldtimerworks.com\/cs\/products\/door-seals-kdf-82\/\" \/>\n<meta property=\"og:locale\" content=\"cs_CZ\" \/>\n<meta property=\"og:type\" content=\"article\" \/>\n<meta property=\"og:title\" content=\"Door Seals KdF 82 - OldtimerWorks\" \/>\n<meta property=\"og:description\" content=\"Set of door Seals for KdF type 82 K\u00fcbelwagen. The sets include 2x seals. Length of the seal is 400mm. T\u00fcrdichtung an GellenktragerErsatz Nr. 26808147\" \/>\n<meta property=\"og:url\" content=\"https:\/\/oldtimerworks.com\/cs\/products\/door-seals-kdf-82\/\" \/>\n<meta property=\"og:site_name\" content=\"OldtimerWorks\" \/>\n<meta property=\"article:publisher\" content=\"https:\/\/www.facebook.com\/oldtimerworks\" \/>\n<meta property=\"article:modified_time\" content=\"2026-04-14T08:08:08+00:00\" \/>\n<meta property=\"og:image\" content=\"https:\/\/oldtimerworks.com\/wp-content\/uploads\/2026\/04\/20260410_181213-scaled.jpg\" \/>\n\t<meta property=\"og:image:width\" content=\"2560\" \/>\n\t<meta property=\"og:image:height\" content=\"1920\" \/>\n\t<meta property=\"og:image:type\" content=\"image\/jpeg\" \/>\n<meta name=\"twitter:card\" content=\"summary_large_image\" \/>\n<meta name=\"twitter:label1\" content=\"Odhadovan\u00e1 doba \u010dten\u00ed\" \/>\n\t<meta name=\"twitter:data1\" content=\"1 minuta\" \/>\n<script type=\"application\/ld+json\" class=\"yoast-schema-graph\">{\"@context\":\"https:\\\/\\\/schema.org\",\"@graph\":[{\"@type\":\"WebPage\",\"@id\":\"https:\\\/\\\/oldtimerworks.com\\\/products\\\/door-seals-kdf-82\\\/\",\"url\":\"https:\\\/\\\/oldtimerworks.com\\\/products\\\/door-seals-kdf-82\\\/\",\"name\":\"Door Seals KdF 82 - OldtimerWorks\",\"isPartOf\":{\"@id\":\"https:\\\/\\\/oldtimerworks.com\\\/cs\\\/#website\"},\"primaryImageOfPage\":{\"@id\":\"https:\\\/\\\/oldtimerworks.com\\\/products\\\/door-seals-kdf-82\\\/#primaryimage\"},\"image\":{\"@id\":\"https:\\\/\\\/oldtimerworks.com\\\/products\\\/door-seals-kdf-82\\\/#primaryimage\"},\"thumbnailUrl\":\"https:\\\/\\\/oldtimerworks.com\\\/wp-content\\\/uploads\\\/2026\\\/04\\\/20260410_181213-scaled.jpg\",\"datePublished\":\"2026-04-11T07:45:01+00:00\",\"dateModified\":\"2026-04-14T08:08:08+00:00\",\"description\":\"Set of door Seals for KdF type 82 K\u00fcbelwagen. The sets include 2x seals. Length of the seal is 400mm. T\u00fcrdichtung an GellenktragerErsatz Nr. 26808147\",\"breadcrumb\":{\"@id\":\"https:\\\/\\\/oldtimerworks.com\\\/products\\\/door-seals-kdf-82\\\/#breadcrumb\"},\"inLanguage\":\"cs\",\"potentialAction\":[{\"@type\":\"ReadAction\",\"target\":[\"https:\\\/\\\/oldtimerworks.com\\\/products\\\/door-seals-kdf-82\\\/\"]}]},{\"@type\":\"ImageObject\",\"inLanguage\":\"cs\",\"@id\":\"https:\\\/\\\/oldtimerworks.com\\\/products\\\/door-seals-kdf-82\\\/#primaryimage\",\"url\":\"https:\\\/\\\/oldtimerworks.com\\\/wp-content\\\/uploads\\\/2026\\\/04\\\/20260410_181213-scaled.jpg\",\"contentUrl\":\"https:\\\/\\\/oldtimerworks.com\\\/wp-content\\\/uploads\\\/2026\\\/04\\\/20260410_181213-scaled.jpg\",\"width\":2560,\"height\":1920},{\"@type\":\"BreadcrumbList\",\"@id\":\"https:\\\/\\\/oldtimerworks.com\\\/products\\\/door-seals-kdf-82\\\/#breadcrumb\",\"itemListElement\":[{\"@type\":\"ListItem\",\"position\":1,\"name\":\"Home\",\"item\":\"https:\\\/\\\/oldtimerworks.com\\\/\"},{\"@type\":\"ListItem\",\"position\":2,\"name\":\"Products\",\"item\":\"https:\\\/\\\/oldtimerworks.com\\\/products\\\/\"},{\"@type\":\"ListItem\",\"position\":3,\"name\":\"Door Seals KdF 82\"}]},{\"@type\":\"WebSite\",\"@id\":\"https:\\\/\\\/oldtimerworks.com\\\/cs\\\/#website\",\"url\":\"https:\\\/\\\/oldtimerworks.com\\\/cs\\\/\",\"name\":\"OldtimerWorks\",\"description\":\"E-Shop and Services\",\"publisher\":{\"@id\":\"https:\\\/\\\/oldtimerworks.com\\\/cs\\\/#organization\"},\"potentialAction\":[{\"@type\":\"SearchAction\",\"target\":{\"@type\":\"EntryPoint\",\"urlTemplate\":\"https:\\\/\\\/oldtimerworks.com\\\/cs\\\/?s={search_term_string}\"},\"query-input\":{\"@type\":\"PropertyValueSpecification\",\"valueRequired\":true,\"valueName\":\"search_term_string\"}}],\"inLanguage\":\"cs\"},{\"@type\":\"Organization\",\"@id\":\"https:\\\/\\\/oldtimerworks.com\\\/cs\\\/#organization\",\"name\":\"OldtimerWorks\",\"url\":\"https:\\\/\\\/oldtimerworks.com\\\/cs\\\/\",\"logo\":{\"@type\":\"ImageObject\",\"inLanguage\":\"cs\",\"@id\":\"https:\\\/\\\/oldtimerworks.com\\\/cs\\\/#\\\/schema\\\/logo\\\/image\\\/\",\"url\":\"https:\\\/\\\/oldtimerworks.com\\\/wp-content\\\/uploads\\\/2021\\\/03\\\/cropped-oldtimerworks.png\",\"contentUrl\":\"https:\\\/\\\/oldtimerworks.com\\\/wp-content\\\/uploads\\\/2021\\\/03\\\/cropped-oldtimerworks.png\",\"width\":512,\"height\":512,\"caption\":\"OldtimerWorks\"},\"image\":{\"@id\":\"https:\\\/\\\/oldtimerworks.com\\\/cs\\\/#\\\/schema\\\/logo\\\/image\\\/\"},\"sameAs\":[\"https:\\\/\\\/www.facebook.com\\\/oldtimerworks\"]}]}<\/script>\n<!-- \/ Yoast SEO plugin. -->","yoast_head_json":{"title":"Door Seals KdF 82 - OldtimerWorks","description":"Set of door Seals for KdF type 82 K\u00fcbelwagen. The sets include 2x seals. Length of the seal is 400mm. T\u00fcrdichtung an GellenktragerErsatz Nr. 26808147","robots":{"index":"index","follow":"follow","max-snippet":"max-snippet:-1","max-image-preview":"max-image-preview:large","max-video-preview":"max-video-preview:-1"},"canonical":"https:\/\/oldtimerworks.com\/cs\/products\/door-seals-kdf-82\/","og_locale":"cs_CZ","og_type":"article","og_title":"Door Seals KdF 82 - OldtimerWorks","og_description":"Set of door Seals for KdF type 82 K\u00fcbelwagen. The sets include 2x seals. Length of the seal is 400mm. T\u00fcrdichtung an GellenktragerErsatz Nr. 26808147","og_url":"https:\/\/oldtimerworks.com\/cs\/products\/door-seals-kdf-82\/","og_site_name":"OldtimerWorks","article_publisher":"https:\/\/www.facebook.com\/oldtimerworks","article_modified_time":"2026-04-14T08:08:08+00:00","og_image":[{"width":2560,"height":1920,"url":"https:\/\/oldtimerworks.com\/wp-content\/uploads\/2026\/04\/20260410_181213-scaled.jpg","type":"image\/jpeg"}],"twitter_card":"summary_large_image","twitter_misc":{"Odhadovan\u00e1 doba \u010dten\u00ed":"1 minuta"},"schema":{"@context":"https:\/\/schema.org","@graph":[{"@type":"WebPage","@id":"https:\/\/oldtimerworks.com\/products\/door-seals-kdf-82\/","url":"https:\/\/oldtimerworks.com\/products\/door-seals-kdf-82\/","name":"Door Seals KdF 82 - OldtimerWorks","isPartOf":{"@id":"https:\/\/oldtimerworks.com\/cs\/#website"},"primaryImageOfPage":{"@id":"https:\/\/oldtimerworks.com\/products\/door-seals-kdf-82\/#primaryimage"},"image":{"@id":"https:\/\/oldtimerworks.com\/products\/door-seals-kdf-82\/#primaryimage"},"thumbnailUrl":"https:\/\/oldtimerworks.com\/wp-content\/uploads\/2026\/04\/20260410_181213-scaled.jpg","datePublished":"2026-04-11T07:45:01+00:00","dateModified":"2026-04-14T08:08:08+00:00","description":"Set of door Seals for KdF type 82 K\u00fcbelwagen. The sets include 2x seals. Length of the seal is 400mm. T\u00fcrdichtung an GellenktragerErsatz Nr. 26808147","breadcrumb":{"@id":"https:\/\/oldtimerworks.com\/products\/door-seals-kdf-82\/#breadcrumb"},"inLanguage":"cs","potentialAction":[{"@type":"ReadAction","target":["https:\/\/oldtimerworks.com\/products\/door-seals-kdf-82\/"]}]},{"@type":"ImageObject","inLanguage":"cs","@id":"https:\/\/oldtimerworks.com\/products\/door-seals-kdf-82\/#primaryimage","url":"https:\/\/oldtimerworks.com\/wp-content\/uploads\/2026\/04\/20260410_181213-scaled.jpg","contentUrl":"https:\/\/oldtimerworks.com\/wp-content\/uploads\/2026\/04\/20260410_181213-scaled.jpg","width":2560,"height":1920},{"@type":"BreadcrumbList","@id":"https:\/\/oldtimerworks.com\/products\/door-seals-kdf-82\/#breadcrumb","itemListElement":[{"@type":"ListItem","position":1,"name":"Home","item":"https:\/\/oldtimerworks.com\/"},{"@type":"ListItem","position":2,"name":"Products","item":"https:\/\/oldtimerworks.com\/products\/"},{"@type":"ListItem","position":3,"name":"Door Seals KdF 82"}]},{"@type":"WebSite","@id":"https:\/\/oldtimerworks.com\/cs\/#website","url":"https:\/\/oldtimerworks.com\/cs\/","name":"OldtimerWorks","description":"E-Shop a slu\u017eby","publisher":{"@id":"https:\/\/oldtimerworks.com\/cs\/#organization"},"potentialAction":[{"@type":"SearchAction","target":{"@type":"EntryPoint","urlTemplate":"https:\/\/oldtimerworks.com\/cs\/?s={search_term_string}"},"query-input":{"@type":"PropertyValueSpecification","valueRequired":true,"valueName":"search_term_string"}}],"inLanguage":"cs"},{"@type":"Organization","@id":"https:\/\/oldtimerworks.com\/cs\/#organization","name":"OldtimerWorks","url":"https:\/\/oldtimerworks.com\/cs\/","logo":{"@type":"ImageObject","inLanguage":"cs","@id":"https:\/\/oldtimerworks.com\/cs\/#\/schema\/logo\/image\/","url":"https:\/\/oldtimerworks.com\/wp-content\/uploads\/2021\/03\/cropped-oldtimerworks.png","contentUrl":"https:\/\/oldtimerworks.com\/wp-content\/uploads\/2021\/03\/cropped-oldtimerworks.png","width":512,"height":512,"caption":"OldtimerWorks"},"image":{"@id":"https:\/\/oldtimerworks.com\/cs\/#\/schema\/logo\/image\/"},"sameAs":["https:\/\/www.facebook.com\/oldtimerworks"]}]}},"_links":{"self":[{"href":"https:\/\/oldtimerworks.com\/cs\/wp-json\/wp\/v2\/product\/2515","targetHints":{"allow":["GET"]}}],"collection":[{"href":"https:\/\/oldtimerworks.com\/cs\/wp-json\/wp\/v2\/product"}],"about":[{"href":"https:\/\/oldtimerworks.com\/cs\/wp-json\/wp\/v2\/types\/product"}],"wp:featuredmedia":[{"embeddable":true,"href":"https:\/\/oldtimerworks.com\/cs\/wp-json\/wp\/v2\/media\/2516"}],"wp:attachment":[{"href":"https:\/\/oldtimerworks.com\/cs\/wp-json\/wp\/v2\/media?parent=2515"}],"wp:term":[{"taxonomy":"product_brand","embeddable":true,"href":"https:\/\/oldtimerworks.com\/cs\/wp-json\/wp\/v2\/product_brand?post=2515"},{"taxonomy":"product_cat","embeddable":true,"href":"https:\/\/oldtimerworks.com\/cs\/wp-json\/wp\/v2\/product_cat?post=2515"},{"taxonomy":"product_tag","embeddable":true,"href":"https:\/\/oldtimerworks.com\/cs\/wp-json\/wp\/v2\/product_tag?post=2515"}],"curies":[{"name":"wp","href":"https:\/\/api.w.org\/{rel}","templated":true}]}}