{"id":2503,"date":"2026-04-11T09:18:04","date_gmt":"2026-04-11T07:18:04","guid":{"rendered":"https:\/\/oldtimerworks.com\/?post_type=product&#038;p=2503"},"modified":"2026-04-14T10:09:16","modified_gmt":"2026-04-14T08:09:16","slug":"joint-protection-boot-on-the-steering-knuckle-kdf-166","status":"publish","type":"product","link":"https:\/\/oldtimerworks.com\/cs\/products\/joint-protection-boot-on-the-steering-knuckle-kdf-166\/","title":{"rendered":"Joint Protection Boots on the Steering Knuckle KdF 166"},"content":{"rendered":"<p>Set of joint protection boots on the steering knuckle for KdF type 166 Schwimmwagen.<\/p>\n<p>The set includes 2x rubber boots.<\/p>\n<p>One set is needed for one vehicle.<\/p>\n<p>Gelenkschutzh\u00fclle am Achsschenkel<\/p>\n<p>Ersatz Nr. 70402225<\/p>","protected":false},"excerpt":{"rendered":"<p>Set of joint protection boots on the steering knuckle for KdF type 166 Schwimmwagen. The set includes 2x rubber boots. One set is needed for one vehicle. Gelenkschutzh\u00fclle am Achsschenkel Ersatz Nr. 70402225<\/p>","protected":false},"featured_media":2504,"template":"","meta":[],"product_brand":[],"product_cat":[40,48,65],"product_tag":[],"class_list":{"0":"post-2503","1":"product","2":"type-product","3":"status-publish","4":"has-post-thumbnail","6":"product_cat-kdf","7":"product_cat-kdf-166","8":"product_cat-rubber-parts-kdf-166","10":"first","11":"instock","12":"shipping-taxable","13":"purchasable","14":"product-type-simple"},"yoast_head":"<!-- This site is optimized with the Yoast SEO plugin v27.4 - https:\/\/yoast.com\/product\/yoast-seo-wordpress\/ -->\n<title>Joint Protection Boots on the Steering Knuckle KdF 166 - OldtimerWorks<\/title>\n<meta name=\"description\" content=\"Set of joint protection boot on the steering knuckle for KdF type 166 Schwimmwagen. Gelenkschutzh\u00fclle am Achsschenkel Ersatz Nr. 70402225\" \/>\n<meta name=\"robots\" content=\"index, follow, max-snippet:-1, max-image-preview:large, max-video-preview:-1\" \/>\n<link rel=\"canonical\" href=\"https:\/\/oldtimerworks.com\/cs\/products\/joint-protection-boot-on-the-steering-knuckle-kdf-166\/\" \/>\n<meta property=\"og:locale\" content=\"cs_CZ\" \/>\n<meta property=\"og:type\" content=\"article\" \/>\n<meta property=\"og:title\" content=\"Joint Protection Boots on the Steering Knuckle KdF 166 - OldtimerWorks\" \/>\n<meta property=\"og:description\" content=\"Set of joint protection boot on the steering knuckle for KdF type 166 Schwimmwagen. Gelenkschutzh\u00fclle am Achsschenkel Ersatz Nr. 70402225\" \/>\n<meta property=\"og:url\" content=\"https:\/\/oldtimerworks.com\/cs\/products\/joint-protection-boot-on-the-steering-knuckle-kdf-166\/\" \/>\n<meta property=\"og:site_name\" content=\"OldtimerWorks\" \/>\n<meta property=\"article:publisher\" content=\"https:\/\/www.facebook.com\/oldtimerworks\" \/>\n<meta property=\"article:modified_time\" content=\"2026-04-14T08:09:16+00:00\" \/>\n<meta property=\"og:image\" content=\"https:\/\/oldtimerworks.com\/wp-content\/uploads\/2026\/04\/20260410_175316-scaled.jpg\" \/>\n\t<meta property=\"og:image:width\" content=\"2560\" \/>\n\t<meta property=\"og:image:height\" content=\"1848\" \/>\n\t<meta property=\"og:image:type\" content=\"image\/jpeg\" \/>\n<meta name=\"twitter:card\" content=\"summary_large_image\" \/>\n<meta name=\"twitter:label1\" content=\"Odhadovan\u00e1 doba \u010dten\u00ed\" \/>\n\t<meta name=\"twitter:data1\" content=\"1 minuta\" \/>\n<script type=\"application\/ld+json\" class=\"yoast-schema-graph\">{\"@context\":\"https:\\\/\\\/schema.org\",\"@graph\":[{\"@type\":\"WebPage\",\"@id\":\"https:\\\/\\\/oldtimerworks.com\\\/products\\\/joint-protection-boot-on-the-steering-knuckle-kdf-166\\\/\",\"url\":\"https:\\\/\\\/oldtimerworks.com\\\/products\\\/joint-protection-boot-on-the-steering-knuckle-kdf-166\\\/\",\"name\":\"Joint Protection Boots on the Steering Knuckle KdF 166 - OldtimerWorks\",\"isPartOf\":{\"@id\":\"https:\\\/\\\/oldtimerworks.com\\\/cs\\\/#website\"},\"primaryImageOfPage\":{\"@id\":\"https:\\\/\\\/oldtimerworks.com\\\/products\\\/joint-protection-boot-on-the-steering-knuckle-kdf-166\\\/#primaryimage\"},\"image\":{\"@id\":\"https:\\\/\\\/oldtimerworks.com\\\/products\\\/joint-protection-boot-on-the-steering-knuckle-kdf-166\\\/#primaryimage\"},\"thumbnailUrl\":\"https:\\\/\\\/oldtimerworks.com\\\/wp-content\\\/uploads\\\/2026\\\/04\\\/20260410_175316-scaled.jpg\",\"datePublished\":\"2026-04-11T07:18:04+00:00\",\"dateModified\":\"2026-04-14T08:09:16+00:00\",\"description\":\"Set of joint protection boot on the steering knuckle for KdF type 166 Schwimmwagen. Gelenkschutzh\u00fclle am Achsschenkel Ersatz Nr. 70402225\",\"breadcrumb\":{\"@id\":\"https:\\\/\\\/oldtimerworks.com\\\/products\\\/joint-protection-boot-on-the-steering-knuckle-kdf-166\\\/#breadcrumb\"},\"inLanguage\":\"cs\",\"potentialAction\":[{\"@type\":\"ReadAction\",\"target\":[\"https:\\\/\\\/oldtimerworks.com\\\/products\\\/joint-protection-boot-on-the-steering-knuckle-kdf-166\\\/\"]}]},{\"@type\":\"ImageObject\",\"inLanguage\":\"cs\",\"@id\":\"https:\\\/\\\/oldtimerworks.com\\\/products\\\/joint-protection-boot-on-the-steering-knuckle-kdf-166\\\/#primaryimage\",\"url\":\"https:\\\/\\\/oldtimerworks.com\\\/wp-content\\\/uploads\\\/2026\\\/04\\\/20260410_175316-scaled.jpg\",\"contentUrl\":\"https:\\\/\\\/oldtimerworks.com\\\/wp-content\\\/uploads\\\/2026\\\/04\\\/20260410_175316-scaled.jpg\",\"width\":2560,\"height\":1848},{\"@type\":\"BreadcrumbList\",\"@id\":\"https:\\\/\\\/oldtimerworks.com\\\/products\\\/joint-protection-boot-on-the-steering-knuckle-kdf-166\\\/#breadcrumb\",\"itemListElement\":[{\"@type\":\"ListItem\",\"position\":1,\"name\":\"Home\",\"item\":\"https:\\\/\\\/oldtimerworks.com\\\/\"},{\"@type\":\"ListItem\",\"position\":2,\"name\":\"Products\",\"item\":\"https:\\\/\\\/oldtimerworks.com\\\/products\\\/\"},{\"@type\":\"ListItem\",\"position\":3,\"name\":\"Joint Protection Boots on the Steering Knuckle KdF 166\"}]},{\"@type\":\"WebSite\",\"@id\":\"https:\\\/\\\/oldtimerworks.com\\\/cs\\\/#website\",\"url\":\"https:\\\/\\\/oldtimerworks.com\\\/cs\\\/\",\"name\":\"OldtimerWorks\",\"description\":\"E-Shop and Services\",\"publisher\":{\"@id\":\"https:\\\/\\\/oldtimerworks.com\\\/cs\\\/#organization\"},\"potentialAction\":[{\"@type\":\"SearchAction\",\"target\":{\"@type\":\"EntryPoint\",\"urlTemplate\":\"https:\\\/\\\/oldtimerworks.com\\\/cs\\\/?s={search_term_string}\"},\"query-input\":{\"@type\":\"PropertyValueSpecification\",\"valueRequired\":true,\"valueName\":\"search_term_string\"}}],\"inLanguage\":\"cs\"},{\"@type\":\"Organization\",\"@id\":\"https:\\\/\\\/oldtimerworks.com\\\/cs\\\/#organization\",\"name\":\"OldtimerWorks\",\"url\":\"https:\\\/\\\/oldtimerworks.com\\\/cs\\\/\",\"logo\":{\"@type\":\"ImageObject\",\"inLanguage\":\"cs\",\"@id\":\"https:\\\/\\\/oldtimerworks.com\\\/cs\\\/#\\\/schema\\\/logo\\\/image\\\/\",\"url\":\"https:\\\/\\\/oldtimerworks.com\\\/wp-content\\\/uploads\\\/2021\\\/03\\\/cropped-oldtimerworks.png\",\"contentUrl\":\"https:\\\/\\\/oldtimerworks.com\\\/wp-content\\\/uploads\\\/2021\\\/03\\\/cropped-oldtimerworks.png\",\"width\":512,\"height\":512,\"caption\":\"OldtimerWorks\"},\"image\":{\"@id\":\"https:\\\/\\\/oldtimerworks.com\\\/cs\\\/#\\\/schema\\\/logo\\\/image\\\/\"},\"sameAs\":[\"https:\\\/\\\/www.facebook.com\\\/oldtimerworks\"]}]}<\/script>\n<!-- \/ Yoast SEO plugin. -->","yoast_head_json":{"title":"Joint Protection Boots on the Steering Knuckle KdF 166 - OldtimerWorks","description":"Set of joint protection boot on the steering knuckle for KdF type 166 Schwimmwagen. Gelenkschutzh\u00fclle am Achsschenkel Ersatz Nr. 70402225","robots":{"index":"index","follow":"follow","max-snippet":"max-snippet:-1","max-image-preview":"max-image-preview:large","max-video-preview":"max-video-preview:-1"},"canonical":"https:\/\/oldtimerworks.com\/cs\/products\/joint-protection-boot-on-the-steering-knuckle-kdf-166\/","og_locale":"cs_CZ","og_type":"article","og_title":"Joint Protection Boots on the Steering Knuckle KdF 166 - OldtimerWorks","og_description":"Set of joint protection boot on the steering knuckle for KdF type 166 Schwimmwagen. Gelenkschutzh\u00fclle am Achsschenkel Ersatz Nr. 70402225","og_url":"https:\/\/oldtimerworks.com\/cs\/products\/joint-protection-boot-on-the-steering-knuckle-kdf-166\/","og_site_name":"OldtimerWorks","article_publisher":"https:\/\/www.facebook.com\/oldtimerworks","article_modified_time":"2026-04-14T08:09:16+00:00","og_image":[{"width":2560,"height":1848,"url":"https:\/\/oldtimerworks.com\/wp-content\/uploads\/2026\/04\/20260410_175316-scaled.jpg","type":"image\/jpeg"}],"twitter_card":"summary_large_image","twitter_misc":{"Odhadovan\u00e1 doba \u010dten\u00ed":"1 minuta"},"schema":{"@context":"https:\/\/schema.org","@graph":[{"@type":"WebPage","@id":"https:\/\/oldtimerworks.com\/products\/joint-protection-boot-on-the-steering-knuckle-kdf-166\/","url":"https:\/\/oldtimerworks.com\/products\/joint-protection-boot-on-the-steering-knuckle-kdf-166\/","name":"Joint Protection Boots on the Steering Knuckle KdF 166 - OldtimerWorks","isPartOf":{"@id":"https:\/\/oldtimerworks.com\/cs\/#website"},"primaryImageOfPage":{"@id":"https:\/\/oldtimerworks.com\/products\/joint-protection-boot-on-the-steering-knuckle-kdf-166\/#primaryimage"},"image":{"@id":"https:\/\/oldtimerworks.com\/products\/joint-protection-boot-on-the-steering-knuckle-kdf-166\/#primaryimage"},"thumbnailUrl":"https:\/\/oldtimerworks.com\/wp-content\/uploads\/2026\/04\/20260410_175316-scaled.jpg","datePublished":"2026-04-11T07:18:04+00:00","dateModified":"2026-04-14T08:09:16+00:00","description":"Set of joint protection boot on the steering knuckle for KdF type 166 Schwimmwagen. Gelenkschutzh\u00fclle am Achsschenkel Ersatz Nr. 70402225","breadcrumb":{"@id":"https:\/\/oldtimerworks.com\/products\/joint-protection-boot-on-the-steering-knuckle-kdf-166\/#breadcrumb"},"inLanguage":"cs","potentialAction":[{"@type":"ReadAction","target":["https:\/\/oldtimerworks.com\/products\/joint-protection-boot-on-the-steering-knuckle-kdf-166\/"]}]},{"@type":"ImageObject","inLanguage":"cs","@id":"https:\/\/oldtimerworks.com\/products\/joint-protection-boot-on-the-steering-knuckle-kdf-166\/#primaryimage","url":"https:\/\/oldtimerworks.com\/wp-content\/uploads\/2026\/04\/20260410_175316-scaled.jpg","contentUrl":"https:\/\/oldtimerworks.com\/wp-content\/uploads\/2026\/04\/20260410_175316-scaled.jpg","width":2560,"height":1848},{"@type":"BreadcrumbList","@id":"https:\/\/oldtimerworks.com\/products\/joint-protection-boot-on-the-steering-knuckle-kdf-166\/#breadcrumb","itemListElement":[{"@type":"ListItem","position":1,"name":"Home","item":"https:\/\/oldtimerworks.com\/"},{"@type":"ListItem","position":2,"name":"Products","item":"https:\/\/oldtimerworks.com\/products\/"},{"@type":"ListItem","position":3,"name":"Joint Protection Boots on the Steering Knuckle KdF 166"}]},{"@type":"WebSite","@id":"https:\/\/oldtimerworks.com\/cs\/#website","url":"https:\/\/oldtimerworks.com\/cs\/","name":"OldtimerWorks","description":"E-Shop a slu\u017eby","publisher":{"@id":"https:\/\/oldtimerworks.com\/cs\/#organization"},"potentialAction":[{"@type":"SearchAction","target":{"@type":"EntryPoint","urlTemplate":"https:\/\/oldtimerworks.com\/cs\/?s={search_term_string}"},"query-input":{"@type":"PropertyValueSpecification","valueRequired":true,"valueName":"search_term_string"}}],"inLanguage":"cs"},{"@type":"Organization","@id":"https:\/\/oldtimerworks.com\/cs\/#organization","name":"OldtimerWorks","url":"https:\/\/oldtimerworks.com\/cs\/","logo":{"@type":"ImageObject","inLanguage":"cs","@id":"https:\/\/oldtimerworks.com\/cs\/#\/schema\/logo\/image\/","url":"https:\/\/oldtimerworks.com\/wp-content\/uploads\/2021\/03\/cropped-oldtimerworks.png","contentUrl":"https:\/\/oldtimerworks.com\/wp-content\/uploads\/2021\/03\/cropped-oldtimerworks.png","width":512,"height":512,"caption":"OldtimerWorks"},"image":{"@id":"https:\/\/oldtimerworks.com\/cs\/#\/schema\/logo\/image\/"},"sameAs":["https:\/\/www.facebook.com\/oldtimerworks"]}]}},"_links":{"self":[{"href":"https:\/\/oldtimerworks.com\/cs\/wp-json\/wp\/v2\/product\/2503","targetHints":{"allow":["GET"]}}],"collection":[{"href":"https:\/\/oldtimerworks.com\/cs\/wp-json\/wp\/v2\/product"}],"about":[{"href":"https:\/\/oldtimerworks.com\/cs\/wp-json\/wp\/v2\/types\/product"}],"wp:featuredmedia":[{"embeddable":true,"href":"https:\/\/oldtimerworks.com\/cs\/wp-json\/wp\/v2\/media\/2504"}],"wp:attachment":[{"href":"https:\/\/oldtimerworks.com\/cs\/wp-json\/wp\/v2\/media?parent=2503"}],"wp:term":[{"taxonomy":"product_brand","embeddable":true,"href":"https:\/\/oldtimerworks.com\/cs\/wp-json\/wp\/v2\/product_brand?post=2503"},{"taxonomy":"product_cat","embeddable":true,"href":"https:\/\/oldtimerworks.com\/cs\/wp-json\/wp\/v2\/product_cat?post=2503"},{"taxonomy":"product_tag","embeddable":true,"href":"https:\/\/oldtimerworks.com\/cs\/wp-json\/wp\/v2\/product_tag?post=2503"}],"curies":[{"name":"wp","href":"https:\/\/api.w.org\/{rel}","templated":true}]}}