{"id":2480,"date":"2026-04-11T08:14:04","date_gmt":"2026-04-11T06:14:04","guid":{"rendered":"https:\/\/oldtimerworks.com\/?post_type=product&#038;p=2480"},"modified":"2026-04-14T10:11:46","modified_gmt":"2026-04-14T08:11:46","slug":"set-of-steering-column-tube-rubber-grommets-kdf","status":"publish","type":"product","link":"https:\/\/oldtimerworks.com\/cs\/products\/set-of-steering-column-tube-rubber-grommets-kdf\/","title":{"rendered":"Set of Steering Column Tube Rubber Grommets KdF"},"content":{"rendered":"<p>Set of steering column tube rubber grommets KdF type 82 K\u00fcbelwagen, type 166 Schwimmwagen.<\/p>\n<p>The set includes 1x lower grommet and 1x upper grommet.<\/p>\n<p>One set are needed for one vehicle.<\/p>\n<p>Gummilager (f\u00fcr Mantelrohr oben), Lager (f\u00fcr Mantelrohr unten)<\/p>\n<p>Ersatz Nr. 10415661, 10415671, 10415665<\/p>","protected":false},"excerpt":{"rendered":"<p>Set of steering column tube rubber grommets KdF type 82 K\u00fcbelwagen, type 166 Schwimmwagen. The set includes 1x lower grommet and 1x upper grommet. One set are needed for one vehicle. Gummilager (f\u00fcr Mantelrohr oben), Lager (f\u00fcr Mantelrohr unten) Ersatz Nr. 10415661, 10415671, 10415665<\/p>","protected":false},"featured_media":2481,"template":"","meta":[],"product_brand":[],"product_cat":[40,48,47,65,66],"product_tag":[],"class_list":{"0":"post-2480","1":"product","2":"type-product","3":"status-publish","4":"has-post-thumbnail","6":"product_cat-kdf","7":"product_cat-kdf-166","8":"product_cat-kdf-82","9":"product_cat-rubber-parts-kdf-166","10":"product_cat-rubber-parts-kdf-82","12":"first","13":"instock","14":"shipping-taxable","15":"purchasable","16":"product-type-simple"},"yoast_head":"<!-- This site is optimized with the Yoast SEO plugin v27.4 - https:\/\/yoast.com\/product\/yoast-seo-wordpress\/ -->\n<title>Set of Steering Column Tube Rubber Grommets KdF - OldtimerWorks<\/title>\n<meta name=\"description\" content=\"Set of steering column tube rubber grommets KdF type 82 K\u00fcbelwagen, type 166 Schwimmwagen. The set includes 1x lower grommet and 1x upper grommet.\" \/>\n<meta name=\"robots\" content=\"index, follow, max-snippet:-1, max-image-preview:large, max-video-preview:-1\" \/>\n<link rel=\"canonical\" href=\"https:\/\/oldtimerworks.com\/cs\/products\/set-of-steering-column-tube-rubber-grommets-kdf\/\" \/>\n<meta property=\"og:locale\" content=\"cs_CZ\" \/>\n<meta property=\"og:type\" content=\"article\" \/>\n<meta property=\"og:title\" content=\"Set of Steering Column Tube Rubber Grommets KdF - OldtimerWorks\" \/>\n<meta property=\"og:description\" content=\"Set of steering column tube rubber grommets KdF type 82 K\u00fcbelwagen, type 166 Schwimmwagen. The set includes 1x lower grommet and 1x upper grommet.\" \/>\n<meta property=\"og:url\" content=\"https:\/\/oldtimerworks.com\/cs\/products\/set-of-steering-column-tube-rubber-grommets-kdf\/\" \/>\n<meta property=\"og:site_name\" content=\"OldtimerWorks\" \/>\n<meta property=\"article:publisher\" content=\"https:\/\/www.facebook.com\/oldtimerworks\" \/>\n<meta property=\"article:modified_time\" content=\"2026-04-14T08:11:46+00:00\" \/>\n<meta property=\"og:image\" content=\"https:\/\/oldtimerworks.com\/wp-content\/uploads\/2026\/04\/20260410_174228-scaled.jpg\" \/>\n\t<meta property=\"og:image:width\" content=\"2560\" \/>\n\t<meta property=\"og:image:height\" content=\"1920\" \/>\n\t<meta property=\"og:image:type\" content=\"image\/jpeg\" \/>\n<meta name=\"twitter:card\" content=\"summary_large_image\" \/>\n<meta name=\"twitter:label1\" content=\"Odhadovan\u00e1 doba \u010dten\u00ed\" \/>\n\t<meta name=\"twitter:data1\" content=\"1 minuta\" \/>\n<script type=\"application\/ld+json\" class=\"yoast-schema-graph\">{\"@context\":\"https:\\\/\\\/schema.org\",\"@graph\":[{\"@type\":\"WebPage\",\"@id\":\"https:\\\/\\\/oldtimerworks.com\\\/products\\\/set-of-steering-column-tube-rubber-grommets-kdf\\\/\",\"url\":\"https:\\\/\\\/oldtimerworks.com\\\/products\\\/set-of-steering-column-tube-rubber-grommets-kdf\\\/\",\"name\":\"Set of Steering Column Tube Rubber Grommets KdF - OldtimerWorks\",\"isPartOf\":{\"@id\":\"https:\\\/\\\/oldtimerworks.com\\\/cs\\\/#website\"},\"primaryImageOfPage\":{\"@id\":\"https:\\\/\\\/oldtimerworks.com\\\/products\\\/set-of-steering-column-tube-rubber-grommets-kdf\\\/#primaryimage\"},\"image\":{\"@id\":\"https:\\\/\\\/oldtimerworks.com\\\/products\\\/set-of-steering-column-tube-rubber-grommets-kdf\\\/#primaryimage\"},\"thumbnailUrl\":\"https:\\\/\\\/oldtimerworks.com\\\/wp-content\\\/uploads\\\/2026\\\/04\\\/20260410_174228-scaled.jpg\",\"datePublished\":\"2026-04-11T06:14:04+00:00\",\"dateModified\":\"2026-04-14T08:11:46+00:00\",\"description\":\"Set of steering column tube rubber grommets KdF type 82 K\u00fcbelwagen, type 166 Schwimmwagen. The set includes 1x lower grommet and 1x upper grommet.\",\"breadcrumb\":{\"@id\":\"https:\\\/\\\/oldtimerworks.com\\\/products\\\/set-of-steering-column-tube-rubber-grommets-kdf\\\/#breadcrumb\"},\"inLanguage\":\"cs\",\"potentialAction\":[{\"@type\":\"ReadAction\",\"target\":[\"https:\\\/\\\/oldtimerworks.com\\\/products\\\/set-of-steering-column-tube-rubber-grommets-kdf\\\/\"]}]},{\"@type\":\"ImageObject\",\"inLanguage\":\"cs\",\"@id\":\"https:\\\/\\\/oldtimerworks.com\\\/products\\\/set-of-steering-column-tube-rubber-grommets-kdf\\\/#primaryimage\",\"url\":\"https:\\\/\\\/oldtimerworks.com\\\/wp-content\\\/uploads\\\/2026\\\/04\\\/20260410_174228-scaled.jpg\",\"contentUrl\":\"https:\\\/\\\/oldtimerworks.com\\\/wp-content\\\/uploads\\\/2026\\\/04\\\/20260410_174228-scaled.jpg\",\"width\":2560,\"height\":1920},{\"@type\":\"BreadcrumbList\",\"@id\":\"https:\\\/\\\/oldtimerworks.com\\\/products\\\/set-of-steering-column-tube-rubber-grommets-kdf\\\/#breadcrumb\",\"itemListElement\":[{\"@type\":\"ListItem\",\"position\":1,\"name\":\"Home\",\"item\":\"https:\\\/\\\/oldtimerworks.com\\\/\"},{\"@type\":\"ListItem\",\"position\":2,\"name\":\"Products\",\"item\":\"https:\\\/\\\/oldtimerworks.com\\\/products\\\/\"},{\"@type\":\"ListItem\",\"position\":3,\"name\":\"Set of Steering Column Tube Rubber Grommets KdF\"}]},{\"@type\":\"WebSite\",\"@id\":\"https:\\\/\\\/oldtimerworks.com\\\/cs\\\/#website\",\"url\":\"https:\\\/\\\/oldtimerworks.com\\\/cs\\\/\",\"name\":\"OldtimerWorks\",\"description\":\"E-Shop and Services\",\"publisher\":{\"@id\":\"https:\\\/\\\/oldtimerworks.com\\\/cs\\\/#organization\"},\"potentialAction\":[{\"@type\":\"SearchAction\",\"target\":{\"@type\":\"EntryPoint\",\"urlTemplate\":\"https:\\\/\\\/oldtimerworks.com\\\/cs\\\/?s={search_term_string}\"},\"query-input\":{\"@type\":\"PropertyValueSpecification\",\"valueRequired\":true,\"valueName\":\"search_term_string\"}}],\"inLanguage\":\"cs\"},{\"@type\":\"Organization\",\"@id\":\"https:\\\/\\\/oldtimerworks.com\\\/cs\\\/#organization\",\"name\":\"OldtimerWorks\",\"url\":\"https:\\\/\\\/oldtimerworks.com\\\/cs\\\/\",\"logo\":{\"@type\":\"ImageObject\",\"inLanguage\":\"cs\",\"@id\":\"https:\\\/\\\/oldtimerworks.com\\\/cs\\\/#\\\/schema\\\/logo\\\/image\\\/\",\"url\":\"https:\\\/\\\/oldtimerworks.com\\\/wp-content\\\/uploads\\\/2021\\\/03\\\/cropped-oldtimerworks.png\",\"contentUrl\":\"https:\\\/\\\/oldtimerworks.com\\\/wp-content\\\/uploads\\\/2021\\\/03\\\/cropped-oldtimerworks.png\",\"width\":512,\"height\":512,\"caption\":\"OldtimerWorks\"},\"image\":{\"@id\":\"https:\\\/\\\/oldtimerworks.com\\\/cs\\\/#\\\/schema\\\/logo\\\/image\\\/\"},\"sameAs\":[\"https:\\\/\\\/www.facebook.com\\\/oldtimerworks\"]}]}<\/script>\n<!-- \/ Yoast SEO plugin. -->","yoast_head_json":{"title":"Set of Steering Column Tube Rubber Grommets KdF - OldtimerWorks","description":"Set of steering column tube rubber grommets KdF type 82 K\u00fcbelwagen, type 166 Schwimmwagen. The set includes 1x lower grommet and 1x upper grommet.","robots":{"index":"index","follow":"follow","max-snippet":"max-snippet:-1","max-image-preview":"max-image-preview:large","max-video-preview":"max-video-preview:-1"},"canonical":"https:\/\/oldtimerworks.com\/cs\/products\/set-of-steering-column-tube-rubber-grommets-kdf\/","og_locale":"cs_CZ","og_type":"article","og_title":"Set of Steering Column Tube Rubber Grommets KdF - OldtimerWorks","og_description":"Set of steering column tube rubber grommets KdF type 82 K\u00fcbelwagen, type 166 Schwimmwagen. The set includes 1x lower grommet and 1x upper grommet.","og_url":"https:\/\/oldtimerworks.com\/cs\/products\/set-of-steering-column-tube-rubber-grommets-kdf\/","og_site_name":"OldtimerWorks","article_publisher":"https:\/\/www.facebook.com\/oldtimerworks","article_modified_time":"2026-04-14T08:11:46+00:00","og_image":[{"width":2560,"height":1920,"url":"https:\/\/oldtimerworks.com\/wp-content\/uploads\/2026\/04\/20260410_174228-scaled.jpg","type":"image\/jpeg"}],"twitter_card":"summary_large_image","twitter_misc":{"Odhadovan\u00e1 doba \u010dten\u00ed":"1 minuta"},"schema":{"@context":"https:\/\/schema.org","@graph":[{"@type":"WebPage","@id":"https:\/\/oldtimerworks.com\/products\/set-of-steering-column-tube-rubber-grommets-kdf\/","url":"https:\/\/oldtimerworks.com\/products\/set-of-steering-column-tube-rubber-grommets-kdf\/","name":"Set of Steering Column Tube Rubber Grommets KdF - OldtimerWorks","isPartOf":{"@id":"https:\/\/oldtimerworks.com\/cs\/#website"},"primaryImageOfPage":{"@id":"https:\/\/oldtimerworks.com\/products\/set-of-steering-column-tube-rubber-grommets-kdf\/#primaryimage"},"image":{"@id":"https:\/\/oldtimerworks.com\/products\/set-of-steering-column-tube-rubber-grommets-kdf\/#primaryimage"},"thumbnailUrl":"https:\/\/oldtimerworks.com\/wp-content\/uploads\/2026\/04\/20260410_174228-scaled.jpg","datePublished":"2026-04-11T06:14:04+00:00","dateModified":"2026-04-14T08:11:46+00:00","description":"Set of steering column tube rubber grommets KdF type 82 K\u00fcbelwagen, type 166 Schwimmwagen. The set includes 1x lower grommet and 1x upper grommet.","breadcrumb":{"@id":"https:\/\/oldtimerworks.com\/products\/set-of-steering-column-tube-rubber-grommets-kdf\/#breadcrumb"},"inLanguage":"cs","potentialAction":[{"@type":"ReadAction","target":["https:\/\/oldtimerworks.com\/products\/set-of-steering-column-tube-rubber-grommets-kdf\/"]}]},{"@type":"ImageObject","inLanguage":"cs","@id":"https:\/\/oldtimerworks.com\/products\/set-of-steering-column-tube-rubber-grommets-kdf\/#primaryimage","url":"https:\/\/oldtimerworks.com\/wp-content\/uploads\/2026\/04\/20260410_174228-scaled.jpg","contentUrl":"https:\/\/oldtimerworks.com\/wp-content\/uploads\/2026\/04\/20260410_174228-scaled.jpg","width":2560,"height":1920},{"@type":"BreadcrumbList","@id":"https:\/\/oldtimerworks.com\/products\/set-of-steering-column-tube-rubber-grommets-kdf\/#breadcrumb","itemListElement":[{"@type":"ListItem","position":1,"name":"Home","item":"https:\/\/oldtimerworks.com\/"},{"@type":"ListItem","position":2,"name":"Products","item":"https:\/\/oldtimerworks.com\/products\/"},{"@type":"ListItem","position":3,"name":"Set of Steering Column Tube Rubber Grommets KdF"}]},{"@type":"WebSite","@id":"https:\/\/oldtimerworks.com\/cs\/#website","url":"https:\/\/oldtimerworks.com\/cs\/","name":"OldtimerWorks","description":"E-Shop a slu\u017eby","publisher":{"@id":"https:\/\/oldtimerworks.com\/cs\/#organization"},"potentialAction":[{"@type":"SearchAction","target":{"@type":"EntryPoint","urlTemplate":"https:\/\/oldtimerworks.com\/cs\/?s={search_term_string}"},"query-input":{"@type":"PropertyValueSpecification","valueRequired":true,"valueName":"search_term_string"}}],"inLanguage":"cs"},{"@type":"Organization","@id":"https:\/\/oldtimerworks.com\/cs\/#organization","name":"OldtimerWorks","url":"https:\/\/oldtimerworks.com\/cs\/","logo":{"@type":"ImageObject","inLanguage":"cs","@id":"https:\/\/oldtimerworks.com\/cs\/#\/schema\/logo\/image\/","url":"https:\/\/oldtimerworks.com\/wp-content\/uploads\/2021\/03\/cropped-oldtimerworks.png","contentUrl":"https:\/\/oldtimerworks.com\/wp-content\/uploads\/2021\/03\/cropped-oldtimerworks.png","width":512,"height":512,"caption":"OldtimerWorks"},"image":{"@id":"https:\/\/oldtimerworks.com\/cs\/#\/schema\/logo\/image\/"},"sameAs":["https:\/\/www.facebook.com\/oldtimerworks"]}]}},"_links":{"self":[{"href":"https:\/\/oldtimerworks.com\/cs\/wp-json\/wp\/v2\/product\/2480","targetHints":{"allow":["GET"]}}],"collection":[{"href":"https:\/\/oldtimerworks.com\/cs\/wp-json\/wp\/v2\/product"}],"about":[{"href":"https:\/\/oldtimerworks.com\/cs\/wp-json\/wp\/v2\/types\/product"}],"wp:featuredmedia":[{"embeddable":true,"href":"https:\/\/oldtimerworks.com\/cs\/wp-json\/wp\/v2\/media\/2481"}],"wp:attachment":[{"href":"https:\/\/oldtimerworks.com\/cs\/wp-json\/wp\/v2\/media?parent=2480"}],"wp:term":[{"taxonomy":"product_brand","embeddable":true,"href":"https:\/\/oldtimerworks.com\/cs\/wp-json\/wp\/v2\/product_brand?post=2480"},{"taxonomy":"product_cat","embeddable":true,"href":"https:\/\/oldtimerworks.com\/cs\/wp-json\/wp\/v2\/product_cat?post=2480"},{"taxonomy":"product_tag","embeddable":true,"href":"https:\/\/oldtimerworks.com\/cs\/wp-json\/wp\/v2\/product_tag?post=2480"}],"curies":[{"name":"wp","href":"https:\/\/api.w.org\/{rel}","templated":true}]}}