{"id":2076,"date":"2025-03-28T20:45:08","date_gmt":"2025-03-28T19:45:08","guid":{"rendered":"https:\/\/oldtimerworks.com\/?post_type=product&#038;p=2076"},"modified":"2026-03-24T15:39:50","modified_gmt":"2026-03-24T14:39:50","slug":"windscreen-wiper-kdf-82-166-and-other","status":"publish","type":"product","link":"https:\/\/oldtimerworks.com\/cs\/products\/windscreen-wiper-kdf-82-166-and-other\/","title":{"rendered":"Windscreen wiper KdF 82, 166 and other"},"content":{"rendered":"<p>Windscreen wiper for KdF type 82 K\u00fcbelwagen, type 166 Schwimmwagen and other German WW2 vehicles.<\/p>","protected":false},"excerpt":{"rendered":"<p>Windscreen wiper for KdF type 82 K\u00fcbelwagen, type 166 Schwimmwagen and other German WW2 vehicles.<\/p>","protected":false},"featured_media":2079,"template":"","meta":[],"product_brand":[],"product_cat":[40,48,47],"product_tag":[],"class_list":{"0":"post-2076","1":"product","2":"type-product","3":"status-publish","4":"has-post-thumbnail","6":"product_cat-kdf","7":"product_cat-kdf-166","8":"product_cat-kdf-82","10":"first","11":"instock","12":"shipping-taxable","13":"purchasable","14":"product-type-simple"},"yoast_head":"<!-- This site is optimized with the Yoast SEO plugin v27.5 - https:\/\/yoast.com\/product\/yoast-seo-wordpress\/ -->\n<title>Windscreen wiper KdF 82, 166 and other - OldtimerWorks<\/title>\n<meta name=\"description\" content=\"Windscreen wiper for KdF type 82 K\u00fcbelwagen, type 166 Schwimmwagen and other German WW2 vehicles.\" \/>\n<meta name=\"robots\" content=\"index, follow, max-snippet:-1, max-image-preview:large, max-video-preview:-1\" \/>\n<link rel=\"canonical\" href=\"https:\/\/oldtimerworks.com\/cs\/products\/windscreen-wiper-kdf-82-166-and-other\/\" \/>\n<meta property=\"og:locale\" content=\"cs_CZ\" \/>\n<meta property=\"og:type\" content=\"article\" \/>\n<meta property=\"og:title\" content=\"Windscreen wiper KdF 82, 166 and other - OldtimerWorks\" \/>\n<meta property=\"og:description\" content=\"Windscreen wiper for KdF type 82 K\u00fcbelwagen, type 166 Schwimmwagen and other German WW2 vehicles.\" \/>\n<meta property=\"og:url\" content=\"https:\/\/oldtimerworks.com\/cs\/products\/windscreen-wiper-kdf-82-166-and-other\/\" \/>\n<meta property=\"og:site_name\" content=\"OldtimerWorks\" \/>\n<meta property=\"article:publisher\" content=\"https:\/\/www.facebook.com\/oldtimerworks\" \/>\n<meta property=\"article:modified_time\" content=\"2026-03-24T14:39:50+00:00\" \/>\n<meta property=\"og:image\" content=\"https:\/\/oldtimerworks.com\/wp-content\/uploads\/2025\/03\/Sterac3-768x554.jpg\" \/>\n\t<meta property=\"og:image:width\" content=\"768\" \/>\n\t<meta property=\"og:image:height\" content=\"554\" \/>\n\t<meta property=\"og:image:type\" content=\"image\/jpeg\" \/>\n<meta name=\"twitter:card\" content=\"summary_large_image\" \/>\n<meta name=\"twitter:label1\" content=\"Odhadovan\u00e1 doba \u010dten\u00ed\" \/>\n\t<meta name=\"twitter:data1\" content=\"1 minuta\" \/>\n<script type=\"application\/ld+json\" class=\"yoast-schema-graph\">{\"@context\":\"https:\\\/\\\/schema.org\",\"@graph\":[{\"@type\":\"WebPage\",\"@id\":\"https:\\\/\\\/oldtimerworks.com\\\/products\\\/windscreen-wiper-kdf-82-166-and-other\\\/\",\"url\":\"https:\\\/\\\/oldtimerworks.com\\\/products\\\/windscreen-wiper-kdf-82-166-and-other\\\/\",\"name\":\"Windscreen wiper KdF 82, 166 and other - OldtimerWorks\",\"isPartOf\":{\"@id\":\"https:\\\/\\\/oldtimerworks.com\\\/cs\\\/#website\"},\"primaryImageOfPage\":{\"@id\":\"https:\\\/\\\/oldtimerworks.com\\\/products\\\/windscreen-wiper-kdf-82-166-and-other\\\/#primaryimage\"},\"image\":{\"@id\":\"https:\\\/\\\/oldtimerworks.com\\\/products\\\/windscreen-wiper-kdf-82-166-and-other\\\/#primaryimage\"},\"thumbnailUrl\":\"https:\\\/\\\/oldtimerworks.com\\\/wp-content\\\/uploads\\\/2025\\\/03\\\/Sterac3-scaled.jpg\",\"datePublished\":\"2025-03-28T19:45:08+00:00\",\"dateModified\":\"2026-03-24T14:39:50+00:00\",\"description\":\"Windscreen wiper for KdF type 82 K\u00fcbelwagen, type 166 Schwimmwagen and other German WW2 vehicles.\",\"breadcrumb\":{\"@id\":\"https:\\\/\\\/oldtimerworks.com\\\/products\\\/windscreen-wiper-kdf-82-166-and-other\\\/#breadcrumb\"},\"inLanguage\":\"cs\",\"potentialAction\":[{\"@type\":\"ReadAction\",\"target\":[\"https:\\\/\\\/oldtimerworks.com\\\/products\\\/windscreen-wiper-kdf-82-166-and-other\\\/\"]}]},{\"@type\":\"ImageObject\",\"inLanguage\":\"cs\",\"@id\":\"https:\\\/\\\/oldtimerworks.com\\\/products\\\/windscreen-wiper-kdf-82-166-and-other\\\/#primaryimage\",\"url\":\"https:\\\/\\\/oldtimerworks.com\\\/wp-content\\\/uploads\\\/2025\\\/03\\\/Sterac3-scaled.jpg\",\"contentUrl\":\"https:\\\/\\\/oldtimerworks.com\\\/wp-content\\\/uploads\\\/2025\\\/03\\\/Sterac3-scaled.jpg\",\"width\":2560,\"height\":1848},{\"@type\":\"BreadcrumbList\",\"@id\":\"https:\\\/\\\/oldtimerworks.com\\\/products\\\/windscreen-wiper-kdf-82-166-and-other\\\/#breadcrumb\",\"itemListElement\":[{\"@type\":\"ListItem\",\"position\":1,\"name\":\"Home\",\"item\":\"https:\\\/\\\/oldtimerworks.com\\\/\"},{\"@type\":\"ListItem\",\"position\":2,\"name\":\"Products\",\"item\":\"https:\\\/\\\/oldtimerworks.com\\\/products\\\/\"},{\"@type\":\"ListItem\",\"position\":3,\"name\":\"Windscreen wiper KdF 82, 166 and other\"}]},{\"@type\":\"WebSite\",\"@id\":\"https:\\\/\\\/oldtimerworks.com\\\/cs\\\/#website\",\"url\":\"https:\\\/\\\/oldtimerworks.com\\\/cs\\\/\",\"name\":\"OldtimerWorks\",\"description\":\"E-Shop and Services\",\"publisher\":{\"@id\":\"https:\\\/\\\/oldtimerworks.com\\\/cs\\\/#organization\"},\"potentialAction\":[{\"@type\":\"SearchAction\",\"target\":{\"@type\":\"EntryPoint\",\"urlTemplate\":\"https:\\\/\\\/oldtimerworks.com\\\/cs\\\/?s={search_term_string}\"},\"query-input\":{\"@type\":\"PropertyValueSpecification\",\"valueRequired\":true,\"valueName\":\"search_term_string\"}}],\"inLanguage\":\"cs\"},{\"@type\":\"Organization\",\"@id\":\"https:\\\/\\\/oldtimerworks.com\\\/cs\\\/#organization\",\"name\":\"OldtimerWorks\",\"url\":\"https:\\\/\\\/oldtimerworks.com\\\/cs\\\/\",\"logo\":{\"@type\":\"ImageObject\",\"inLanguage\":\"cs\",\"@id\":\"https:\\\/\\\/oldtimerworks.com\\\/cs\\\/#\\\/schema\\\/logo\\\/image\\\/\",\"url\":\"https:\\\/\\\/oldtimerworks.com\\\/wp-content\\\/uploads\\\/2021\\\/03\\\/cropped-oldtimerworks.png\",\"contentUrl\":\"https:\\\/\\\/oldtimerworks.com\\\/wp-content\\\/uploads\\\/2021\\\/03\\\/cropped-oldtimerworks.png\",\"width\":512,\"height\":512,\"caption\":\"OldtimerWorks\"},\"image\":{\"@id\":\"https:\\\/\\\/oldtimerworks.com\\\/cs\\\/#\\\/schema\\\/logo\\\/image\\\/\"},\"sameAs\":[\"https:\\\/\\\/www.facebook.com\\\/oldtimerworks\"]}]}<\/script>\n<!-- \/ Yoast SEO plugin. -->","yoast_head_json":{"title":"Windscreen wiper KdF 82, 166 and other - OldtimerWorks","description":"Windscreen wiper for KdF type 82 K\u00fcbelwagen, type 166 Schwimmwagen and other German WW2 vehicles.","robots":{"index":"index","follow":"follow","max-snippet":"max-snippet:-1","max-image-preview":"max-image-preview:large","max-video-preview":"max-video-preview:-1"},"canonical":"https:\/\/oldtimerworks.com\/cs\/products\/windscreen-wiper-kdf-82-166-and-other\/","og_locale":"cs_CZ","og_type":"article","og_title":"Windscreen wiper KdF 82, 166 and other - OldtimerWorks","og_description":"Windscreen wiper for KdF type 82 K\u00fcbelwagen, type 166 Schwimmwagen and other German WW2 vehicles.","og_url":"https:\/\/oldtimerworks.com\/cs\/products\/windscreen-wiper-kdf-82-166-and-other\/","og_site_name":"OldtimerWorks","article_publisher":"https:\/\/www.facebook.com\/oldtimerworks","article_modified_time":"2026-03-24T14:39:50+00:00","og_image":[{"width":768,"height":554,"url":"https:\/\/oldtimerworks.com\/wp-content\/uploads\/2025\/03\/Sterac3-768x554.jpg","type":"image\/jpeg"}],"twitter_card":"summary_large_image","twitter_misc":{"Odhadovan\u00e1 doba \u010dten\u00ed":"1 minuta"},"schema":{"@context":"https:\/\/schema.org","@graph":[{"@type":"WebPage","@id":"https:\/\/oldtimerworks.com\/products\/windscreen-wiper-kdf-82-166-and-other\/","url":"https:\/\/oldtimerworks.com\/products\/windscreen-wiper-kdf-82-166-and-other\/","name":"Windscreen wiper KdF 82, 166 and other - OldtimerWorks","isPartOf":{"@id":"https:\/\/oldtimerworks.com\/cs\/#website"},"primaryImageOfPage":{"@id":"https:\/\/oldtimerworks.com\/products\/windscreen-wiper-kdf-82-166-and-other\/#primaryimage"},"image":{"@id":"https:\/\/oldtimerworks.com\/products\/windscreen-wiper-kdf-82-166-and-other\/#primaryimage"},"thumbnailUrl":"https:\/\/oldtimerworks.com\/wp-content\/uploads\/2025\/03\/Sterac3-scaled.jpg","datePublished":"2025-03-28T19:45:08+00:00","dateModified":"2026-03-24T14:39:50+00:00","description":"Windscreen wiper for KdF type 82 K\u00fcbelwagen, type 166 Schwimmwagen and other German WW2 vehicles.","breadcrumb":{"@id":"https:\/\/oldtimerworks.com\/products\/windscreen-wiper-kdf-82-166-and-other\/#breadcrumb"},"inLanguage":"cs","potentialAction":[{"@type":"ReadAction","target":["https:\/\/oldtimerworks.com\/products\/windscreen-wiper-kdf-82-166-and-other\/"]}]},{"@type":"ImageObject","inLanguage":"cs","@id":"https:\/\/oldtimerworks.com\/products\/windscreen-wiper-kdf-82-166-and-other\/#primaryimage","url":"https:\/\/oldtimerworks.com\/wp-content\/uploads\/2025\/03\/Sterac3-scaled.jpg","contentUrl":"https:\/\/oldtimerworks.com\/wp-content\/uploads\/2025\/03\/Sterac3-scaled.jpg","width":2560,"height":1848},{"@type":"BreadcrumbList","@id":"https:\/\/oldtimerworks.com\/products\/windscreen-wiper-kdf-82-166-and-other\/#breadcrumb","itemListElement":[{"@type":"ListItem","position":1,"name":"Home","item":"https:\/\/oldtimerworks.com\/"},{"@type":"ListItem","position":2,"name":"Products","item":"https:\/\/oldtimerworks.com\/products\/"},{"@type":"ListItem","position":3,"name":"Windscreen wiper KdF 82, 166 and other"}]},{"@type":"WebSite","@id":"https:\/\/oldtimerworks.com\/cs\/#website","url":"https:\/\/oldtimerworks.com\/cs\/","name":"OldtimerWorks","description":"E-Shop a slu\u017eby","publisher":{"@id":"https:\/\/oldtimerworks.com\/cs\/#organization"},"potentialAction":[{"@type":"SearchAction","target":{"@type":"EntryPoint","urlTemplate":"https:\/\/oldtimerworks.com\/cs\/?s={search_term_string}"},"query-input":{"@type":"PropertyValueSpecification","valueRequired":true,"valueName":"search_term_string"}}],"inLanguage":"cs"},{"@type":"Organization","@id":"https:\/\/oldtimerworks.com\/cs\/#organization","name":"OldtimerWorks","url":"https:\/\/oldtimerworks.com\/cs\/","logo":{"@type":"ImageObject","inLanguage":"cs","@id":"https:\/\/oldtimerworks.com\/cs\/#\/schema\/logo\/image\/","url":"https:\/\/oldtimerworks.com\/wp-content\/uploads\/2021\/03\/cropped-oldtimerworks.png","contentUrl":"https:\/\/oldtimerworks.com\/wp-content\/uploads\/2021\/03\/cropped-oldtimerworks.png","width":512,"height":512,"caption":"OldtimerWorks"},"image":{"@id":"https:\/\/oldtimerworks.com\/cs\/#\/schema\/logo\/image\/"},"sameAs":["https:\/\/www.facebook.com\/oldtimerworks"]}]}},"_links":{"self":[{"href":"https:\/\/oldtimerworks.com\/cs\/wp-json\/wp\/v2\/product\/2076","targetHints":{"allow":["GET"]}}],"collection":[{"href":"https:\/\/oldtimerworks.com\/cs\/wp-json\/wp\/v2\/product"}],"about":[{"href":"https:\/\/oldtimerworks.com\/cs\/wp-json\/wp\/v2\/types\/product"}],"wp:featuredmedia":[{"embeddable":true,"href":"https:\/\/oldtimerworks.com\/cs\/wp-json\/wp\/v2\/media\/2079"}],"wp:attachment":[{"href":"https:\/\/oldtimerworks.com\/cs\/wp-json\/wp\/v2\/media?parent=2076"}],"wp:term":[{"taxonomy":"product_brand","embeddable":true,"href":"https:\/\/oldtimerworks.com\/cs\/wp-json\/wp\/v2\/product_brand?post=2076"},{"taxonomy":"product_cat","embeddable":true,"href":"https:\/\/oldtimerworks.com\/cs\/wp-json\/wp\/v2\/product_cat?post=2076"},{"taxonomy":"product_tag","embeddable":true,"href":"https:\/\/oldtimerworks.com\/cs\/wp-json\/wp\/v2\/product_tag?post=2076"}],"curies":[{"name":"wp","href":"https:\/\/api.w.org\/{rel}","templated":true}]}}