{"id":1610,"date":"2024-02-25T18:59:51","date_gmt":"2024-02-25T17:59:51","guid":{"rendered":"https:\/\/oldtimerworks.com\/?post_type=product&#038;p=1610"},"modified":"2026-02-28T23:20:20","modified_gmt":"2026-02-28T22:20:20","slug":"speedometer-isgus-dkw-nz350","status":"publish","type":"product","link":"https:\/\/oldtimerworks.com\/cs\/products\/speedometer-isgus-dkw-nz350\/","title":{"rendered":"Tachometr Isgus DKW nz350"},"content":{"rendered":"<div>\n<div>Tachomer Isgus (80mm) s podsv\u00edcen\u00fdm \u010d\u00edseln\u00edkem pro motocykly DKW nz350, nz250, nz350\/43.<\/div>\n<div><\/div>\n<div>Sou\u010d\u00e1st\u00ed tachometru je \u017e\u00e1rovka osv\u011btlen\u00ed a dr\u017e\u00e1k.<\/div>\n<\/div>\n<div><\/div>","protected":false},"excerpt":{"rendered":"<p>Tachomer Isgus (80mm) s podsv\u00edcen\u00fdm \u010d\u00edseln\u00edkem pro motocykly DKW nz350, nz250, nz350\/43. Sou\u010d\u00e1st\u00ed tachometru je \u017e\u00e1rovka osv\u011btlen\u00ed a dr\u017e\u00e1k.<\/p>","protected":false},"featured_media":1606,"template":"","meta":[],"product_brand":[],"product_cat":[45,38],"product_tag":[],"class_list":{"0":"post-1610","1":"product","2":"type-product","3":"status-publish","4":"has-post-thumbnail","6":"product_cat-dkw","7":"product_cat-dkw-nz","9":"first","10":"outofstock","11":"shipping-taxable","12":"purchasable","13":"product-type-simple"},"yoast_head":"<!-- This site is optimized with the Yoast SEO plugin v27.4 - https:\/\/yoast.com\/product\/yoast-seo-wordpress\/ -->\n<title>Speedometer Isgus DKW nz350 - OldtimerWorks<\/title>\n<meta name=\"description\" content=\"Speedometer Isgus\u00a0(80mm) with lighting dial for DKW nz350, nz250, nz350\/43 motorcycles. Tachometer includes light bulb and holder.\" \/>\n<meta name=\"robots\" content=\"index, follow, max-snippet:-1, max-image-preview:large, max-video-preview:-1\" \/>\n<link rel=\"canonical\" href=\"https:\/\/oldtimerworks.com\/cs\/products\/speedometer-isgus-dkw-nz350\/\" \/>\n<meta property=\"og:locale\" content=\"cs_CZ\" \/>\n<meta property=\"og:type\" content=\"article\" \/>\n<meta property=\"og:title\" content=\"Speedometer Isgus DKW nz350 - OldtimerWorks\" \/>\n<meta property=\"og:description\" content=\"Speedometer Isgus\u00a0(80mm) with lighting dial for DKW nz350, nz250, nz350\/43 motorcycles. Tachometer includes light bulb and holder.\" \/>\n<meta property=\"og:url\" content=\"https:\/\/oldtimerworks.com\/cs\/products\/speedometer-isgus-dkw-nz350\/\" \/>\n<meta property=\"og:site_name\" content=\"OldtimerWorks\" \/>\n<meta property=\"article:publisher\" content=\"https:\/\/www.facebook.com\/oldtimerworks\" \/>\n<meta property=\"article:modified_time\" content=\"2026-02-28T22:20:20+00:00\" \/>\n<meta property=\"og:image\" content=\"https:\/\/oldtimerworks.com\/wp-content\/uploads\/2024\/02\/20240222_193619-1024x768.png\" \/>\n\t<meta property=\"og:image:width\" content=\"1024\" \/>\n\t<meta property=\"og:image:height\" content=\"768\" \/>\n\t<meta property=\"og:image:type\" content=\"image\/png\" \/>\n<meta name=\"twitter:card\" content=\"summary_large_image\" \/>\n<meta name=\"twitter:label1\" content=\"Odhadovan\u00e1 doba \u010dten\u00ed\" \/>\n\t<meta name=\"twitter:data1\" content=\"1 minuta\" \/>\n<script type=\"application\/ld+json\" class=\"yoast-schema-graph\">{\"@context\":\"https:\\\/\\\/schema.org\",\"@graph\":[{\"@type\":\"WebPage\",\"@id\":\"https:\\\/\\\/oldtimerworks.com\\\/products\\\/speedometer-isgus-dkw-nz350\\\/\",\"url\":\"https:\\\/\\\/oldtimerworks.com\\\/products\\\/speedometer-isgus-dkw-nz350\\\/\",\"name\":\"Speedometer Isgus DKW nz350 - OldtimerWorks\",\"isPartOf\":{\"@id\":\"https:\\\/\\\/oldtimerworks.com\\\/cs\\\/#website\"},\"primaryImageOfPage\":{\"@id\":\"https:\\\/\\\/oldtimerworks.com\\\/products\\\/speedometer-isgus-dkw-nz350\\\/#primaryimage\"},\"image\":{\"@id\":\"https:\\\/\\\/oldtimerworks.com\\\/products\\\/speedometer-isgus-dkw-nz350\\\/#primaryimage\"},\"thumbnailUrl\":\"https:\\\/\\\/oldtimerworks.com\\\/wp-content\\\/uploads\\\/2024\\\/02\\\/20240222_193619.png\",\"datePublished\":\"2024-02-25T17:59:51+00:00\",\"dateModified\":\"2026-02-28T22:20:20+00:00\",\"description\":\"Speedometer Isgus\u00a0(80mm) with lighting dial for DKW nz350, nz250, nz350\\\/43 motorcycles. Tachometer includes light bulb and holder.\",\"breadcrumb\":{\"@id\":\"https:\\\/\\\/oldtimerworks.com\\\/products\\\/speedometer-isgus-dkw-nz350\\\/#breadcrumb\"},\"inLanguage\":\"cs\",\"potentialAction\":[{\"@type\":\"ReadAction\",\"target\":[\"https:\\\/\\\/oldtimerworks.com\\\/products\\\/speedometer-isgus-dkw-nz350\\\/\"]}]},{\"@type\":\"ImageObject\",\"inLanguage\":\"cs\",\"@id\":\"https:\\\/\\\/oldtimerworks.com\\\/products\\\/speedometer-isgus-dkw-nz350\\\/#primaryimage\",\"url\":\"https:\\\/\\\/oldtimerworks.com\\\/wp-content\\\/uploads\\\/2024\\\/02\\\/20240222_193619.png\",\"contentUrl\":\"https:\\\/\\\/oldtimerworks.com\\\/wp-content\\\/uploads\\\/2024\\\/02\\\/20240222_193619.png\",\"width\":3787,\"height\":2841},{\"@type\":\"BreadcrumbList\",\"@id\":\"https:\\\/\\\/oldtimerworks.com\\\/products\\\/speedometer-isgus-dkw-nz350\\\/#breadcrumb\",\"itemListElement\":[{\"@type\":\"ListItem\",\"position\":1,\"name\":\"Home\",\"item\":\"https:\\\/\\\/oldtimerworks.com\\\/\"},{\"@type\":\"ListItem\",\"position\":2,\"name\":\"Products\",\"item\":\"https:\\\/\\\/oldtimerworks.com\\\/products\\\/\"},{\"@type\":\"ListItem\",\"position\":3,\"name\":\"Speedometer Isgus DKW nz350\"}]},{\"@type\":\"WebSite\",\"@id\":\"https:\\\/\\\/oldtimerworks.com\\\/cs\\\/#website\",\"url\":\"https:\\\/\\\/oldtimerworks.com\\\/cs\\\/\",\"name\":\"OldtimerWorks\",\"description\":\"E-Shop and Services\",\"publisher\":{\"@id\":\"https:\\\/\\\/oldtimerworks.com\\\/cs\\\/#organization\"},\"potentialAction\":[{\"@type\":\"SearchAction\",\"target\":{\"@type\":\"EntryPoint\",\"urlTemplate\":\"https:\\\/\\\/oldtimerworks.com\\\/cs\\\/?s={search_term_string}\"},\"query-input\":{\"@type\":\"PropertyValueSpecification\",\"valueRequired\":true,\"valueName\":\"search_term_string\"}}],\"inLanguage\":\"cs\"},{\"@type\":\"Organization\",\"@id\":\"https:\\\/\\\/oldtimerworks.com\\\/cs\\\/#organization\",\"name\":\"OldtimerWorks\",\"url\":\"https:\\\/\\\/oldtimerworks.com\\\/cs\\\/\",\"logo\":{\"@type\":\"ImageObject\",\"inLanguage\":\"cs\",\"@id\":\"https:\\\/\\\/oldtimerworks.com\\\/cs\\\/#\\\/schema\\\/logo\\\/image\\\/\",\"url\":\"https:\\\/\\\/oldtimerworks.com\\\/wp-content\\\/uploads\\\/2021\\\/03\\\/cropped-oldtimerworks.png\",\"contentUrl\":\"https:\\\/\\\/oldtimerworks.com\\\/wp-content\\\/uploads\\\/2021\\\/03\\\/cropped-oldtimerworks.png\",\"width\":512,\"height\":512,\"caption\":\"OldtimerWorks\"},\"image\":{\"@id\":\"https:\\\/\\\/oldtimerworks.com\\\/cs\\\/#\\\/schema\\\/logo\\\/image\\\/\"},\"sameAs\":[\"https:\\\/\\\/www.facebook.com\\\/oldtimerworks\"]}]}<\/script>\n<!-- \/ Yoast SEO plugin. -->","yoast_head_json":{"title":"Speedometer Isgus DKW nz350 - OldtimerWorks","description":"Tachomer Isgus (80mm) s podsv\u00edcen\u00fdm \u010d\u00edseln\u00edkem pro motocykly DKW nz350, nz250, nz350\/43. Sou\u010d\u00e1st\u00ed tachometru je \u017e\u00e1rovka osv\u011btlen\u00ed a dr\u017e\u00e1k.","robots":{"index":"index","follow":"follow","max-snippet":"max-snippet:-1","max-image-preview":"max-image-preview:large","max-video-preview":"max-video-preview:-1"},"canonical":"https:\/\/oldtimerworks.com\/cs\/products\/speedometer-isgus-dkw-nz350\/","og_locale":"cs_CZ","og_type":"article","og_title":"Speedometer Isgus DKW nz350 - OldtimerWorks","og_description":"Speedometer Isgus\u00a0(80mm) with lighting dial for DKW nz350, nz250, nz350\/43 motorcycles. Tachometer includes light bulb and holder.","og_url":"https:\/\/oldtimerworks.com\/cs\/products\/speedometer-isgus-dkw-nz350\/","og_site_name":"OldtimerWorks","article_publisher":"https:\/\/www.facebook.com\/oldtimerworks","article_modified_time":"2026-02-28T22:20:20+00:00","og_image":[{"width":1024,"height":768,"url":"https:\/\/oldtimerworks.com\/wp-content\/uploads\/2024\/02\/20240222_193619-1024x768.png","type":"image\/png"}],"twitter_card":"summary_large_image","twitter_misc":{"Odhadovan\u00e1 doba \u010dten\u00ed":"1 minuta"},"schema":{"@context":"https:\/\/schema.org","@graph":[{"@type":"WebPage","@id":"https:\/\/oldtimerworks.com\/products\/speedometer-isgus-dkw-nz350\/","url":"https:\/\/oldtimerworks.com\/products\/speedometer-isgus-dkw-nz350\/","name":"Speedometer Isgus DKW nz350 - OldtimerWorks","isPartOf":{"@id":"https:\/\/oldtimerworks.com\/cs\/#website"},"primaryImageOfPage":{"@id":"https:\/\/oldtimerworks.com\/products\/speedometer-isgus-dkw-nz350\/#primaryimage"},"image":{"@id":"https:\/\/oldtimerworks.com\/products\/speedometer-isgus-dkw-nz350\/#primaryimage"},"thumbnailUrl":"https:\/\/oldtimerworks.com\/wp-content\/uploads\/2024\/02\/20240222_193619.png","datePublished":"2024-02-25T17:59:51+00:00","dateModified":"2026-02-28T22:20:20+00:00","description":"Tachomer Isgus (80mm) s podsv\u00edcen\u00fdm \u010d\u00edseln\u00edkem pro motocykly DKW nz350, nz250, nz350\/43. Sou\u010d\u00e1st\u00ed tachometru je \u017e\u00e1rovka osv\u011btlen\u00ed a dr\u017e\u00e1k.","breadcrumb":{"@id":"https:\/\/oldtimerworks.com\/products\/speedometer-isgus-dkw-nz350\/#breadcrumb"},"inLanguage":"cs","potentialAction":[{"@type":"ReadAction","target":["https:\/\/oldtimerworks.com\/products\/speedometer-isgus-dkw-nz350\/"]}]},{"@type":"ImageObject","inLanguage":"cs","@id":"https:\/\/oldtimerworks.com\/products\/speedometer-isgus-dkw-nz350\/#primaryimage","url":"https:\/\/oldtimerworks.com\/wp-content\/uploads\/2024\/02\/20240222_193619.png","contentUrl":"https:\/\/oldtimerworks.com\/wp-content\/uploads\/2024\/02\/20240222_193619.png","width":3787,"height":2841},{"@type":"BreadcrumbList","@id":"https:\/\/oldtimerworks.com\/products\/speedometer-isgus-dkw-nz350\/#breadcrumb","itemListElement":[{"@type":"ListItem","position":1,"name":"Home","item":"https:\/\/oldtimerworks.com\/"},{"@type":"ListItem","position":2,"name":"Products","item":"https:\/\/oldtimerworks.com\/products\/"},{"@type":"ListItem","position":3,"name":"Speedometer Isgus DKW nz350"}]},{"@type":"WebSite","@id":"https:\/\/oldtimerworks.com\/cs\/#website","url":"https:\/\/oldtimerworks.com\/cs\/","name":"OldtimerWorks","description":"E-Shop a slu\u017eby","publisher":{"@id":"https:\/\/oldtimerworks.com\/cs\/#organization"},"potentialAction":[{"@type":"SearchAction","target":{"@type":"EntryPoint","urlTemplate":"https:\/\/oldtimerworks.com\/cs\/?s={search_term_string}"},"query-input":{"@type":"PropertyValueSpecification","valueRequired":true,"valueName":"search_term_string"}}],"inLanguage":"cs"},{"@type":"Organization","@id":"https:\/\/oldtimerworks.com\/cs\/#organization","name":"OldtimerWorks","url":"https:\/\/oldtimerworks.com\/cs\/","logo":{"@type":"ImageObject","inLanguage":"cs","@id":"https:\/\/oldtimerworks.com\/cs\/#\/schema\/logo\/image\/","url":"https:\/\/oldtimerworks.com\/wp-content\/uploads\/2021\/03\/cropped-oldtimerworks.png","contentUrl":"https:\/\/oldtimerworks.com\/wp-content\/uploads\/2021\/03\/cropped-oldtimerworks.png","width":512,"height":512,"caption":"OldtimerWorks"},"image":{"@id":"https:\/\/oldtimerworks.com\/cs\/#\/schema\/logo\/image\/"},"sameAs":["https:\/\/www.facebook.com\/oldtimerworks"]}]}},"_links":{"self":[{"href":"https:\/\/oldtimerworks.com\/cs\/wp-json\/wp\/v2\/product\/1610","targetHints":{"allow":["GET"]}}],"collection":[{"href":"https:\/\/oldtimerworks.com\/cs\/wp-json\/wp\/v2\/product"}],"about":[{"href":"https:\/\/oldtimerworks.com\/cs\/wp-json\/wp\/v2\/types\/product"}],"wp:featuredmedia":[{"embeddable":true,"href":"https:\/\/oldtimerworks.com\/cs\/wp-json\/wp\/v2\/media\/1606"}],"wp:attachment":[{"href":"https:\/\/oldtimerworks.com\/cs\/wp-json\/wp\/v2\/media?parent=1610"}],"wp:term":[{"taxonomy":"product_brand","embeddable":true,"href":"https:\/\/oldtimerworks.com\/cs\/wp-json\/wp\/v2\/product_brand?post=1610"},{"taxonomy":"product_cat","embeddable":true,"href":"https:\/\/oldtimerworks.com\/cs\/wp-json\/wp\/v2\/product_cat?post=1610"},{"taxonomy":"product_tag","embeddable":true,"href":"https:\/\/oldtimerworks.com\/cs\/wp-json\/wp\/v2\/product_tag?post=1610"}],"curies":[{"name":"wp","href":"https:\/\/api.w.org\/{rel}","templated":true}]}}