{"id":1384,"date":"2023-11-20T17:00:52","date_gmt":"2023-11-20T16:00:52","guid":{"rendered":"https:\/\/oldtimerworks.com\/?post_type=product&#038;p=1384"},"modified":"2026-03-19T15:20:11","modified_gmt":"2026-03-19T14:20:11","slug":"covers-for-lower-fork-levers","status":"publish","type":"product","link":"https:\/\/oldtimerworks.com\/cs\/products\/covers-for-lower-fork-levers\/","title":{"rendered":"Krytky spodn\u00edch vahadel DKW RT 125, RT 125 n.a."},"content":{"rendered":"<p>Krytky spodn\u00edch vahadel pro motocykl DKW RT125 a RT125 n.a. roky v\u00fdroby 1939-1945.<\/p>\n<p>&nbsp;<\/p>\n<p>Uveden\u00e1 cena je za p\u00e1r.<\/p>","protected":false},"excerpt":{"rendered":"<p>Krytky spodn\u00edch vahadel pro motocykl DKW RT125 a RT125 n.a. roky v\u00fdroby 1939-1945.\nUveden\u00e1 cena je za p\u00e1r.<\/p>","protected":false},"featured_media":1390,"template":"","meta":[],"product_brand":[],"product_cat":[45,46],"product_tag":[],"class_list":{"0":"post-1384","1":"product","2":"type-product","3":"status-publish","4":"has-post-thumbnail","6":"product_cat-dkw","7":"product_cat-dkw-rt","9":"first","10":"instock","11":"shipping-taxable","12":"purchasable","13":"product-type-simple"},"yoast_head":"<!-- This site is optimized with the Yoast SEO plugin v27.5 - https:\/\/yoast.com\/product\/yoast-seo-wordpress\/ -->\n<title>Covers for lower fork levers DKW RT 125, RT 125 n.a. - OldtimerWorks<\/title>\n<meta name=\"description\" content=\"Covers for lower fork levers\u00a0DKW RT125 and RT125 n.a. motorcycle, years of production 1939-1945. Price is per pair.\" \/>\n<meta name=\"robots\" content=\"index, follow, max-snippet:-1, max-image-preview:large, max-video-preview:-1\" \/>\n<link rel=\"canonical\" href=\"https:\/\/oldtimerworks.com\/cs\/products\/covers-for-lower-fork-levers\/\" \/>\n<meta property=\"og:locale\" content=\"cs_CZ\" \/>\n<meta property=\"og:type\" content=\"article\" \/>\n<meta property=\"og:title\" content=\"Covers for lower fork levers DKW RT 125, RT 125 n.a. - OldtimerWorks\" \/>\n<meta property=\"og:description\" content=\"Covers for lower fork levers\u00a0DKW RT125 and RT125 n.a. motorcycle, years of production 1939-1945. Price is per pair.\" \/>\n<meta property=\"og:url\" content=\"https:\/\/oldtimerworks.com\/cs\/products\/covers-for-lower-fork-levers\/\" \/>\n<meta property=\"og:site_name\" content=\"OldtimerWorks\" \/>\n<meta property=\"article:publisher\" content=\"https:\/\/www.facebook.com\/oldtimerworks\" \/>\n<meta property=\"article:modified_time\" content=\"2026-03-19T14:20:11+00:00\" \/>\n<meta property=\"og:image\" content=\"https:\/\/oldtimerworks.com\/wp-content\/uploads\/2023\/11\/IMG_0677-1024x958.png\" \/>\n\t<meta property=\"og:image:width\" content=\"1024\" \/>\n\t<meta property=\"og:image:height\" content=\"958\" \/>\n\t<meta property=\"og:image:type\" content=\"image\/png\" \/>\n<meta name=\"twitter:card\" content=\"summary_large_image\" \/>\n<meta name=\"twitter:label1\" content=\"Odhadovan\u00e1 doba \u010dten\u00ed\" \/>\n\t<meta name=\"twitter:data1\" content=\"1 minuta\" \/>\n<script type=\"application\/ld+json\" class=\"yoast-schema-graph\">{\"@context\":\"https:\\\/\\\/schema.org\",\"@graph\":[{\"@type\":\"WebPage\",\"@id\":\"https:\\\/\\\/oldtimerworks.com\\\/products\\\/covers-for-lower-fork-levers\\\/\",\"url\":\"https:\\\/\\\/oldtimerworks.com\\\/products\\\/covers-for-lower-fork-levers\\\/\",\"name\":\"Covers for lower fork levers DKW RT 125, RT 125 n.a. - OldtimerWorks\",\"isPartOf\":{\"@id\":\"https:\\\/\\\/oldtimerworks.com\\\/cs\\\/#website\"},\"primaryImageOfPage\":{\"@id\":\"https:\\\/\\\/oldtimerworks.com\\\/products\\\/covers-for-lower-fork-levers\\\/#primaryimage\"},\"image\":{\"@id\":\"https:\\\/\\\/oldtimerworks.com\\\/products\\\/covers-for-lower-fork-levers\\\/#primaryimage\"},\"thumbnailUrl\":\"https:\\\/\\\/oldtimerworks.com\\\/wp-content\\\/uploads\\\/2023\\\/11\\\/IMG_0677.png\",\"datePublished\":\"2023-11-20T16:00:52+00:00\",\"dateModified\":\"2026-03-19T14:20:11+00:00\",\"description\":\"Covers for lower fork levers\u00a0DKW RT125 and RT125 n.a. motorcycle, years of production 1939-1945. Price is per pair.\",\"breadcrumb\":{\"@id\":\"https:\\\/\\\/oldtimerworks.com\\\/products\\\/covers-for-lower-fork-levers\\\/#breadcrumb\"},\"inLanguage\":\"cs\",\"potentialAction\":[{\"@type\":\"ReadAction\",\"target\":[\"https:\\\/\\\/oldtimerworks.com\\\/products\\\/covers-for-lower-fork-levers\\\/\"]}]},{\"@type\":\"ImageObject\",\"inLanguage\":\"cs\",\"@id\":\"https:\\\/\\\/oldtimerworks.com\\\/products\\\/covers-for-lower-fork-levers\\\/#primaryimage\",\"url\":\"https:\\\/\\\/oldtimerworks.com\\\/wp-content\\\/uploads\\\/2023\\\/11\\\/IMG_0677.png\",\"contentUrl\":\"https:\\\/\\\/oldtimerworks.com\\\/wp-content\\\/uploads\\\/2023\\\/11\\\/IMG_0677.png\",\"width\":2955,\"height\":2765},{\"@type\":\"BreadcrumbList\",\"@id\":\"https:\\\/\\\/oldtimerworks.com\\\/products\\\/covers-for-lower-fork-levers\\\/#breadcrumb\",\"itemListElement\":[{\"@type\":\"ListItem\",\"position\":1,\"name\":\"Home\",\"item\":\"https:\\\/\\\/oldtimerworks.com\\\/\"},{\"@type\":\"ListItem\",\"position\":2,\"name\":\"Products\",\"item\":\"https:\\\/\\\/oldtimerworks.com\\\/products\\\/\"},{\"@type\":\"ListItem\",\"position\":3,\"name\":\"Covers for lower fork levers DKW RT 125, RT 125 n.a.\"}]},{\"@type\":\"WebSite\",\"@id\":\"https:\\\/\\\/oldtimerworks.com\\\/cs\\\/#website\",\"url\":\"https:\\\/\\\/oldtimerworks.com\\\/cs\\\/\",\"name\":\"OldtimerWorks\",\"description\":\"E-Shop and Services\",\"publisher\":{\"@id\":\"https:\\\/\\\/oldtimerworks.com\\\/cs\\\/#organization\"},\"potentialAction\":[{\"@type\":\"SearchAction\",\"target\":{\"@type\":\"EntryPoint\",\"urlTemplate\":\"https:\\\/\\\/oldtimerworks.com\\\/cs\\\/?s={search_term_string}\"},\"query-input\":{\"@type\":\"PropertyValueSpecification\",\"valueRequired\":true,\"valueName\":\"search_term_string\"}}],\"inLanguage\":\"cs\"},{\"@type\":\"Organization\",\"@id\":\"https:\\\/\\\/oldtimerworks.com\\\/cs\\\/#organization\",\"name\":\"OldtimerWorks\",\"url\":\"https:\\\/\\\/oldtimerworks.com\\\/cs\\\/\",\"logo\":{\"@type\":\"ImageObject\",\"inLanguage\":\"cs\",\"@id\":\"https:\\\/\\\/oldtimerworks.com\\\/cs\\\/#\\\/schema\\\/logo\\\/image\\\/\",\"url\":\"https:\\\/\\\/oldtimerworks.com\\\/wp-content\\\/uploads\\\/2021\\\/03\\\/cropped-oldtimerworks.png\",\"contentUrl\":\"https:\\\/\\\/oldtimerworks.com\\\/wp-content\\\/uploads\\\/2021\\\/03\\\/cropped-oldtimerworks.png\",\"width\":512,\"height\":512,\"caption\":\"OldtimerWorks\"},\"image\":{\"@id\":\"https:\\\/\\\/oldtimerworks.com\\\/cs\\\/#\\\/schema\\\/logo\\\/image\\\/\"},\"sameAs\":[\"https:\\\/\\\/www.facebook.com\\\/oldtimerworks\"]}]}<\/script>\n<!-- \/ Yoast SEO plugin. -->","yoast_head_json":{"title":"Covers for lower fork levers DKW RT 125, RT 125 n.a. - OldtimerWorks","description":"Covers for lower fork levers\u00a0DKW RT125 and RT125 n.a. motorcycle, years of production 1939-1945. Price is per pair.","robots":{"index":"index","follow":"follow","max-snippet":"max-snippet:-1","max-image-preview":"max-image-preview:large","max-video-preview":"max-video-preview:-1"},"canonical":"https:\/\/oldtimerworks.com\/cs\/products\/covers-for-lower-fork-levers\/","og_locale":"cs_CZ","og_type":"article","og_title":"Covers for lower fork levers DKW RT 125, RT 125 n.a. - OldtimerWorks","og_description":"Covers for lower fork levers\u00a0DKW RT125 and RT125 n.a. motorcycle, years of production 1939-1945. Price is per pair.","og_url":"https:\/\/oldtimerworks.com\/cs\/products\/covers-for-lower-fork-levers\/","og_site_name":"OldtimerWorks","article_publisher":"https:\/\/www.facebook.com\/oldtimerworks","article_modified_time":"2026-03-19T14:20:11+00:00","og_image":[{"width":1024,"height":958,"url":"https:\/\/oldtimerworks.com\/wp-content\/uploads\/2023\/11\/IMG_0677-1024x958.png","type":"image\/png"}],"twitter_card":"summary_large_image","twitter_misc":{"Odhadovan\u00e1 doba \u010dten\u00ed":"1 minuta"},"schema":{"@context":"https:\/\/schema.org","@graph":[{"@type":"WebPage","@id":"https:\/\/oldtimerworks.com\/products\/covers-for-lower-fork-levers\/","url":"https:\/\/oldtimerworks.com\/products\/covers-for-lower-fork-levers\/","name":"Covers for lower fork levers DKW RT 125, RT 125 n.a. - OldtimerWorks","isPartOf":{"@id":"https:\/\/oldtimerworks.com\/cs\/#website"},"primaryImageOfPage":{"@id":"https:\/\/oldtimerworks.com\/products\/covers-for-lower-fork-levers\/#primaryimage"},"image":{"@id":"https:\/\/oldtimerworks.com\/products\/covers-for-lower-fork-levers\/#primaryimage"},"thumbnailUrl":"https:\/\/oldtimerworks.com\/wp-content\/uploads\/2023\/11\/IMG_0677.png","datePublished":"2023-11-20T16:00:52+00:00","dateModified":"2026-03-19T14:20:11+00:00","description":"Covers for lower fork levers\u00a0DKW RT125 and RT125 n.a. motorcycle, years of production 1939-1945. Price is per pair.","breadcrumb":{"@id":"https:\/\/oldtimerworks.com\/products\/covers-for-lower-fork-levers\/#breadcrumb"},"inLanguage":"cs","potentialAction":[{"@type":"ReadAction","target":["https:\/\/oldtimerworks.com\/products\/covers-for-lower-fork-levers\/"]}]},{"@type":"ImageObject","inLanguage":"cs","@id":"https:\/\/oldtimerworks.com\/products\/covers-for-lower-fork-levers\/#primaryimage","url":"https:\/\/oldtimerworks.com\/wp-content\/uploads\/2023\/11\/IMG_0677.png","contentUrl":"https:\/\/oldtimerworks.com\/wp-content\/uploads\/2023\/11\/IMG_0677.png","width":2955,"height":2765},{"@type":"BreadcrumbList","@id":"https:\/\/oldtimerworks.com\/products\/covers-for-lower-fork-levers\/#breadcrumb","itemListElement":[{"@type":"ListItem","position":1,"name":"Home","item":"https:\/\/oldtimerworks.com\/"},{"@type":"ListItem","position":2,"name":"Products","item":"https:\/\/oldtimerworks.com\/products\/"},{"@type":"ListItem","position":3,"name":"Covers for lower fork levers DKW RT 125, RT 125 n.a."}]},{"@type":"WebSite","@id":"https:\/\/oldtimerworks.com\/cs\/#website","url":"https:\/\/oldtimerworks.com\/cs\/","name":"OldtimerWorks","description":"E-Shop a slu\u017eby","publisher":{"@id":"https:\/\/oldtimerworks.com\/cs\/#organization"},"potentialAction":[{"@type":"SearchAction","target":{"@type":"EntryPoint","urlTemplate":"https:\/\/oldtimerworks.com\/cs\/?s={search_term_string}"},"query-input":{"@type":"PropertyValueSpecification","valueRequired":true,"valueName":"search_term_string"}}],"inLanguage":"cs"},{"@type":"Organization","@id":"https:\/\/oldtimerworks.com\/cs\/#organization","name":"OldtimerWorks","url":"https:\/\/oldtimerworks.com\/cs\/","logo":{"@type":"ImageObject","inLanguage":"cs","@id":"https:\/\/oldtimerworks.com\/cs\/#\/schema\/logo\/image\/","url":"https:\/\/oldtimerworks.com\/wp-content\/uploads\/2021\/03\/cropped-oldtimerworks.png","contentUrl":"https:\/\/oldtimerworks.com\/wp-content\/uploads\/2021\/03\/cropped-oldtimerworks.png","width":512,"height":512,"caption":"OldtimerWorks"},"image":{"@id":"https:\/\/oldtimerworks.com\/cs\/#\/schema\/logo\/image\/"},"sameAs":["https:\/\/www.facebook.com\/oldtimerworks"]}]}},"_links":{"self":[{"href":"https:\/\/oldtimerworks.com\/cs\/wp-json\/wp\/v2\/product\/1384","targetHints":{"allow":["GET"]}}],"collection":[{"href":"https:\/\/oldtimerworks.com\/cs\/wp-json\/wp\/v2\/product"}],"about":[{"href":"https:\/\/oldtimerworks.com\/cs\/wp-json\/wp\/v2\/types\/product"}],"wp:featuredmedia":[{"embeddable":true,"href":"https:\/\/oldtimerworks.com\/cs\/wp-json\/wp\/v2\/media\/1390"}],"wp:attachment":[{"href":"https:\/\/oldtimerworks.com\/cs\/wp-json\/wp\/v2\/media?parent=1384"}],"wp:term":[{"taxonomy":"product_brand","embeddable":true,"href":"https:\/\/oldtimerworks.com\/cs\/wp-json\/wp\/v2\/product_brand?post=1384"},{"taxonomy":"product_cat","embeddable":true,"href":"https:\/\/oldtimerworks.com\/cs\/wp-json\/wp\/v2\/product_cat?post=1384"},{"taxonomy":"product_tag","embeddable":true,"href":"https:\/\/oldtimerworks.com\/cs\/wp-json\/wp\/v2\/product_tag?post=1384"}],"curies":[{"name":"wp","href":"https:\/\/api.w.org\/{rel}","templated":true}]}}