{"id":1338,"date":"2023-08-10T17:38:30","date_gmt":"2023-08-10T15:38:30","guid":{"rendered":"https:\/\/oldtimerworks.com\/?post_type=product&#038;p=1338"},"modified":"2026-03-23T20:42:51","modified_gmt":"2026-03-23T19:42:51","slug":"nuts-for-windscreen","status":"publish","type":"product","link":"https:\/\/oldtimerworks.com\/cs\/products\/nuts-for-windscreen\/","title":{"rendered":"Sada matic pro st\u011bra\u010dov\u00e9 mot\u016frky KdF 82, 166"},"content":{"rendered":"<div>Sada matic pro uchycen\u00ed st\u011bra\u010dov\u00e9ho mot\u016frku (Avog, Bosch, SWF) k r\u00e1mu p\u0159edn\u00edho skla pro KdF 82, 166 a ostatn\u00ed vozidla Wehrmachtu.<\/div>\n<div><\/div>","protected":false},"excerpt":{"rendered":"<p>Sada matic pro uchycen\u00ed st\u011bra\u010dov\u00e9ho mot\u016frku (Avog, Bosch, SWF) k r\u00e1mu p\u0159edn\u00edho skla pro KdF 82, 166 a ostatn\u00ed vozidla Wehrmachtu.<\/p>","protected":false},"featured_media":1342,"template":"","meta":[],"product_brand":[],"product_cat":[40,48,47],"product_tag":[],"class_list":{"0":"post-1338","1":"product","2":"type-product","3":"status-publish","4":"has-post-thumbnail","6":"product_cat-kdf","7":"product_cat-kdf-166","8":"product_cat-kdf-82","10":"first","11":"instock","12":"shipping-taxable","13":"purchasable","14":"product-type-simple"},"yoast_head":"<!-- This site is optimized with the Yoast SEO plugin v27.5 - https:\/\/yoast.com\/product\/yoast-seo-wordpress\/ -->\n<title>Set of nuts for windscreen wipers engine KdF 82, 166 - OldtimerWorks<\/title>\n<meta name=\"description\" content=\"Set of nuts for fix windscreen wipers engine (Avog, Bosch, SWF) to windscreen frame for KdF 82, 166 and other Wehramacht vehicles.\" \/>\n<meta name=\"robots\" content=\"index, follow, max-snippet:-1, max-image-preview:large, max-video-preview:-1\" \/>\n<link rel=\"canonical\" href=\"https:\/\/oldtimerworks.com\/cs\/products\/nuts-for-windscreen\/\" \/>\n<meta property=\"og:locale\" content=\"cs_CZ\" \/>\n<meta property=\"og:type\" content=\"article\" \/>\n<meta property=\"og:title\" content=\"Set of nuts for windscreen wipers engine KdF 82, 166 - OldtimerWorks\" \/>\n<meta property=\"og:description\" content=\"Set of nuts for fix windscreen wipers engine (Avog, Bosch, SWF) to windscreen frame for KdF 82, 166 and other Wehramacht vehicles.\" \/>\n<meta property=\"og:url\" content=\"https:\/\/oldtimerworks.com\/cs\/products\/nuts-for-windscreen\/\" \/>\n<meta property=\"og:site_name\" content=\"OldtimerWorks\" \/>\n<meta property=\"article:publisher\" content=\"https:\/\/www.facebook.com\/oldtimerworks\" \/>\n<meta property=\"article:modified_time\" content=\"2026-03-23T19:42:51+00:00\" \/>\n<meta property=\"og:image\" content=\"https:\/\/oldtimerworks.com\/wp-content\/uploads\/2023\/08\/SROUB004-1024x682.png\" \/>\n\t<meta property=\"og:image:width\" content=\"1024\" \/>\n\t<meta property=\"og:image:height\" content=\"682\" \/>\n\t<meta property=\"og:image:type\" content=\"image\/png\" \/>\n<meta name=\"twitter:card\" content=\"summary_large_image\" \/>\n<meta name=\"twitter:label1\" content=\"Odhadovan\u00e1 doba \u010dten\u00ed\" \/>\n\t<meta name=\"twitter:data1\" content=\"1 minuta\" \/>\n<script type=\"application\/ld+json\" class=\"yoast-schema-graph\">{\"@context\":\"https:\\\/\\\/schema.org\",\"@graph\":[{\"@type\":\"WebPage\",\"@id\":\"https:\\\/\\\/oldtimerworks.com\\\/products\\\/nuts-for-windscreen\\\/\",\"url\":\"https:\\\/\\\/oldtimerworks.com\\\/products\\\/nuts-for-windscreen\\\/\",\"name\":\"Set of nuts for windscreen wipers engine KdF 82, 166 - OldtimerWorks\",\"isPartOf\":{\"@id\":\"https:\\\/\\\/oldtimerworks.com\\\/cs\\\/#website\"},\"primaryImageOfPage\":{\"@id\":\"https:\\\/\\\/oldtimerworks.com\\\/products\\\/nuts-for-windscreen\\\/#primaryimage\"},\"image\":{\"@id\":\"https:\\\/\\\/oldtimerworks.com\\\/products\\\/nuts-for-windscreen\\\/#primaryimage\"},\"thumbnailUrl\":\"https:\\\/\\\/oldtimerworks.com\\\/wp-content\\\/uploads\\\/2023\\\/08\\\/SROUB004.png\",\"datePublished\":\"2023-08-10T15:38:30+00:00\",\"dateModified\":\"2026-03-23T19:42:51+00:00\",\"description\":\"Set of nuts for fix windscreen wipers engine (Avog, Bosch, SWF) to windscreen frame for KdF 82, 166 and other Wehramacht vehicles.\",\"breadcrumb\":{\"@id\":\"https:\\\/\\\/oldtimerworks.com\\\/products\\\/nuts-for-windscreen\\\/#breadcrumb\"},\"inLanguage\":\"cs\",\"potentialAction\":[{\"@type\":\"ReadAction\",\"target\":[\"https:\\\/\\\/oldtimerworks.com\\\/products\\\/nuts-for-windscreen\\\/\"]}]},{\"@type\":\"ImageObject\",\"inLanguage\":\"cs\",\"@id\":\"https:\\\/\\\/oldtimerworks.com\\\/products\\\/nuts-for-windscreen\\\/#primaryimage\",\"url\":\"https:\\\/\\\/oldtimerworks.com\\\/wp-content\\\/uploads\\\/2023\\\/08\\\/SROUB004.png\",\"contentUrl\":\"https:\\\/\\\/oldtimerworks.com\\\/wp-content\\\/uploads\\\/2023\\\/08\\\/SROUB004.png\",\"width\":2000,\"height\":1333},{\"@type\":\"BreadcrumbList\",\"@id\":\"https:\\\/\\\/oldtimerworks.com\\\/products\\\/nuts-for-windscreen\\\/#breadcrumb\",\"itemListElement\":[{\"@type\":\"ListItem\",\"position\":1,\"name\":\"Home\",\"item\":\"https:\\\/\\\/oldtimerworks.com\\\/\"},{\"@type\":\"ListItem\",\"position\":2,\"name\":\"Products\",\"item\":\"https:\\\/\\\/oldtimerworks.com\\\/products\\\/\"},{\"@type\":\"ListItem\",\"position\":3,\"name\":\"Set of nuts for windscreen wipers engine KdF 82, 166\"}]},{\"@type\":\"WebSite\",\"@id\":\"https:\\\/\\\/oldtimerworks.com\\\/cs\\\/#website\",\"url\":\"https:\\\/\\\/oldtimerworks.com\\\/cs\\\/\",\"name\":\"OldtimerWorks\",\"description\":\"E-Shop and Services\",\"publisher\":{\"@id\":\"https:\\\/\\\/oldtimerworks.com\\\/cs\\\/#organization\"},\"potentialAction\":[{\"@type\":\"SearchAction\",\"target\":{\"@type\":\"EntryPoint\",\"urlTemplate\":\"https:\\\/\\\/oldtimerworks.com\\\/cs\\\/?s={search_term_string}\"},\"query-input\":{\"@type\":\"PropertyValueSpecification\",\"valueRequired\":true,\"valueName\":\"search_term_string\"}}],\"inLanguage\":\"cs\"},{\"@type\":\"Organization\",\"@id\":\"https:\\\/\\\/oldtimerworks.com\\\/cs\\\/#organization\",\"name\":\"OldtimerWorks\",\"url\":\"https:\\\/\\\/oldtimerworks.com\\\/cs\\\/\",\"logo\":{\"@type\":\"ImageObject\",\"inLanguage\":\"cs\",\"@id\":\"https:\\\/\\\/oldtimerworks.com\\\/cs\\\/#\\\/schema\\\/logo\\\/image\\\/\",\"url\":\"https:\\\/\\\/oldtimerworks.com\\\/wp-content\\\/uploads\\\/2021\\\/03\\\/cropped-oldtimerworks.png\",\"contentUrl\":\"https:\\\/\\\/oldtimerworks.com\\\/wp-content\\\/uploads\\\/2021\\\/03\\\/cropped-oldtimerworks.png\",\"width\":512,\"height\":512,\"caption\":\"OldtimerWorks\"},\"image\":{\"@id\":\"https:\\\/\\\/oldtimerworks.com\\\/cs\\\/#\\\/schema\\\/logo\\\/image\\\/\"},\"sameAs\":[\"https:\\\/\\\/www.facebook.com\\\/oldtimerworks\"]}]}<\/script>\n<!-- \/ Yoast SEO plugin. -->","yoast_head_json":{"title":"Set of nuts for windscreen wipers engine KdF 82, 166 - OldtimerWorks","description":"Sada matic pro uchycen\u00ed st\u011bra\u010dov\u00e9ho mot\u016frku (Avog, Bosch, SWF) k r\u00e1mu p\u0159edn\u00edho skla pro KdF 82, 166 a ostatn\u00ed vozidla Wehrmachtu.","robots":{"index":"index","follow":"follow","max-snippet":"max-snippet:-1","max-image-preview":"max-image-preview:large","max-video-preview":"max-video-preview:-1"},"canonical":"https:\/\/oldtimerworks.com\/cs\/products\/nuts-for-windscreen\/","og_locale":"cs_CZ","og_type":"article","og_title":"Set of nuts for windscreen wipers engine KdF 82, 166 - OldtimerWorks","og_description":"Set of nuts for fix windscreen wipers engine (Avog, Bosch, SWF) to windscreen frame for KdF 82, 166 and other Wehramacht vehicles.","og_url":"https:\/\/oldtimerworks.com\/cs\/products\/nuts-for-windscreen\/","og_site_name":"OldtimerWorks","article_publisher":"https:\/\/www.facebook.com\/oldtimerworks","article_modified_time":"2026-03-23T19:42:51+00:00","og_image":[{"width":1024,"height":682,"url":"https:\/\/oldtimerworks.com\/wp-content\/uploads\/2023\/08\/SROUB004-1024x682.png","type":"image\/png"}],"twitter_card":"summary_large_image","twitter_misc":{"Odhadovan\u00e1 doba \u010dten\u00ed":"1 minuta"},"schema":{"@context":"https:\/\/schema.org","@graph":[{"@type":"WebPage","@id":"https:\/\/oldtimerworks.com\/products\/nuts-for-windscreen\/","url":"https:\/\/oldtimerworks.com\/products\/nuts-for-windscreen\/","name":"Set of nuts for windscreen wipers engine KdF 82, 166 - OldtimerWorks","isPartOf":{"@id":"https:\/\/oldtimerworks.com\/cs\/#website"},"primaryImageOfPage":{"@id":"https:\/\/oldtimerworks.com\/products\/nuts-for-windscreen\/#primaryimage"},"image":{"@id":"https:\/\/oldtimerworks.com\/products\/nuts-for-windscreen\/#primaryimage"},"thumbnailUrl":"https:\/\/oldtimerworks.com\/wp-content\/uploads\/2023\/08\/SROUB004.png","datePublished":"2023-08-10T15:38:30+00:00","dateModified":"2026-03-23T19:42:51+00:00","description":"Sada matic pro uchycen\u00ed st\u011bra\u010dov\u00e9ho mot\u016frku (Avog, Bosch, SWF) k r\u00e1mu p\u0159edn\u00edho skla pro KdF 82, 166 a ostatn\u00ed vozidla Wehrmachtu.","breadcrumb":{"@id":"https:\/\/oldtimerworks.com\/products\/nuts-for-windscreen\/#breadcrumb"},"inLanguage":"cs","potentialAction":[{"@type":"ReadAction","target":["https:\/\/oldtimerworks.com\/products\/nuts-for-windscreen\/"]}]},{"@type":"ImageObject","inLanguage":"cs","@id":"https:\/\/oldtimerworks.com\/products\/nuts-for-windscreen\/#primaryimage","url":"https:\/\/oldtimerworks.com\/wp-content\/uploads\/2023\/08\/SROUB004.png","contentUrl":"https:\/\/oldtimerworks.com\/wp-content\/uploads\/2023\/08\/SROUB004.png","width":2000,"height":1333},{"@type":"BreadcrumbList","@id":"https:\/\/oldtimerworks.com\/products\/nuts-for-windscreen\/#breadcrumb","itemListElement":[{"@type":"ListItem","position":1,"name":"Home","item":"https:\/\/oldtimerworks.com\/"},{"@type":"ListItem","position":2,"name":"Products","item":"https:\/\/oldtimerworks.com\/products\/"},{"@type":"ListItem","position":3,"name":"Set of nuts for windscreen wipers engine KdF 82, 166"}]},{"@type":"WebSite","@id":"https:\/\/oldtimerworks.com\/cs\/#website","url":"https:\/\/oldtimerworks.com\/cs\/","name":"OldtimerWorks","description":"E-Shop a slu\u017eby","publisher":{"@id":"https:\/\/oldtimerworks.com\/cs\/#organization"},"potentialAction":[{"@type":"SearchAction","target":{"@type":"EntryPoint","urlTemplate":"https:\/\/oldtimerworks.com\/cs\/?s={search_term_string}"},"query-input":{"@type":"PropertyValueSpecification","valueRequired":true,"valueName":"search_term_string"}}],"inLanguage":"cs"},{"@type":"Organization","@id":"https:\/\/oldtimerworks.com\/cs\/#organization","name":"OldtimerWorks","url":"https:\/\/oldtimerworks.com\/cs\/","logo":{"@type":"ImageObject","inLanguage":"cs","@id":"https:\/\/oldtimerworks.com\/cs\/#\/schema\/logo\/image\/","url":"https:\/\/oldtimerworks.com\/wp-content\/uploads\/2021\/03\/cropped-oldtimerworks.png","contentUrl":"https:\/\/oldtimerworks.com\/wp-content\/uploads\/2021\/03\/cropped-oldtimerworks.png","width":512,"height":512,"caption":"OldtimerWorks"},"image":{"@id":"https:\/\/oldtimerworks.com\/cs\/#\/schema\/logo\/image\/"},"sameAs":["https:\/\/www.facebook.com\/oldtimerworks"]}]}},"_links":{"self":[{"href":"https:\/\/oldtimerworks.com\/cs\/wp-json\/wp\/v2\/product\/1338","targetHints":{"allow":["GET"]}}],"collection":[{"href":"https:\/\/oldtimerworks.com\/cs\/wp-json\/wp\/v2\/product"}],"about":[{"href":"https:\/\/oldtimerworks.com\/cs\/wp-json\/wp\/v2\/types\/product"}],"wp:featuredmedia":[{"embeddable":true,"href":"https:\/\/oldtimerworks.com\/cs\/wp-json\/wp\/v2\/media\/1342"}],"wp:attachment":[{"href":"https:\/\/oldtimerworks.com\/cs\/wp-json\/wp\/v2\/media?parent=1338"}],"wp:term":[{"taxonomy":"product_brand","embeddable":true,"href":"https:\/\/oldtimerworks.com\/cs\/wp-json\/wp\/v2\/product_brand?post=1338"},{"taxonomy":"product_cat","embeddable":true,"href":"https:\/\/oldtimerworks.com\/cs\/wp-json\/wp\/v2\/product_cat?post=1338"},{"taxonomy":"product_tag","embeddable":true,"href":"https:\/\/oldtimerworks.com\/cs\/wp-json\/wp\/v2\/product_tag?post=1338"}],"curies":[{"name":"wp","href":"https:\/\/api.w.org\/{rel}","templated":true}]}}