{"id":1195,"date":"2022-12-28T22:01:21","date_gmt":"2022-12-28T21:01:21","guid":{"rendered":"https:\/\/oldtimerworks.com\/?post_type=product&#038;p=1195"},"modified":"2025-12-15T12:57:43","modified_gmt":"2025-12-15T11:57:43","slug":"battery-holder-dkw-nz350-1","status":"publish","type":"product","link":"https:\/\/oldtimerworks.com\/cs\/products\/battery-holder-dkw-nz350-1\/","title":{"rendered":"Dr\u017e\u00e1k baterie DKW nz350-1"},"content":{"rendered":"<div>Dr\u017e\u00e1k baterie pro motocykl DKW nz350-1 (litinov\u00fd blok motoru), vyr\u00e1b\u011bn\u00fd v letech 1944 a\u017e 1945.<\/div>\n<div><\/div>\n<div>Dr\u017e\u00e1k je v z\u00e1kladn\u00ed \u010derven\u00e9 barv\u011b.<\/div>","protected":false},"excerpt":{"rendered":"<p>Dr\u017e\u00e1k baterie DKW nz350-1\nDr\u017e\u00e1k baterie pro motocykl DKW nz350-1 (litinov\u00fd blok motoru), vyr\u00e1b\u011bn\u00fd v letech 1944 a\u017e 1945. Dr\u017e\u00e1k je v z\u00e1kladn\u00ed \u010derven\u00e9 barv\u011b.<\/p>","protected":false},"featured_media":1196,"template":"","meta":[],"product_brand":[],"product_cat":[45,38],"product_tag":[],"class_list":{"0":"post-1195","1":"product","2":"type-product","3":"status-publish","4":"has-post-thumbnail","6":"product_cat-dkw","7":"product_cat-dkw-nz","9":"first","10":"instock","11":"shipping-taxable","12":"purchasable","13":"product-type-simple"},"yoast_head":"<!-- This site is optimized with the Yoast SEO plugin v27.4 - https:\/\/yoast.com\/product\/yoast-seo-wordpress\/ -->\n<title>Battery holder DKW nz350-1 - OldtimerWorks<\/title>\n<meta name=\"description\" content=\"Battery holder for DKW nz350-1 motorcycle (cast iron engine block), produced between 1944-1945.\" \/>\n<meta name=\"robots\" content=\"index, follow, max-snippet:-1, max-image-preview:large, max-video-preview:-1\" \/>\n<link rel=\"canonical\" href=\"https:\/\/oldtimerworks.com\/cs\/products\/battery-holder-dkw-nz350-1\/\" \/>\n<meta property=\"og:locale\" content=\"cs_CZ\" \/>\n<meta property=\"og:type\" content=\"article\" \/>\n<meta property=\"og:title\" content=\"Battery holder DKW nz350-1 - OldtimerWorks\" \/>\n<meta property=\"og:description\" content=\"Battery holder for DKW nz350-1 motorcycle (cast iron engine block), produced between 1944-1945.\" \/>\n<meta property=\"og:url\" content=\"https:\/\/oldtimerworks.com\/cs\/products\/battery-holder-dkw-nz350-1\/\" \/>\n<meta property=\"og:site_name\" content=\"OldtimerWorks\" \/>\n<meta property=\"article:publisher\" content=\"https:\/\/www.facebook.com\/oldtimerworks\" \/>\n<meta property=\"article:modified_time\" content=\"2025-12-15T11:57:43+00:00\" \/>\n<meta property=\"og:image\" content=\"https:\/\/oldtimerworks.com\/wp-content\/uploads\/2022\/12\/20221228_214440-698x1024.png\" \/>\n\t<meta property=\"og:image:width\" content=\"698\" \/>\n\t<meta property=\"og:image:height\" content=\"1024\" \/>\n\t<meta property=\"og:image:type\" content=\"image\/png\" \/>\n<meta name=\"twitter:card\" content=\"summary_large_image\" \/>\n<meta name=\"twitter:label1\" content=\"Odhadovan\u00e1 doba \u010dten\u00ed\" \/>\n\t<meta name=\"twitter:data1\" content=\"1 minuta\" \/>\n<script type=\"application\/ld+json\" class=\"yoast-schema-graph\">{\"@context\":\"https:\\\/\\\/schema.org\",\"@graph\":[{\"@type\":\"WebPage\",\"@id\":\"https:\\\/\\\/oldtimerworks.com\\\/products\\\/battery-holder-dkw-nz350-1\\\/\",\"url\":\"https:\\\/\\\/oldtimerworks.com\\\/products\\\/battery-holder-dkw-nz350-1\\\/\",\"name\":\"Battery holder DKW nz350-1 - OldtimerWorks\",\"isPartOf\":{\"@id\":\"https:\\\/\\\/oldtimerworks.com\\\/cs\\\/#website\"},\"primaryImageOfPage\":{\"@id\":\"https:\\\/\\\/oldtimerworks.com\\\/products\\\/battery-holder-dkw-nz350-1\\\/#primaryimage\"},\"image\":{\"@id\":\"https:\\\/\\\/oldtimerworks.com\\\/products\\\/battery-holder-dkw-nz350-1\\\/#primaryimage\"},\"thumbnailUrl\":\"https:\\\/\\\/oldtimerworks.com\\\/wp-content\\\/uploads\\\/2022\\\/12\\\/20221228_214440.png\",\"datePublished\":\"2022-12-28T21:01:21+00:00\",\"dateModified\":\"2025-12-15T11:57:43+00:00\",\"description\":\"Battery holder for DKW nz350-1 motorcycle (cast iron engine block), produced between 1944-1945.\",\"breadcrumb\":{\"@id\":\"https:\\\/\\\/oldtimerworks.com\\\/products\\\/battery-holder-dkw-nz350-1\\\/#breadcrumb\"},\"inLanguage\":\"cs\",\"potentialAction\":[{\"@type\":\"ReadAction\",\"target\":[\"https:\\\/\\\/oldtimerworks.com\\\/products\\\/battery-holder-dkw-nz350-1\\\/\"]}]},{\"@type\":\"ImageObject\",\"inLanguage\":\"cs\",\"@id\":\"https:\\\/\\\/oldtimerworks.com\\\/products\\\/battery-holder-dkw-nz350-1\\\/#primaryimage\",\"url\":\"https:\\\/\\\/oldtimerworks.com\\\/wp-content\\\/uploads\\\/2022\\\/12\\\/20221228_214440.png\",\"contentUrl\":\"https:\\\/\\\/oldtimerworks.com\\\/wp-content\\\/uploads\\\/2022\\\/12\\\/20221228_214440.png\",\"width\":2632,\"height\":3864},{\"@type\":\"BreadcrumbList\",\"@id\":\"https:\\\/\\\/oldtimerworks.com\\\/products\\\/battery-holder-dkw-nz350-1\\\/#breadcrumb\",\"itemListElement\":[{\"@type\":\"ListItem\",\"position\":1,\"name\":\"Home\",\"item\":\"https:\\\/\\\/oldtimerworks.com\\\/\"},{\"@type\":\"ListItem\",\"position\":2,\"name\":\"Products\",\"item\":\"https:\\\/\\\/oldtimerworks.com\\\/products\\\/\"},{\"@type\":\"ListItem\",\"position\":3,\"name\":\"Battery holder DKW nz350-1\"}]},{\"@type\":\"WebSite\",\"@id\":\"https:\\\/\\\/oldtimerworks.com\\\/cs\\\/#website\",\"url\":\"https:\\\/\\\/oldtimerworks.com\\\/cs\\\/\",\"name\":\"OldtimerWorks\",\"description\":\"E-Shop and Services\",\"publisher\":{\"@id\":\"https:\\\/\\\/oldtimerworks.com\\\/cs\\\/#organization\"},\"potentialAction\":[{\"@type\":\"SearchAction\",\"target\":{\"@type\":\"EntryPoint\",\"urlTemplate\":\"https:\\\/\\\/oldtimerworks.com\\\/cs\\\/?s={search_term_string}\"},\"query-input\":{\"@type\":\"PropertyValueSpecification\",\"valueRequired\":true,\"valueName\":\"search_term_string\"}}],\"inLanguage\":\"cs\"},{\"@type\":\"Organization\",\"@id\":\"https:\\\/\\\/oldtimerworks.com\\\/cs\\\/#organization\",\"name\":\"OldtimerWorks\",\"url\":\"https:\\\/\\\/oldtimerworks.com\\\/cs\\\/\",\"logo\":{\"@type\":\"ImageObject\",\"inLanguage\":\"cs\",\"@id\":\"https:\\\/\\\/oldtimerworks.com\\\/cs\\\/#\\\/schema\\\/logo\\\/image\\\/\",\"url\":\"https:\\\/\\\/oldtimerworks.com\\\/wp-content\\\/uploads\\\/2021\\\/03\\\/cropped-oldtimerworks.png\",\"contentUrl\":\"https:\\\/\\\/oldtimerworks.com\\\/wp-content\\\/uploads\\\/2021\\\/03\\\/cropped-oldtimerworks.png\",\"width\":512,\"height\":512,\"caption\":\"OldtimerWorks\"},\"image\":{\"@id\":\"https:\\\/\\\/oldtimerworks.com\\\/cs\\\/#\\\/schema\\\/logo\\\/image\\\/\"},\"sameAs\":[\"https:\\\/\\\/www.facebook.com\\\/oldtimerworks\"]}]}<\/script>\n<!-- \/ Yoast SEO plugin. -->","yoast_head_json":{"title":"Battery holder DKW nz350-1 - OldtimerWorks","description":"Dr\u017e\u00e1k baterie pro motocykl DKW nz350-1 (litinov\u00fd blok motoru), vyr\u00e1b\u011bn\u00fd v letech 1944 a\u017e 1945.","robots":{"index":"index","follow":"follow","max-snippet":"max-snippet:-1","max-image-preview":"max-image-preview:large","max-video-preview":"max-video-preview:-1"},"canonical":"https:\/\/oldtimerworks.com\/cs\/products\/battery-holder-dkw-nz350-1\/","og_locale":"cs_CZ","og_type":"article","og_title":"Battery holder DKW nz350-1 - OldtimerWorks","og_description":"Battery holder for DKW nz350-1 motorcycle (cast iron engine block), produced between 1944-1945.","og_url":"https:\/\/oldtimerworks.com\/cs\/products\/battery-holder-dkw-nz350-1\/","og_site_name":"OldtimerWorks","article_publisher":"https:\/\/www.facebook.com\/oldtimerworks","article_modified_time":"2025-12-15T11:57:43+00:00","og_image":[{"width":698,"height":1024,"url":"https:\/\/oldtimerworks.com\/wp-content\/uploads\/2022\/12\/20221228_214440-698x1024.png","type":"image\/png"}],"twitter_card":"summary_large_image","twitter_misc":{"Odhadovan\u00e1 doba \u010dten\u00ed":"1 minuta"},"schema":{"@context":"https:\/\/schema.org","@graph":[{"@type":"WebPage","@id":"https:\/\/oldtimerworks.com\/products\/battery-holder-dkw-nz350-1\/","url":"https:\/\/oldtimerworks.com\/products\/battery-holder-dkw-nz350-1\/","name":"Battery holder DKW nz350-1 - OldtimerWorks","isPartOf":{"@id":"https:\/\/oldtimerworks.com\/cs\/#website"},"primaryImageOfPage":{"@id":"https:\/\/oldtimerworks.com\/products\/battery-holder-dkw-nz350-1\/#primaryimage"},"image":{"@id":"https:\/\/oldtimerworks.com\/products\/battery-holder-dkw-nz350-1\/#primaryimage"},"thumbnailUrl":"https:\/\/oldtimerworks.com\/wp-content\/uploads\/2022\/12\/20221228_214440.png","datePublished":"2022-12-28T21:01:21+00:00","dateModified":"2025-12-15T11:57:43+00:00","description":"Dr\u017e\u00e1k baterie pro motocykl DKW nz350-1 (litinov\u00fd blok motoru), vyr\u00e1b\u011bn\u00fd v letech 1944 a\u017e 1945.","breadcrumb":{"@id":"https:\/\/oldtimerworks.com\/products\/battery-holder-dkw-nz350-1\/#breadcrumb"},"inLanguage":"cs","potentialAction":[{"@type":"ReadAction","target":["https:\/\/oldtimerworks.com\/products\/battery-holder-dkw-nz350-1\/"]}]},{"@type":"ImageObject","inLanguage":"cs","@id":"https:\/\/oldtimerworks.com\/products\/battery-holder-dkw-nz350-1\/#primaryimage","url":"https:\/\/oldtimerworks.com\/wp-content\/uploads\/2022\/12\/20221228_214440.png","contentUrl":"https:\/\/oldtimerworks.com\/wp-content\/uploads\/2022\/12\/20221228_214440.png","width":2632,"height":3864},{"@type":"BreadcrumbList","@id":"https:\/\/oldtimerworks.com\/products\/battery-holder-dkw-nz350-1\/#breadcrumb","itemListElement":[{"@type":"ListItem","position":1,"name":"Home","item":"https:\/\/oldtimerworks.com\/"},{"@type":"ListItem","position":2,"name":"Products","item":"https:\/\/oldtimerworks.com\/products\/"},{"@type":"ListItem","position":3,"name":"Battery holder DKW nz350-1"}]},{"@type":"WebSite","@id":"https:\/\/oldtimerworks.com\/cs\/#website","url":"https:\/\/oldtimerworks.com\/cs\/","name":"OldtimerWorks","description":"E-Shop a slu\u017eby","publisher":{"@id":"https:\/\/oldtimerworks.com\/cs\/#organization"},"potentialAction":[{"@type":"SearchAction","target":{"@type":"EntryPoint","urlTemplate":"https:\/\/oldtimerworks.com\/cs\/?s={search_term_string}"},"query-input":{"@type":"PropertyValueSpecification","valueRequired":true,"valueName":"search_term_string"}}],"inLanguage":"cs"},{"@type":"Organization","@id":"https:\/\/oldtimerworks.com\/cs\/#organization","name":"OldtimerWorks","url":"https:\/\/oldtimerworks.com\/cs\/","logo":{"@type":"ImageObject","inLanguage":"cs","@id":"https:\/\/oldtimerworks.com\/cs\/#\/schema\/logo\/image\/","url":"https:\/\/oldtimerworks.com\/wp-content\/uploads\/2021\/03\/cropped-oldtimerworks.png","contentUrl":"https:\/\/oldtimerworks.com\/wp-content\/uploads\/2021\/03\/cropped-oldtimerworks.png","width":512,"height":512,"caption":"OldtimerWorks"},"image":{"@id":"https:\/\/oldtimerworks.com\/cs\/#\/schema\/logo\/image\/"},"sameAs":["https:\/\/www.facebook.com\/oldtimerworks"]}]}},"_links":{"self":[{"href":"https:\/\/oldtimerworks.com\/cs\/wp-json\/wp\/v2\/product\/1195","targetHints":{"allow":["GET"]}}],"collection":[{"href":"https:\/\/oldtimerworks.com\/cs\/wp-json\/wp\/v2\/product"}],"about":[{"href":"https:\/\/oldtimerworks.com\/cs\/wp-json\/wp\/v2\/types\/product"}],"wp:featuredmedia":[{"embeddable":true,"href":"https:\/\/oldtimerworks.com\/cs\/wp-json\/wp\/v2\/media\/1196"}],"wp:attachment":[{"href":"https:\/\/oldtimerworks.com\/cs\/wp-json\/wp\/v2\/media?parent=1195"}],"wp:term":[{"taxonomy":"product_brand","embeddable":true,"href":"https:\/\/oldtimerworks.com\/cs\/wp-json\/wp\/v2\/product_brand?post=1195"},{"taxonomy":"product_cat","embeddable":true,"href":"https:\/\/oldtimerworks.com\/cs\/wp-json\/wp\/v2\/product_cat?post=1195"},{"taxonomy":"product_tag","embeddable":true,"href":"https:\/\/oldtimerworks.com\/cs\/wp-json\/wp\/v2\/product_tag?post=1195"}],"curies":[{"name":"wp","href":"https:\/\/api.w.org\/{rel}","templated":true}]}}