{"id":1062,"date":"2022-05-28T14:00:55","date_gmt":"2022-05-28T12:00:55","guid":{"rendered":"https:\/\/oldtimerworks.com\/?post_type=product&#038;p=1062"},"modified":"2026-03-19T15:17:48","modified_gmt":"2026-03-19T14:17:48","slug":"label-dkw-rt-125","status":"publish","type":"product","link":"https:\/\/oldtimerworks.com\/cs\/products\/label-dkw-rt-125\/","title":{"rendered":"\u0160t\u00edtek DKW rt 125"},"content":{"rendered":"<p>Leptan\u00fd \u0161t\u00edtek z ocelov\u00e9ho plechu pro motocykly DKW rt125 pro roky v\u00fdroby 1944 a\u017e 1945.<\/p>\n<p>\u0160t\u00edtek je v\u010detn\u011b ra\u017een\u00ed zna\u010dkou WaffenAmt.<\/p>\n<div><\/div>","protected":false},"excerpt":{"rendered":"<p>Leptan\u00fd \u0161t\u00edtek z ocelov\u00e9ho plechu pro motocykly DKW rt125 pro roky v\u00fdroby 1944 a\u017e 1945. \u0160t\u00edtek je v\u010detn\u011b ra\u017een\u00ed zna\u010dkou WaffenAmt.<\/p>","protected":false},"featured_media":1063,"template":"","meta":[],"product_brand":[],"product_cat":[45,46],"product_tag":[],"class_list":{"0":"post-1062","1":"product","2":"type-product","3":"status-publish","4":"has-post-thumbnail","6":"product_cat-dkw","7":"product_cat-dkw-rt","9":"first","10":"instock","11":"shipping-taxable","12":"purchasable","13":"product-type-simple"},"yoast_head":"<!-- This site is optimized with the Yoast SEO plugin v27.4 - https:\/\/yoast.com\/product\/yoast-seo-wordpress\/ -->\n<title>Label DKW rt 125 - OldtimerWorks<\/title>\n<meta name=\"description\" content=\"Etched sheet steel plate for DKW rt125 motorcycles for the years 1944 to 1945. The label is including the embossing WaffenAmt.\" \/>\n<meta name=\"robots\" content=\"index, follow, max-snippet:-1, max-image-preview:large, max-video-preview:-1\" \/>\n<link rel=\"canonical\" href=\"https:\/\/oldtimerworks.com\/cs\/products\/label-dkw-rt-125\/\" \/>\n<meta property=\"og:locale\" content=\"cs_CZ\" \/>\n<meta property=\"og:type\" content=\"article\" \/>\n<meta property=\"og:title\" content=\"Label DKW rt 125 - OldtimerWorks\" \/>\n<meta property=\"og:description\" content=\"Etched sheet steel plate for DKW rt125 motorcycles for the years 1944 to 1945. The label is including the embossing WaffenAmt.\" \/>\n<meta property=\"og:url\" content=\"https:\/\/oldtimerworks.com\/cs\/products\/label-dkw-rt-125\/\" \/>\n<meta property=\"og:site_name\" content=\"OldtimerWorks\" \/>\n<meta property=\"article:publisher\" content=\"https:\/\/www.facebook.com\/oldtimerworks\" \/>\n<meta property=\"article:modified_time\" content=\"2026-03-19T14:17:48+00:00\" \/>\n<meta property=\"og:image\" content=\"https:\/\/oldtimerworks.com\/wp-content\/uploads\/2022\/05\/rt125-1-1024x1024.png\" \/>\n\t<meta property=\"og:image:width\" content=\"1024\" \/>\n\t<meta property=\"og:image:height\" content=\"1024\" \/>\n\t<meta property=\"og:image:type\" content=\"image\/png\" \/>\n<meta name=\"twitter:card\" content=\"summary_large_image\" \/>\n<meta name=\"twitter:label1\" content=\"Odhadovan\u00e1 doba \u010dten\u00ed\" \/>\n\t<meta name=\"twitter:data1\" content=\"1 minuta\" \/>\n<script type=\"application\/ld+json\" class=\"yoast-schema-graph\">{\"@context\":\"https:\\\/\\\/schema.org\",\"@graph\":[{\"@type\":\"WebPage\",\"@id\":\"https:\\\/\\\/oldtimerworks.com\\\/products\\\/label-dkw-rt-125\\\/\",\"url\":\"https:\\\/\\\/oldtimerworks.com\\\/products\\\/label-dkw-rt-125\\\/\",\"name\":\"Label DKW rt 125 - OldtimerWorks\",\"isPartOf\":{\"@id\":\"https:\\\/\\\/oldtimerworks.com\\\/cs\\\/#website\"},\"primaryImageOfPage\":{\"@id\":\"https:\\\/\\\/oldtimerworks.com\\\/products\\\/label-dkw-rt-125\\\/#primaryimage\"},\"image\":{\"@id\":\"https:\\\/\\\/oldtimerworks.com\\\/products\\\/label-dkw-rt-125\\\/#primaryimage\"},\"thumbnailUrl\":\"https:\\\/\\\/oldtimerworks.com\\\/wp-content\\\/uploads\\\/2022\\\/05\\\/rt125-1.png\",\"datePublished\":\"2022-05-28T12:00:55+00:00\",\"dateModified\":\"2026-03-19T14:17:48+00:00\",\"description\":\"Etched sheet steel plate for DKW rt125 motorcycles for the years 1944 to 1945. The label is including the embossing WaffenAmt.\",\"breadcrumb\":{\"@id\":\"https:\\\/\\\/oldtimerworks.com\\\/products\\\/label-dkw-rt-125\\\/#breadcrumb\"},\"inLanguage\":\"cs\",\"potentialAction\":[{\"@type\":\"ReadAction\",\"target\":[\"https:\\\/\\\/oldtimerworks.com\\\/products\\\/label-dkw-rt-125\\\/\"]}]},{\"@type\":\"ImageObject\",\"inLanguage\":\"cs\",\"@id\":\"https:\\\/\\\/oldtimerworks.com\\\/products\\\/label-dkw-rt-125\\\/#primaryimage\",\"url\":\"https:\\\/\\\/oldtimerworks.com\\\/wp-content\\\/uploads\\\/2022\\\/05\\\/rt125-1.png\",\"contentUrl\":\"https:\\\/\\\/oldtimerworks.com\\\/wp-content\\\/uploads\\\/2022\\\/05\\\/rt125-1.png\",\"width\":2404,\"height\":2403},{\"@type\":\"BreadcrumbList\",\"@id\":\"https:\\\/\\\/oldtimerworks.com\\\/products\\\/label-dkw-rt-125\\\/#breadcrumb\",\"itemListElement\":[{\"@type\":\"ListItem\",\"position\":1,\"name\":\"Home\",\"item\":\"https:\\\/\\\/oldtimerworks.com\\\/\"},{\"@type\":\"ListItem\",\"position\":2,\"name\":\"Products\",\"item\":\"https:\\\/\\\/oldtimerworks.com\\\/products\\\/\"},{\"@type\":\"ListItem\",\"position\":3,\"name\":\"Label DKW rt 125\"}]},{\"@type\":\"WebSite\",\"@id\":\"https:\\\/\\\/oldtimerworks.com\\\/cs\\\/#website\",\"url\":\"https:\\\/\\\/oldtimerworks.com\\\/cs\\\/\",\"name\":\"OldtimerWorks\",\"description\":\"E-Shop and Services\",\"publisher\":{\"@id\":\"https:\\\/\\\/oldtimerworks.com\\\/cs\\\/#organization\"},\"potentialAction\":[{\"@type\":\"SearchAction\",\"target\":{\"@type\":\"EntryPoint\",\"urlTemplate\":\"https:\\\/\\\/oldtimerworks.com\\\/cs\\\/?s={search_term_string}\"},\"query-input\":{\"@type\":\"PropertyValueSpecification\",\"valueRequired\":true,\"valueName\":\"search_term_string\"}}],\"inLanguage\":\"cs\"},{\"@type\":\"Organization\",\"@id\":\"https:\\\/\\\/oldtimerworks.com\\\/cs\\\/#organization\",\"name\":\"OldtimerWorks\",\"url\":\"https:\\\/\\\/oldtimerworks.com\\\/cs\\\/\",\"logo\":{\"@type\":\"ImageObject\",\"inLanguage\":\"cs\",\"@id\":\"https:\\\/\\\/oldtimerworks.com\\\/cs\\\/#\\\/schema\\\/logo\\\/image\\\/\",\"url\":\"https:\\\/\\\/oldtimerworks.com\\\/wp-content\\\/uploads\\\/2021\\\/03\\\/cropped-oldtimerworks.png\",\"contentUrl\":\"https:\\\/\\\/oldtimerworks.com\\\/wp-content\\\/uploads\\\/2021\\\/03\\\/cropped-oldtimerworks.png\",\"width\":512,\"height\":512,\"caption\":\"OldtimerWorks\"},\"image\":{\"@id\":\"https:\\\/\\\/oldtimerworks.com\\\/cs\\\/#\\\/schema\\\/logo\\\/image\\\/\"},\"sameAs\":[\"https:\\\/\\\/www.facebook.com\\\/oldtimerworks\"]}]}<\/script>\n<!-- \/ Yoast SEO plugin. -->","yoast_head_json":{"title":"Label DKW rt 125 - OldtimerWorks","description":"Leptan\u00fd \u0161t\u00edtek z ocelov\u00e9ho plechu pro motocykly DKW rt125 pro roky v\u00fdroby 1944 a\u017e 1945. \u0160t\u00edtek je v\u010detn\u011b ra\u017een\u00ed zna\u010dkou WaffenAmt.","robots":{"index":"index","follow":"follow","max-snippet":"max-snippet:-1","max-image-preview":"max-image-preview:large","max-video-preview":"max-video-preview:-1"},"canonical":"https:\/\/oldtimerworks.com\/cs\/products\/label-dkw-rt-125\/","og_locale":"cs_CZ","og_type":"article","og_title":"Label DKW rt 125 - OldtimerWorks","og_description":"Etched sheet steel plate for DKW rt125 motorcycles for the years 1944 to 1945. The label is including the embossing WaffenAmt.","og_url":"https:\/\/oldtimerworks.com\/cs\/products\/label-dkw-rt-125\/","og_site_name":"OldtimerWorks","article_publisher":"https:\/\/www.facebook.com\/oldtimerworks","article_modified_time":"2026-03-19T14:17:48+00:00","og_image":[{"width":1024,"height":1024,"url":"https:\/\/oldtimerworks.com\/wp-content\/uploads\/2022\/05\/rt125-1-1024x1024.png","type":"image\/png"}],"twitter_card":"summary_large_image","twitter_misc":{"Odhadovan\u00e1 doba \u010dten\u00ed":"1 minuta"},"schema":{"@context":"https:\/\/schema.org","@graph":[{"@type":"WebPage","@id":"https:\/\/oldtimerworks.com\/products\/label-dkw-rt-125\/","url":"https:\/\/oldtimerworks.com\/products\/label-dkw-rt-125\/","name":"Label DKW rt 125 - OldtimerWorks","isPartOf":{"@id":"https:\/\/oldtimerworks.com\/cs\/#website"},"primaryImageOfPage":{"@id":"https:\/\/oldtimerworks.com\/products\/label-dkw-rt-125\/#primaryimage"},"image":{"@id":"https:\/\/oldtimerworks.com\/products\/label-dkw-rt-125\/#primaryimage"},"thumbnailUrl":"https:\/\/oldtimerworks.com\/wp-content\/uploads\/2022\/05\/rt125-1.png","datePublished":"2022-05-28T12:00:55+00:00","dateModified":"2026-03-19T14:17:48+00:00","description":"Leptan\u00fd \u0161t\u00edtek z ocelov\u00e9ho plechu pro motocykly DKW rt125 pro roky v\u00fdroby 1944 a\u017e 1945. \u0160t\u00edtek je v\u010detn\u011b ra\u017een\u00ed zna\u010dkou WaffenAmt.","breadcrumb":{"@id":"https:\/\/oldtimerworks.com\/products\/label-dkw-rt-125\/#breadcrumb"},"inLanguage":"cs","potentialAction":[{"@type":"ReadAction","target":["https:\/\/oldtimerworks.com\/products\/label-dkw-rt-125\/"]}]},{"@type":"ImageObject","inLanguage":"cs","@id":"https:\/\/oldtimerworks.com\/products\/label-dkw-rt-125\/#primaryimage","url":"https:\/\/oldtimerworks.com\/wp-content\/uploads\/2022\/05\/rt125-1.png","contentUrl":"https:\/\/oldtimerworks.com\/wp-content\/uploads\/2022\/05\/rt125-1.png","width":2404,"height":2403},{"@type":"BreadcrumbList","@id":"https:\/\/oldtimerworks.com\/products\/label-dkw-rt-125\/#breadcrumb","itemListElement":[{"@type":"ListItem","position":1,"name":"Home","item":"https:\/\/oldtimerworks.com\/"},{"@type":"ListItem","position":2,"name":"Products","item":"https:\/\/oldtimerworks.com\/products\/"},{"@type":"ListItem","position":3,"name":"Label DKW rt 125"}]},{"@type":"WebSite","@id":"https:\/\/oldtimerworks.com\/cs\/#website","url":"https:\/\/oldtimerworks.com\/cs\/","name":"OldtimerWorks","description":"E-Shop a slu\u017eby","publisher":{"@id":"https:\/\/oldtimerworks.com\/cs\/#organization"},"potentialAction":[{"@type":"SearchAction","target":{"@type":"EntryPoint","urlTemplate":"https:\/\/oldtimerworks.com\/cs\/?s={search_term_string}"},"query-input":{"@type":"PropertyValueSpecification","valueRequired":true,"valueName":"search_term_string"}}],"inLanguage":"cs"},{"@type":"Organization","@id":"https:\/\/oldtimerworks.com\/cs\/#organization","name":"OldtimerWorks","url":"https:\/\/oldtimerworks.com\/cs\/","logo":{"@type":"ImageObject","inLanguage":"cs","@id":"https:\/\/oldtimerworks.com\/cs\/#\/schema\/logo\/image\/","url":"https:\/\/oldtimerworks.com\/wp-content\/uploads\/2021\/03\/cropped-oldtimerworks.png","contentUrl":"https:\/\/oldtimerworks.com\/wp-content\/uploads\/2021\/03\/cropped-oldtimerworks.png","width":512,"height":512,"caption":"OldtimerWorks"},"image":{"@id":"https:\/\/oldtimerworks.com\/cs\/#\/schema\/logo\/image\/"},"sameAs":["https:\/\/www.facebook.com\/oldtimerworks"]}]}},"_links":{"self":[{"href":"https:\/\/oldtimerworks.com\/cs\/wp-json\/wp\/v2\/product\/1062","targetHints":{"allow":["GET"]}}],"collection":[{"href":"https:\/\/oldtimerworks.com\/cs\/wp-json\/wp\/v2\/product"}],"about":[{"href":"https:\/\/oldtimerworks.com\/cs\/wp-json\/wp\/v2\/types\/product"}],"wp:featuredmedia":[{"embeddable":true,"href":"https:\/\/oldtimerworks.com\/cs\/wp-json\/wp\/v2\/media\/1063"}],"wp:attachment":[{"href":"https:\/\/oldtimerworks.com\/cs\/wp-json\/wp\/v2\/media?parent=1062"}],"wp:term":[{"taxonomy":"product_brand","embeddable":true,"href":"https:\/\/oldtimerworks.com\/cs\/wp-json\/wp\/v2\/product_brand?post=1062"},{"taxonomy":"product_cat","embeddable":true,"href":"https:\/\/oldtimerworks.com\/cs\/wp-json\/wp\/v2\/product_cat?post=1062"},{"taxonomy":"product_tag","embeddable":true,"href":"https:\/\/oldtimerworks.com\/cs\/wp-json\/wp\/v2\/product_tag?post=1062"}],"curies":[{"name":"wp","href":"https:\/\/api.w.org\/{rel}","templated":true}]}}