{"id":1059,"date":"2022-05-28T13:50:16","date_gmt":"2022-05-28T11:50:16","guid":{"rendered":"https:\/\/oldtimerworks.com\/?post_type=product&#038;p=1059"},"modified":"2026-04-15T09:03:27","modified_gmt":"2026-04-15T07:03:27","slug":"label-dkw-nz","status":"publish","type":"product","link":"https:\/\/oldtimerworks.com\/cs\/products\/label-dkw-nz\/","title":{"rendered":"\u0160t\u00edtek DKW nz 350-1"},"content":{"rendered":"<p>Leptan\u00fd \u0161t\u00edtek z ocelov\u00e9ho plechu pro motocykly DKW nz 350-1.<\/p>\n<p>\u0160t\u00edtek je v\u010detn\u011b ra\u017een\u00ed zna\u010dkou WaffenAmt.<\/p>\n<div><\/div>\n<div>\n<div>V p\u0159\u00edpad\u011b z\u00e1jmu o vyra\u017een\u00ed \u010d\u00edsel na \u0161t\u00edtek zvolte V\u00e1mi vybranou variantu (v okn\u011b pod cenou).<\/div>\n<div><\/div>\n<div>uve\u010fte Va\u0161e \u010d\u00edslo r\u00e1mu a rok v\u00fdroby do\u00a0<strong>pozn\u00e1mky u objedn\u00e1vky!<\/strong><\/div>\n<div><\/div>\n<div>Cena ra\u017eby je 100,-K\u010d.<\/div>\n<\/div>","protected":false},"excerpt":{"rendered":"<p>Etched sheet steel plate for motorcycles DKW nz 350-1. The label is including the embossing, WaffenAmt. If you want stamp your numbers to the label, you can select variant (in icon under the price). Write your frame number and your year to the\u00a0order destcription! Price for stamp is 4\u20ac.<\/p>","protected":false},"featured_media":1060,"template":"","meta":[],"product_brand":[],"product_cat":[45,38],"product_tag":[],"class_list":{"0":"post-1059","1":"product","2":"type-product","3":"status-publish","4":"has-post-thumbnail","6":"product_cat-dkw","7":"product_cat-dkw-nz","9":"first","10":"instock","11":"shipping-taxable","12":"purchasable","13":"product-type-simple"},"yoast_head":"<!-- This site is optimized with the Yoast SEO plugin v27.4 - https:\/\/yoast.com\/product\/yoast-seo-wordpress\/ -->\n<title>Label DKW nz 350-1 - OldtimerWorks<\/title>\n<meta name=\"description\" content=\"OldtimerWorksEtched sheet steel plate for motorcycles DKW nz 350-1. The label is including the embossing, WaffenAmt.\" \/>\n<meta name=\"robots\" content=\"index, follow, max-snippet:-1, max-image-preview:large, max-video-preview:-1\" \/>\n<link rel=\"canonical\" href=\"https:\/\/oldtimerworks.com\/cs\/products\/label-dkw-nz\/\" \/>\n<meta property=\"og:locale\" content=\"cs_CZ\" \/>\n<meta property=\"og:type\" content=\"article\" \/>\n<meta property=\"og:title\" content=\"Label DKW nz 350-1 - OldtimerWorks\" \/>\n<meta property=\"og:description\" content=\"OldtimerWorksEtched sheet steel plate for motorcycles DKW nz 350-1. The label is including the embossing, WaffenAmt.\" \/>\n<meta property=\"og:url\" content=\"https:\/\/oldtimerworks.com\/cs\/products\/label-dkw-nz\/\" \/>\n<meta property=\"og:site_name\" content=\"OldtimerWorks\" \/>\n<meta property=\"article:publisher\" content=\"https:\/\/www.facebook.com\/oldtimerworks\" \/>\n<meta property=\"article:modified_time\" content=\"2026-04-15T07:03:27+00:00\" \/>\n<meta property=\"og:image\" content=\"https:\/\/oldtimerworks.com\/wp-content\/uploads\/2022\/05\/nz350-1-1024x1024.png\" \/>\n\t<meta property=\"og:image:width\" content=\"1024\" \/>\n\t<meta property=\"og:image:height\" content=\"1024\" \/>\n\t<meta property=\"og:image:type\" content=\"image\/png\" \/>\n<meta name=\"twitter:card\" content=\"summary_large_image\" \/>\n<meta name=\"twitter:label1\" content=\"Odhadovan\u00e1 doba \u010dten\u00ed\" \/>\n\t<meta name=\"twitter:data1\" content=\"1 minuta\" \/>\n<script type=\"application\/ld+json\" class=\"yoast-schema-graph\">{\"@context\":\"https:\\\/\\\/schema.org\",\"@graph\":[{\"@type\":\"WebPage\",\"@id\":\"https:\\\/\\\/oldtimerworks.com\\\/products\\\/label-dkw-nz\\\/\",\"url\":\"https:\\\/\\\/oldtimerworks.com\\\/products\\\/label-dkw-nz\\\/\",\"name\":\"Label DKW nz 350-1 - OldtimerWorks\",\"isPartOf\":{\"@id\":\"https:\\\/\\\/oldtimerworks.com\\\/cs\\\/#website\"},\"primaryImageOfPage\":{\"@id\":\"https:\\\/\\\/oldtimerworks.com\\\/products\\\/label-dkw-nz\\\/#primaryimage\"},\"image\":{\"@id\":\"https:\\\/\\\/oldtimerworks.com\\\/products\\\/label-dkw-nz\\\/#primaryimage\"},\"thumbnailUrl\":\"https:\\\/\\\/oldtimerworks.com\\\/wp-content\\\/uploads\\\/2022\\\/05\\\/nz350-1.png\",\"datePublished\":\"2022-05-28T11:50:16+00:00\",\"dateModified\":\"2026-04-15T07:03:27+00:00\",\"description\":\"OldtimerWorksEtched sheet steel plate for motorcycles DKW nz 350-1. The label is including the embossing, WaffenAmt.\",\"breadcrumb\":{\"@id\":\"https:\\\/\\\/oldtimerworks.com\\\/products\\\/label-dkw-nz\\\/#breadcrumb\"},\"inLanguage\":\"cs\",\"potentialAction\":[{\"@type\":\"ReadAction\",\"target\":[\"https:\\\/\\\/oldtimerworks.com\\\/products\\\/label-dkw-nz\\\/\"]}]},{\"@type\":\"ImageObject\",\"inLanguage\":\"cs\",\"@id\":\"https:\\\/\\\/oldtimerworks.com\\\/products\\\/label-dkw-nz\\\/#primaryimage\",\"url\":\"https:\\\/\\\/oldtimerworks.com\\\/wp-content\\\/uploads\\\/2022\\\/05\\\/nz350-1.png\",\"contentUrl\":\"https:\\\/\\\/oldtimerworks.com\\\/wp-content\\\/uploads\\\/2022\\\/05\\\/nz350-1.png\",\"width\":2404,\"height\":2404},{\"@type\":\"BreadcrumbList\",\"@id\":\"https:\\\/\\\/oldtimerworks.com\\\/products\\\/label-dkw-nz\\\/#breadcrumb\",\"itemListElement\":[{\"@type\":\"ListItem\",\"position\":1,\"name\":\"Home\",\"item\":\"https:\\\/\\\/oldtimerworks.com\\\/\"},{\"@type\":\"ListItem\",\"position\":2,\"name\":\"Products\",\"item\":\"https:\\\/\\\/oldtimerworks.com\\\/products\\\/\"},{\"@type\":\"ListItem\",\"position\":3,\"name\":\"Label DKW nz 350-1\"}]},{\"@type\":\"WebSite\",\"@id\":\"https:\\\/\\\/oldtimerworks.com\\\/cs\\\/#website\",\"url\":\"https:\\\/\\\/oldtimerworks.com\\\/cs\\\/\",\"name\":\"OldtimerWorks\",\"description\":\"E-Shop and Services\",\"publisher\":{\"@id\":\"https:\\\/\\\/oldtimerworks.com\\\/cs\\\/#organization\"},\"potentialAction\":[{\"@type\":\"SearchAction\",\"target\":{\"@type\":\"EntryPoint\",\"urlTemplate\":\"https:\\\/\\\/oldtimerworks.com\\\/cs\\\/?s={search_term_string}\"},\"query-input\":{\"@type\":\"PropertyValueSpecification\",\"valueRequired\":true,\"valueName\":\"search_term_string\"}}],\"inLanguage\":\"cs\"},{\"@type\":\"Organization\",\"@id\":\"https:\\\/\\\/oldtimerworks.com\\\/cs\\\/#organization\",\"name\":\"OldtimerWorks\",\"url\":\"https:\\\/\\\/oldtimerworks.com\\\/cs\\\/\",\"logo\":{\"@type\":\"ImageObject\",\"inLanguage\":\"cs\",\"@id\":\"https:\\\/\\\/oldtimerworks.com\\\/cs\\\/#\\\/schema\\\/logo\\\/image\\\/\",\"url\":\"https:\\\/\\\/oldtimerworks.com\\\/wp-content\\\/uploads\\\/2021\\\/03\\\/cropped-oldtimerworks.png\",\"contentUrl\":\"https:\\\/\\\/oldtimerworks.com\\\/wp-content\\\/uploads\\\/2021\\\/03\\\/cropped-oldtimerworks.png\",\"width\":512,\"height\":512,\"caption\":\"OldtimerWorks\"},\"image\":{\"@id\":\"https:\\\/\\\/oldtimerworks.com\\\/cs\\\/#\\\/schema\\\/logo\\\/image\\\/\"},\"sameAs\":[\"https:\\\/\\\/www.facebook.com\\\/oldtimerworks\"]}]}<\/script>\n<!-- \/ Yoast SEO plugin. -->","yoast_head_json":{"title":"Label DKW nz 350-1 - OldtimerWorks","description":"OldtimerWorksEtched sheet steel plate for motorcycles DKW nz 350-1. The label is including the embossing, WaffenAmt.","robots":{"index":"index","follow":"follow","max-snippet":"max-snippet:-1","max-image-preview":"max-image-preview:large","max-video-preview":"max-video-preview:-1"},"canonical":"https:\/\/oldtimerworks.com\/cs\/products\/label-dkw-nz\/","og_locale":"cs_CZ","og_type":"article","og_title":"Label DKW nz 350-1 - OldtimerWorks","og_description":"OldtimerWorksEtched sheet steel plate for motorcycles DKW nz 350-1. The label is including the embossing, WaffenAmt.","og_url":"https:\/\/oldtimerworks.com\/cs\/products\/label-dkw-nz\/","og_site_name":"OldtimerWorks","article_publisher":"https:\/\/www.facebook.com\/oldtimerworks","article_modified_time":"2026-04-15T07:03:27+00:00","og_image":[{"width":1024,"height":1024,"url":"https:\/\/oldtimerworks.com\/wp-content\/uploads\/2022\/05\/nz350-1-1024x1024.png","type":"image\/png"}],"twitter_card":"summary_large_image","twitter_misc":{"Odhadovan\u00e1 doba \u010dten\u00ed":"1 minuta"},"schema":{"@context":"https:\/\/schema.org","@graph":[{"@type":"WebPage","@id":"https:\/\/oldtimerworks.com\/products\/label-dkw-nz\/","url":"https:\/\/oldtimerworks.com\/products\/label-dkw-nz\/","name":"Label DKW nz 350-1 - OldtimerWorks","isPartOf":{"@id":"https:\/\/oldtimerworks.com\/cs\/#website"},"primaryImageOfPage":{"@id":"https:\/\/oldtimerworks.com\/products\/label-dkw-nz\/#primaryimage"},"image":{"@id":"https:\/\/oldtimerworks.com\/products\/label-dkw-nz\/#primaryimage"},"thumbnailUrl":"https:\/\/oldtimerworks.com\/wp-content\/uploads\/2022\/05\/nz350-1.png","datePublished":"2022-05-28T11:50:16+00:00","dateModified":"2026-04-15T07:03:27+00:00","description":"OldtimerWorksEtched sheet steel plate for motorcycles DKW nz 350-1. The label is including the embossing, WaffenAmt.","breadcrumb":{"@id":"https:\/\/oldtimerworks.com\/products\/label-dkw-nz\/#breadcrumb"},"inLanguage":"cs","potentialAction":[{"@type":"ReadAction","target":["https:\/\/oldtimerworks.com\/products\/label-dkw-nz\/"]}]},{"@type":"ImageObject","inLanguage":"cs","@id":"https:\/\/oldtimerworks.com\/products\/label-dkw-nz\/#primaryimage","url":"https:\/\/oldtimerworks.com\/wp-content\/uploads\/2022\/05\/nz350-1.png","contentUrl":"https:\/\/oldtimerworks.com\/wp-content\/uploads\/2022\/05\/nz350-1.png","width":2404,"height":2404},{"@type":"BreadcrumbList","@id":"https:\/\/oldtimerworks.com\/products\/label-dkw-nz\/#breadcrumb","itemListElement":[{"@type":"ListItem","position":1,"name":"Home","item":"https:\/\/oldtimerworks.com\/"},{"@type":"ListItem","position":2,"name":"Products","item":"https:\/\/oldtimerworks.com\/products\/"},{"@type":"ListItem","position":3,"name":"Label DKW nz 350-1"}]},{"@type":"WebSite","@id":"https:\/\/oldtimerworks.com\/cs\/#website","url":"https:\/\/oldtimerworks.com\/cs\/","name":"OldtimerWorks","description":"E-Shop a slu\u017eby","publisher":{"@id":"https:\/\/oldtimerworks.com\/cs\/#organization"},"potentialAction":[{"@type":"SearchAction","target":{"@type":"EntryPoint","urlTemplate":"https:\/\/oldtimerworks.com\/cs\/?s={search_term_string}"},"query-input":{"@type":"PropertyValueSpecification","valueRequired":true,"valueName":"search_term_string"}}],"inLanguage":"cs"},{"@type":"Organization","@id":"https:\/\/oldtimerworks.com\/cs\/#organization","name":"OldtimerWorks","url":"https:\/\/oldtimerworks.com\/cs\/","logo":{"@type":"ImageObject","inLanguage":"cs","@id":"https:\/\/oldtimerworks.com\/cs\/#\/schema\/logo\/image\/","url":"https:\/\/oldtimerworks.com\/wp-content\/uploads\/2021\/03\/cropped-oldtimerworks.png","contentUrl":"https:\/\/oldtimerworks.com\/wp-content\/uploads\/2021\/03\/cropped-oldtimerworks.png","width":512,"height":512,"caption":"OldtimerWorks"},"image":{"@id":"https:\/\/oldtimerworks.com\/cs\/#\/schema\/logo\/image\/"},"sameAs":["https:\/\/www.facebook.com\/oldtimerworks"]}]}},"_links":{"self":[{"href":"https:\/\/oldtimerworks.com\/cs\/wp-json\/wp\/v2\/product\/1059","targetHints":{"allow":["GET"]}}],"collection":[{"href":"https:\/\/oldtimerworks.com\/cs\/wp-json\/wp\/v2\/product"}],"about":[{"href":"https:\/\/oldtimerworks.com\/cs\/wp-json\/wp\/v2\/types\/product"}],"wp:featuredmedia":[{"embeddable":true,"href":"https:\/\/oldtimerworks.com\/cs\/wp-json\/wp\/v2\/media\/1060"}],"wp:attachment":[{"href":"https:\/\/oldtimerworks.com\/cs\/wp-json\/wp\/v2\/media?parent=1059"}],"wp:term":[{"taxonomy":"product_brand","embeddable":true,"href":"https:\/\/oldtimerworks.com\/cs\/wp-json\/wp\/v2\/product_brand?post=1059"},{"taxonomy":"product_cat","embeddable":true,"href":"https:\/\/oldtimerworks.com\/cs\/wp-json\/wp\/v2\/product_cat?post=1059"},{"taxonomy":"product_tag","embeddable":true,"href":"https:\/\/oldtimerworks.com\/cs\/wp-json\/wp\/v2\/product_tag?post=1059"}],"curies":[{"name":"wp","href":"https:\/\/api.w.org\/{rel}","templated":true}]}}