{"id":193,"date":"2021-01-23T20:27:01","date_gmt":"2021-01-23T19:27:01","guid":{"rendered":"https:\/\/oldtimerworks.com\/?page_id=193"},"modified":"2023-09-11T11:07:15","modified_gmt":"2023-09-11T09:07:15","slug":"shipping-and-payment","status":"publish","type":"page","link":"https:\/\/oldtimerworks.com\/cs\/shipping-and-payment\/","title":{"rendered":"Doprava a platba"},"content":{"rendered":"<p>We are shipping to whole Europe. The shipping time may vary by product. Some products are created directly for order after the order has been created. It can be from 7 days to 3 months depending on product.<\/p>\n\n\n\n<p><strong>Doprava pro \u010ceskou republiku<\/strong><\/p>\n\n\n\n<figure class=\"wp-block-table\"><table><thead><tr><th>V\u00e1ha a rozm\u011bry<\/th><th class=\"has-text-align-center\" data-align=\"center\">Czech post<\/th><th class=\"has-text-align-center\" data-align=\"center\">Z\u00e1silkovna<\/th><th class=\"has-text-align-center\" data-align=\"center\">PPL<\/th><\/tr><\/thead><tbody><tr><td>Pod 5kg<\/td><td class=\"has-text-align-center\" data-align=\"center\">8 \u20ac<\/td><td class=\"has-text-align-center\" data-align=\"center\">6 \u20ac<\/td><td class=\"has-text-align-center\" data-align=\"center\">7 \u20ac<\/td><\/tr><tr><td>Pod 10kg<\/td><td class=\"has-text-align-center\" data-align=\"center\">10 \u20ac<\/td><td class=\"has-text-align-center\" data-align=\"center\">X<\/td><td class=\"has-text-align-center\" data-align=\"center\">7 \u20ac<\/td><\/tr><tr><td>Nad 10kg a v\u00edc<\/td><td class=\"has-text-align-center\" data-align=\"center\">12 \u20ac<\/td><td class=\"has-text-align-center\" data-align=\"center\">X<\/td><td class=\"has-text-align-center\" data-align=\"center\">8 \u20ac<\/td><\/tr><\/tbody><\/table><\/figure>\n\n\n\n<p><strong>Doprava pro Slovensko<\/strong><\/p>\n\n\n\n<figure class=\"wp-block-table\"><table><thead><tr><th><strong>V\u00e1ha a rozm\u011bry<\/strong><\/th><th class=\"has-text-align-center\" data-align=\"center\"><strong>PPL<\/strong><\/th><\/tr><\/thead><tbody><tr><td>Pod 5kg<\/td><td class=\"has-text-align-center\" data-align=\"center\">9 \u20ac<\/td><\/tr><tr><td>Pod 10kg<\/td><td class=\"has-text-align-center\" data-align=\"center\">10 \u20ac<\/td><\/tr><tr><td>Nad 10kg a v\u00edc<\/td><td class=\"has-text-align-center\" data-align=\"center\">11 \u20ac<\/td><\/tr><\/tbody><\/table><\/figure>\n\n\n\n<p><strong>Doprava pro Polsko a N\u011bmecko<\/strong><\/p>\n\n\n\n<figure class=\"wp-block-table is-style-regular\"><table><thead><tr><th>V\u00e1ha a rozm\u011bry<\/th><th class=\"has-text-align-center\" data-align=\"center\">PPL<\/th><\/tr><\/thead><tbody><tr><td>Pod 5kg<\/td><td class=\"has-text-align-center\" data-align=\"center\">11 \u20ac<\/td><\/tr><tr><td>Pod 10kg<\/td><td class=\"has-text-align-center\" data-align=\"center\">11 \u20ac<\/td><\/tr><tr><td>Nad 10kg a v\u00edc<\/td><td class=\"has-text-align-center\" data-align=\"center\">12 \u20ac<\/td><\/tr><\/tbody><\/table><\/figure>\n\n\n\n<p><strong>Doprava pro ostatn\u00ed st\u00e1ty Evropy<\/strong><\/p>\n\n\n<p>(Countries: Austria, Belgium, Bulgaria, Denmark, Estonia, Finland, France, Italy, Netherlands, Spain, Switzerland)<\/p>\n\n\n<figure class=\"wp-block-table\"><table><thead><tr><th>V\u00e1ha a rozm\u011bry<\/th><th class=\"has-text-align-center\" data-align=\"center\">PPL<\/th><\/tr><\/thead><tbody><tr><td>Pod 5kg<\/td><td class=\"has-text-align-center\" data-align=\"center\">20 \u20ac<\/td><\/tr><tr><td>Pod 10kg<\/td><td class=\"has-text-align-center\" data-align=\"center\">22 \u20ac<\/td><\/tr><tr><td>Nad 10kg a v\u00edc<\/td><td class=\"has-text-align-center\" data-align=\"center\">24 \u20ac<\/td><\/tr><\/tbody><\/table><\/figure>\n\n\n\n<p><\/p>\n\n\n\n<p>Pokud chcete dopravit na\u0161e produkty do ostatn\u00edch st\u00e1t\u016f, napi\u0161te n\u00e1m na email: <strong>info@oldtimerworks.com<\/strong><\/p>","protected":false},"excerpt":{"rendered":"<p>We are shipping to whole Europe. The shipping time may vary by product. Some products are created directly for order after the order has been created. It can be from 7 days to 3 months depending on product. Shipping for Czech republic Weight and height Czech post Z\u00e1silkovna PPL Under 5kg 8 \u20ac 6 \u20ac &hellip;<br \/><a href=\"https:\/\/oldtimerworks.com\/cs\/shipping-and-payment\/\" class=\"more-link pen_button pen_element_default pen_icon_arrow_double\">Pokra\u010dovat ve\u00a0\u010dten\u00ed <span class=\"screen-reader-text\">Doprava a platba<\/span><\/a><\/p>","protected":false},"author":1,"featured_media":0,"parent":0,"menu_order":0,"comment_status":"closed","ping_status":"closed","template":"","meta":{"footnotes":""},"class_list":["post-193","page","type-page","status-publish","hentry"],"yoast_head":"<!-- This site is optimized with the Yoast SEO plugin v27.5 - https:\/\/yoast.com\/product\/yoast-seo-wordpress\/ -->\n<title>Shipping and payment - OldtimerWorks<\/title>\n<meta name=\"description\" content=\"Shipping and payment - We are shipping to whole Europe. The shipping time may vary by product. Some products are created directly for...\" \/>\n<meta name=\"robots\" content=\"index, follow, max-snippet:-1, max-image-preview:large, max-video-preview:-1\" \/>\n<link rel=\"canonical\" href=\"https:\/\/oldtimerworks.com\/cs\/shipping-and-payment\/\" \/>\n<meta property=\"og:locale\" content=\"cs_CZ\" \/>\n<meta property=\"og:type\" content=\"article\" \/>\n<meta property=\"og:title\" content=\"Shipping and payment - OldtimerWorks\" \/>\n<meta property=\"og:description\" content=\"Shipping and payment - We are shipping to whole Europe. The shipping time may vary by product. Some products are created directly for...\" \/>\n<meta property=\"og:url\" content=\"https:\/\/oldtimerworks.com\/cs\/shipping-and-payment\/\" \/>\n<meta property=\"og:site_name\" content=\"OldtimerWorks\" \/>\n<meta property=\"article:publisher\" content=\"https:\/\/www.facebook.com\/oldtimerworks\" \/>\n<meta property=\"article:modified_time\" content=\"2023-09-11T09:07:15+00:00\" \/>\n<meta name=\"twitter:card\" content=\"summary_large_image\" \/>\n<meta name=\"twitter:label1\" content=\"Odhadovan\u00e1 doba \u010dten\u00ed\" \/>\n\t<meta name=\"twitter:data1\" content=\"1 minuta\" \/>\n<script type=\"application\/ld+json\" class=\"yoast-schema-graph\">{\"@context\":\"https:\\\/\\\/schema.org\",\"@graph\":[{\"@type\":\"WebPage\",\"@id\":\"https:\\\/\\\/oldtimerworks.com\\\/shipping-and-payment\\\/\",\"url\":\"https:\\\/\\\/oldtimerworks.com\\\/shipping-and-payment\\\/\",\"name\":\"Shipping and payment - OldtimerWorks\",\"isPartOf\":{\"@id\":\"https:\\\/\\\/oldtimerworks.com\\\/cs\\\/#website\"},\"datePublished\":\"2021-01-23T19:27:01+00:00\",\"dateModified\":\"2023-09-11T09:07:15+00:00\",\"description\":\"Shipping and payment - We are shipping to whole Europe. The shipping time may vary by product. Some products are created directly for...\",\"breadcrumb\":{\"@id\":\"https:\\\/\\\/oldtimerworks.com\\\/shipping-and-payment\\\/#breadcrumb\"},\"inLanguage\":\"cs\",\"potentialAction\":[{\"@type\":\"ReadAction\",\"target\":[\"https:\\\/\\\/oldtimerworks.com\\\/shipping-and-payment\\\/\"]}]},{\"@type\":\"BreadcrumbList\",\"@id\":\"https:\\\/\\\/oldtimerworks.com\\\/shipping-and-payment\\\/#breadcrumb\",\"itemListElement\":[{\"@type\":\"ListItem\",\"position\":1,\"name\":\"Home\",\"item\":\"https:\\\/\\\/oldtimerworks.com\\\/\"},{\"@type\":\"ListItem\",\"position\":2,\"name\":\"Shipping and payment\"}]},{\"@type\":\"WebSite\",\"@id\":\"https:\\\/\\\/oldtimerworks.com\\\/cs\\\/#website\",\"url\":\"https:\\\/\\\/oldtimerworks.com\\\/cs\\\/\",\"name\":\"OldtimerWorks\",\"description\":\"E-Shop and Services\",\"publisher\":{\"@id\":\"https:\\\/\\\/oldtimerworks.com\\\/cs\\\/#organization\"},\"potentialAction\":[{\"@type\":\"SearchAction\",\"target\":{\"@type\":\"EntryPoint\",\"urlTemplate\":\"https:\\\/\\\/oldtimerworks.com\\\/cs\\\/?s={search_term_string}\"},\"query-input\":{\"@type\":\"PropertyValueSpecification\",\"valueRequired\":true,\"valueName\":\"search_term_string\"}}],\"inLanguage\":\"cs\"},{\"@type\":\"Organization\",\"@id\":\"https:\\\/\\\/oldtimerworks.com\\\/cs\\\/#organization\",\"name\":\"OldtimerWorks\",\"url\":\"https:\\\/\\\/oldtimerworks.com\\\/cs\\\/\",\"logo\":{\"@type\":\"ImageObject\",\"inLanguage\":\"cs\",\"@id\":\"https:\\\/\\\/oldtimerworks.com\\\/cs\\\/#\\\/schema\\\/logo\\\/image\\\/\",\"url\":\"https:\\\/\\\/oldtimerworks.com\\\/wp-content\\\/uploads\\\/2021\\\/03\\\/cropped-oldtimerworks.png\",\"contentUrl\":\"https:\\\/\\\/oldtimerworks.com\\\/wp-content\\\/uploads\\\/2021\\\/03\\\/cropped-oldtimerworks.png\",\"width\":512,\"height\":512,\"caption\":\"OldtimerWorks\"},\"image\":{\"@id\":\"https:\\\/\\\/oldtimerworks.com\\\/cs\\\/#\\\/schema\\\/logo\\\/image\\\/\"},\"sameAs\":[\"https:\\\/\\\/www.facebook.com\\\/oldtimerworks\"]}]}<\/script>\n<!-- \/ Yoast SEO plugin. -->","yoast_head_json":{"title":"Shipping and payment - OldtimerWorks","description":"Shipping and payment - We are shipping to whole Europe. The shipping time may vary by product. Some products are created directly for...","robots":{"index":"index","follow":"follow","max-snippet":"max-snippet:-1","max-image-preview":"max-image-preview:large","max-video-preview":"max-video-preview:-1"},"canonical":"https:\/\/oldtimerworks.com\/cs\/shipping-and-payment\/","og_locale":"cs_CZ","og_type":"article","og_title":"Shipping and payment - OldtimerWorks","og_description":"Shipping and payment - We are shipping to whole Europe. The shipping time may vary by product. Some products are created directly for...","og_url":"https:\/\/oldtimerworks.com\/cs\/shipping-and-payment\/","og_site_name":"OldtimerWorks","article_publisher":"https:\/\/www.facebook.com\/oldtimerworks","article_modified_time":"2023-09-11T09:07:15+00:00","twitter_card":"summary_large_image","twitter_misc":{"Odhadovan\u00e1 doba \u010dten\u00ed":"1 minuta"},"schema":{"@context":"https:\/\/schema.org","@graph":[{"@type":"WebPage","@id":"https:\/\/oldtimerworks.com\/shipping-and-payment\/","url":"https:\/\/oldtimerworks.com\/shipping-and-payment\/","name":"Shipping and payment - OldtimerWorks","isPartOf":{"@id":"https:\/\/oldtimerworks.com\/cs\/#website"},"datePublished":"2021-01-23T19:27:01+00:00","dateModified":"2023-09-11T09:07:15+00:00","description":"Shipping and payment - We are shipping to whole Europe. The shipping time may vary by product. Some products are created directly for...","breadcrumb":{"@id":"https:\/\/oldtimerworks.com\/shipping-and-payment\/#breadcrumb"},"inLanguage":"cs","potentialAction":[{"@type":"ReadAction","target":["https:\/\/oldtimerworks.com\/shipping-and-payment\/"]}]},{"@type":"BreadcrumbList","@id":"https:\/\/oldtimerworks.com\/shipping-and-payment\/#breadcrumb","itemListElement":[{"@type":"ListItem","position":1,"name":"Home","item":"https:\/\/oldtimerworks.com\/"},{"@type":"ListItem","position":2,"name":"Shipping and payment"}]},{"@type":"WebSite","@id":"https:\/\/oldtimerworks.com\/cs\/#website","url":"https:\/\/oldtimerworks.com\/cs\/","name":"OldtimerWorks","description":"E-Shop a slu\u017eby","publisher":{"@id":"https:\/\/oldtimerworks.com\/cs\/#organization"},"potentialAction":[{"@type":"SearchAction","target":{"@type":"EntryPoint","urlTemplate":"https:\/\/oldtimerworks.com\/cs\/?s={search_term_string}"},"query-input":{"@type":"PropertyValueSpecification","valueRequired":true,"valueName":"search_term_string"}}],"inLanguage":"cs"},{"@type":"Organization","@id":"https:\/\/oldtimerworks.com\/cs\/#organization","name":"OldtimerWorks","url":"https:\/\/oldtimerworks.com\/cs\/","logo":{"@type":"ImageObject","inLanguage":"cs","@id":"https:\/\/oldtimerworks.com\/cs\/#\/schema\/logo\/image\/","url":"https:\/\/oldtimerworks.com\/wp-content\/uploads\/2021\/03\/cropped-oldtimerworks.png","contentUrl":"https:\/\/oldtimerworks.com\/wp-content\/uploads\/2021\/03\/cropped-oldtimerworks.png","width":512,"height":512,"caption":"OldtimerWorks"},"image":{"@id":"https:\/\/oldtimerworks.com\/cs\/#\/schema\/logo\/image\/"},"sameAs":["https:\/\/www.facebook.com\/oldtimerworks"]}]}},"_links":{"self":[{"href":"https:\/\/oldtimerworks.com\/cs\/wp-json\/wp\/v2\/pages\/193","targetHints":{"allow":["GET"]}}],"collection":[{"href":"https:\/\/oldtimerworks.com\/cs\/wp-json\/wp\/v2\/pages"}],"about":[{"href":"https:\/\/oldtimerworks.com\/cs\/wp-json\/wp\/v2\/types\/page"}],"author":[{"embeddable":true,"href":"https:\/\/oldtimerworks.com\/cs\/wp-json\/wp\/v2\/users\/1"}],"replies":[{"embeddable":true,"href":"https:\/\/oldtimerworks.com\/cs\/wp-json\/wp\/v2\/comments?post=193"}],"version-history":[{"count":11,"href":"https:\/\/oldtimerworks.com\/cs\/wp-json\/wp\/v2\/pages\/193\/revisions"}],"predecessor-version":[{"id":1349,"href":"https:\/\/oldtimerworks.com\/cs\/wp-json\/wp\/v2\/pages\/193\/revisions\/1349"}],"wp:attachment":[{"href":"https:\/\/oldtimerworks.com\/cs\/wp-json\/wp\/v2\/media?parent=193"}],"curies":[{"name":"wp","href":"https:\/\/api.w.org\/{rel}","templated":true}]}}